{"id":125,"date":"2018-12-27T11:21:13","date_gmt":"2018-12-27T11:21:13","guid":{"rendered":"http:\/\/localhost:8080\/alternactiva\/?page_id=125"},"modified":"2023-09-08T12:23:00","modified_gmt":"2023-09-08T12:23:00","slug":"faca-nos-uma-doacao","status":"publish","type":"page","link":"https:\/\/alternactiva.co.mz\/en\/faca-nos-uma-doacao\/","title":{"rendered":"Fa\u00e7a-nos uma doa\u00e7\u00e3o"},"content":{"rendered":"<div data-elementor-type=\"wp-page\" data-elementor-id=\"125\" class=\"elementor elementor-125\">\n\t\t\t\t\t\t\t\t\t<section class=\"elementor-section elementor-top-section elementor-element elementor-element-12c92f66 elementor-section-boxed elementor-section-height-default elementor-section-height-default\" data-id=\"12c92f66\" data-element_type=\"section\">\n\t\t\t\t\t\t<div class=\"elementor-container elementor-column-gap-default\">\n\t\t\t\t\t<div class=\"elementor-column elementor-col-100 elementor-top-column elementor-element elementor-element-776fd13f\" data-id=\"776fd13f\" data-element_type=\"column\">\n\t\t\t<div class=\"elementor-widget-wrap elementor-element-populated\">\n\t\t\t\t\t\t\t\t<div class=\"elementor-element elementor-element-3455822a elementor-widget elementor-widget-text-editor\" data-id=\"3455822a\" data-element_type=\"widget\" data-widget_type=\"text-editor.default\">\n\t\t\t\t<div class=\"elementor-widget-container\">\n\t\t\t<style>\/*! elementor - v3.16.0 - 13-09-2023 *\/\n.elementor-widget-text-editor.elementor-drop-cap-view-stacked .elementor-drop-cap{background-color:#69727d;color:#fff}.elementor-widget-text-editor.elementor-drop-cap-view-framed .elementor-drop-cap{color:#69727d;border:3px solid;background-color:transparent}.elementor-widget-text-editor:not(.elementor-drop-cap-view-default) .elementor-drop-cap{margin-top:8px}.elementor-widget-text-editor:not(.elementor-drop-cap-view-default) .elementor-drop-cap-letter{width:1em;height:1em}.elementor-widget-text-editor .elementor-drop-cap{float:left;text-align:center;line-height:1;font-size:50px}.elementor-widget-text-editor .elementor-drop-cap-letter{display:inline-block}<\/style>\t\t\t\t<p>Apesar de trabalharmos maioritariamente de forma volunt\u00e1ria, a realiza\u00e7\u00e3o das nossas actividades, interven\u00e7\u00f5es e ac\u00e7\u00f5es, assim como manuten\u00e7\u00e3o da nossa plataforma envolve custos. Por isso aceitamos doa\u00e7\u00f5es. Note-se que <strong>Alternactiva<\/strong> pretende continuar a ser independente de qualquer entidade ou institui\u00e7\u00e3o e assim manter sua autonomia ideol\u00f3gica, editorial e metodol\u00f3gica.<\/p>\t\t\t\t\t\t<\/div>\n\t\t\t\t<\/div>\n\t\t\t\t\t<\/div>\n\t\t<\/div>\n\t\t\t\t\t\t\t<\/div>\n\t\t<\/section>\n\t\t\t\t<section class=\"elementor-section elementor-top-section elementor-element elementor-element-2e14656 elementor-section-boxed elementor-section-height-default elementor-section-height-default\" data-id=\"2e14656\" data-element_type=\"section\">\n\t\t\t\t\t\t<div class=\"elementor-container elementor-column-gap-default\">\n\t\t\t\t\t<div class=\"elementor-column elementor-col-50 elementor-top-column elementor-element elementor-element-87d6bb9\" data-id=\"87d6bb9\" data-element_type=\"column\">\n\t\t\t<div class=\"elementor-widget-wrap elementor-element-populated\">\n\t\t\t\t\t\t\t\t<div class=\"elementor-element elementor-element-f57fe20 elementor-widget elementor-widget-text-editor\" data-id=\"f57fe20\" data-element_type=\"widget\" data-widget_type=\"text-editor.default\">\n\t\t\t\t<div class=\"elementor-widget-container\">\n\t\t\t\t\t\t\t<p><strong>DADOS BANC\u00c1RIOS<\/strong><\/p><p><strong>Nome da conta:<\/strong> ASSOC ALTERNATIVA-ACCAO EM. SOCIAL<br \/><strong>Nr\u00ba da Conta:<\/strong> 1098902161008<br \/><strong>C\u00f3digo do Balc\u00e3o:<\/strong> 109<br \/><strong>Balc\u00e3o:<\/strong> S09 A.JOAQUIM CHISSANO<br \/><strong>NIB:<\/strong> 000301090890216100870<br \/><strong>IBAN:<\/strong> MZ59000301090890216100870<br \/><strong>SWIFT:<\/strong> SBICMZMX<br \/><strong>Moeda:<\/strong> MZN<\/p>\t\t\t\t\t\t<\/div>\n\t\t\t\t<\/div>\n\t\t\t\t\t<\/div>\n\t\t<\/div>\n\t\t\t\t<div class=\"elementor-column elementor-col-50 elementor-top-column elementor-element elementor-element-45b5abe\" data-id=\"45b5abe\" data-element_type=\"column\">\n\t\t\t<div class=\"elementor-widget-wrap elementor-element-populated\">\n\t\t\t\t\t\t\t\t<div class=\"elementor-element elementor-element-2a83a9a elementor-widget elementor-widget-text-editor\" data-id=\"2a83a9a\" data-element_type=\"widget\" data-widget_type=\"text-editor.default\">\n\t\t\t\t<div class=\"elementor-widget-container\">\n\t\t\t\t\t\t\t\t\t\t\t\t\t<\/div>\n\t\t\t\t<\/div>\n\t\t\t\t\t<\/div>\n\t\t<\/div>\n\t\t\t\t\t\t\t<\/div>\n\t\t<\/section>\n\t\t\t\t\t\t\t<\/div>","protected":false},"excerpt":{"rendered":"<p>Apesar de trabalharmos maioritariamente de forma volunt\u00e1ria, a realiza\u00e7\u00e3o das nossas actividades, interven\u00e7\u00f5es e ac\u00e7\u00f5es, assim como manuten\u00e7\u00e3o da nossa plataforma envolve custos. Por isso aceitamos doa\u00e7\u00f5es. Note-se que Alternactiva pretende continuar a ser independente de qualquer entidade ou institui\u00e7\u00e3o e assim manter sua autonomia ideol\u00f3gica, editorial e metodol\u00f3gica. DADOS BANC\u00c1RIOS Nome da conta: ASSOC [&hellip;]<\/p>","protected":false},"author":1,"featured_media":0,"parent":0,"menu_order":0,"comment_status":"closed","ping_status":"closed","template":"","meta":{"footnotes":""},"class_list":["post-125","page","type-page","status-publish","hentry"],"yoast_head":"<!-- This site is optimized with the Yoast SEO plugin v24.0 - https:\/\/yoast.com\/wordpress\/plugins\/seo\/ -->\n<title>Fa\u00e7a-nos uma doa\u00e7\u00e3o - Alternactiva<\/title>\n<meta name=\"robots\" content=\"index, follow, max-snippet:-1, max-image-preview:large, max-video-preview:-1\" \/>\n<link rel=\"canonical\" href=\"https:\/\/alternactiva.co.mz\/en\/faca-nos-uma-doacao\/\" \/>\n<meta property=\"og:locale\" content=\"en_GB\" \/>\n<meta property=\"og:type\" content=\"article\" \/>\n<meta property=\"og:title\" content=\"Fa\u00e7a-nos uma doa\u00e7\u00e3o - Alternactiva\" \/>\n<meta property=\"og:description\" content=\"Apesar de trabalharmos maioritariamente de forma volunt\u00e1ria, a realiza\u00e7\u00e3o das nossas actividades, interven\u00e7\u00f5es e ac\u00e7\u00f5es, assim como manuten\u00e7\u00e3o da nossa plataforma envolve custos. Por isso aceitamos doa\u00e7\u00f5es. Note-se que Alternactiva pretende continuar a ser independente de qualquer entidade ou institui\u00e7\u00e3o e assim manter sua autonomia ideol\u00f3gica, editorial e metodol\u00f3gica. DADOS BANC\u00c1RIOS Nome da conta: ASSOC [&hellip;]\" \/>\n<meta property=\"og:url\" content=\"https:\/\/alternactiva.co.mz\/en\/faca-nos-uma-doacao\/\" \/>\n<meta property=\"og:site_name\" content=\"Alternactiva\" \/>\n<meta property=\"article:publisher\" content=\"https:\/\/www.facebook.com\/Alternactiva-771376996531249\" \/>\n<meta property=\"article:modified_time\" content=\"2023-09-08T12:23:00+00:00\" \/>\n<meta name=\"twitter:card\" content=\"summary_large_image\" \/>\n<meta name=\"twitter:site\" content=\"@AlternactivaMZ\" \/>\n<meta name=\"twitter:label1\" content=\"Estimated reading time\" \/>\n\t<meta name=\"twitter:data1\" content=\"1 minute\" \/>\n<script type=\"application\/ld+json\" class=\"yoast-schema-graph\">{\"@context\":\"https:\/\/schema.org\",\"@graph\":[{\"@type\":\"WebPage\",\"@id\":\"https:\/\/alternactiva.co.mz\/faca-nos-uma-doacao\/\",\"url\":\"https:\/\/alternactiva.co.mz\/faca-nos-uma-doacao\/\",\"name\":\"Fa\u00e7a-nos uma doa\u00e7\u00e3o - Alternactiva\",\"isPartOf\":{\"@id\":\"https:\/\/alternactiva.co.mz\/#website\"},\"datePublished\":\"2018-12-27T11:21:13+00:00\",\"dateModified\":\"2023-09-08T12:23:00+00:00\",\"breadcrumb\":{\"@id\":\"https:\/\/alternactiva.co.mz\/faca-nos-uma-doacao\/#breadcrumb\"},\"inLanguage\":\"en-GB\",\"potentialAction\":[{\"@type\":\"ReadAction\",\"target\":[\"https:\/\/alternactiva.co.mz\/faca-nos-uma-doacao\/\"]}]},{\"@type\":\"BreadcrumbList\",\"@id\":\"https:\/\/alternactiva.co.mz\/faca-nos-uma-doacao\/#breadcrumb\",\"itemListElement\":[{\"@type\":\"ListItem\",\"position\":1,\"name\":\"Home\",\"item\":\"https:\/\/alternactiva.co.mz\/\"},{\"@type\":\"ListItem\",\"position\":2,\"name\":\"Fa\u00e7a-nos uma doa\u00e7\u00e3o\"}]},{\"@type\":\"WebSite\",\"@id\":\"https:\/\/alternactiva.co.mz\/#website\",\"url\":\"https:\/\/alternactiva.co.mz\/\",\"name\":\"Alternactiva\",\"description\":\"\",\"publisher\":{\"@id\":\"https:\/\/alternactiva.co.mz\/#organization\"},\"potentialAction\":[{\"@type\":\"SearchAction\",\"target\":{\"@type\":\"EntryPoint\",\"urlTemplate\":\"https:\/\/alternactiva.co.mz\/?s={search_term_string}\"},\"query-input\":{\"@type\":\"PropertyValueSpecification\",\"valueRequired\":true,\"valueName\":\"search_term_string\"}}],\"inLanguage\":\"en-GB\"},{\"@type\":\"Organization\",\"@id\":\"https:\/\/alternactiva.co.mz\/#organization\",\"name\":\"Alternactiva\",\"url\":\"https:\/\/alternactiva.co.mz\/\",\"logo\":{\"@type\":\"ImageObject\",\"inLanguage\":\"en-GB\",\"@id\":\"https:\/\/alternactiva.co.mz\/#\/schema\/logo\/image\/\",\"url\":\"https:\/\/alternactiva.co.mz\/wp-content\/uploads\/2023\/05\/alternactiva-white.png\",\"contentUrl\":\"https:\/\/alternactiva.co.mz\/wp-content\/uploads\/2023\/05\/alternactiva-white.png\",\"width\":300,\"height\":171,\"caption\":\"Alternactiva\"},\"image\":{\"@id\":\"https:\/\/alternactiva.co.mz\/#\/schema\/logo\/image\/\"},\"sameAs\":[\"https:\/\/www.facebook.com\/Alternactiva-771376996531249\",\"https:\/\/x.com\/AlternactivaMZ\",\"https:\/\/www.instagram.com\/alternactivamoz\/\",\"https:\/\/www.youtube.com\/@alternactivaplataforma4685\"]}]}<\/script>\n<!-- \/ Yoast SEO plugin. -->","yoast_head_json":{"title":"Fa\u00e7a-nos uma doa\u00e7\u00e3o - Alternactiva","robots":{"index":"index","follow":"follow","max-snippet":"max-snippet:-1","max-image-preview":"max-image-preview:large","max-video-preview":"max-video-preview:-1"},"canonical":"https:\/\/alternactiva.co.mz\/en\/faca-nos-uma-doacao\/","og_locale":"en_GB","og_type":"article","og_title":"Fa\u00e7a-nos uma doa\u00e7\u00e3o - Alternactiva","og_description":"Apesar de trabalharmos maioritariamente de forma volunt\u00e1ria, a realiza\u00e7\u00e3o das nossas actividades, interven\u00e7\u00f5es e ac\u00e7\u00f5es, assim como manuten\u00e7\u00e3o da nossa plataforma envolve custos. Por isso aceitamos doa\u00e7\u00f5es. Note-se que Alternactiva pretende continuar a ser independente de qualquer entidade ou institui\u00e7\u00e3o e assim manter sua autonomia ideol\u00f3gica, editorial e metodol\u00f3gica. DADOS BANC\u00c1RIOS Nome da conta: ASSOC [&hellip;]","og_url":"https:\/\/alternactiva.co.mz\/en\/faca-nos-uma-doacao\/","og_site_name":"Alternactiva","article_publisher":"https:\/\/www.facebook.com\/Alternactiva-771376996531249","article_modified_time":"2023-09-08T12:23:00+00:00","twitter_card":"summary_large_image","twitter_site":"@AlternactivaMZ","twitter_misc":{"Estimated reading time":"1 minute"},"schema":{"@context":"https:\/\/schema.org","@graph":[{"@type":"WebPage","@id":"https:\/\/alternactiva.co.mz\/faca-nos-uma-doacao\/","url":"https:\/\/alternactiva.co.mz\/faca-nos-uma-doacao\/","name":"Fa\u00e7a-nos uma doa\u00e7\u00e3o - Alternactiva","isPartOf":{"@id":"https:\/\/alternactiva.co.mz\/#website"},"datePublished":"2018-12-27T11:21:13+00:00","dateModified":"2023-09-08T12:23:00+00:00","breadcrumb":{"@id":"https:\/\/alternactiva.co.mz\/faca-nos-uma-doacao\/#breadcrumb"},"inLanguage":"en-GB","potentialAction":[{"@type":"ReadAction","target":["https:\/\/alternactiva.co.mz\/faca-nos-uma-doacao\/"]}]},{"@type":"BreadcrumbList","@id":"https:\/\/alternactiva.co.mz\/faca-nos-uma-doacao\/#breadcrumb","itemListElement":[{"@type":"ListItem","position":1,"name":"Home","item":"https:\/\/alternactiva.co.mz\/"},{"@type":"ListItem","position":2,"name":"Fa\u00e7a-nos uma doa\u00e7\u00e3o"}]},{"@type":"WebSite","@id":"https:\/\/alternactiva.co.mz\/#website","url":"https:\/\/alternactiva.co.mz\/","name":"Alternactiva","description":"","publisher":{"@id":"https:\/\/alternactiva.co.mz\/#organization"},"potentialAction":[{"@type":"SearchAction","target":{"@type":"EntryPoint","urlTemplate":"https:\/\/alternactiva.co.mz\/?s={search_term_string}"},"query-input":{"@type":"PropertyValueSpecification","valueRequired":true,"valueName":"search_term_string"}}],"inLanguage":"en-GB"},{"@type":"Organization","@id":"https:\/\/alternactiva.co.mz\/#organization","name":"Alternactiva","url":"https:\/\/alternactiva.co.mz\/","logo":{"@type":"ImageObject","inLanguage":"en-GB","@id":"https:\/\/alternactiva.co.mz\/#\/schema\/logo\/image\/","url":"https:\/\/alternactiva.co.mz\/wp-content\/uploads\/2023\/05\/alternactiva-white.png","contentUrl":"https:\/\/alternactiva.co.mz\/wp-content\/uploads\/2023\/05\/alternactiva-white.png","width":300,"height":171,"caption":"Alternactiva"},"image":{"@id":"https:\/\/alternactiva.co.mz\/#\/schema\/logo\/image\/"},"sameAs":["https:\/\/www.facebook.com\/Alternactiva-771376996531249","https:\/\/x.com\/AlternactivaMZ","https:\/\/www.instagram.com\/alternactivamoz\/","https:\/\/www.youtube.com\/@alternactivaplataforma4685"]}]}},"_links":{"self":[{"href":"https:\/\/alternactiva.co.mz\/en\/wp-json\/wp\/v2\/pages\/125","targetHints":{"allow":["GET"]}}],"collection":[{"href":"https:\/\/alternactiva.co.mz\/en\/wp-json\/wp\/v2\/pages"}],"about":[{"href":"https:\/\/alternactiva.co.mz\/en\/wp-json\/wp\/v2\/types\/page"}],"author":[{"embeddable":true,"href":"https:\/\/alternactiva.co.mz\/en\/wp-json\/wp\/v2\/users\/1"}],"replies":[{"embeddable":true,"href":"https:\/\/alternactiva.co.mz\/en\/wp-json\/wp\/v2\/comments?post=125"}],"version-history":[{"count":24,"href":"https:\/\/alternactiva.co.mz\/en\/wp-json\/wp\/v2\/pages\/125\/revisions"}],"predecessor-version":[{"id":2650,"href":"https:\/\/alternactiva.co.mz\/en\/wp-json\/wp\/v2\/pages\/125\/revisions\/2650"}],"wp:attachment":[{"href":"https:\/\/alternactiva.co.mz\/en\/wp-json\/wp\/v2\/media?parent=125"}],"curies":[{"name":"wp","href":"https:\/\/api.w.org\/{rel}","templated":true}]}}