{"id":1436,"date":"2023-06-01T15:40:27","date_gmt":"2023-06-01T15:40:27","guid":{"rendered":"http:\/\/alternactiva.co.mz\/?page_id=1436"},"modified":"2023-09-08T12:20:41","modified_gmt":"2023-09-08T12:20:41","slug":"assembleia-geral","status":"publish","type":"page","link":"https:\/\/alternactiva.co.mz\/en\/assembleia-geral\/","title":{"rendered":"General Assembly"},"content":{"rendered":"<div data-elementor-type=\"wp-page\" data-elementor-id=\"1436\" class=\"elementor elementor-1436\">\n\t\t\t\t\t\t\t\t\t<section class=\"elementor-section elementor-top-section elementor-element elementor-element-0f79d98 elementor-section-boxed elementor-section-height-default elementor-section-height-default\" data-id=\"0f79d98\" data-element_type=\"section\">\n\t\t\t\t\t\t<div class=\"elementor-container elementor-column-gap-default\">\n\t\t\t\t\t<div class=\"elementor-column elementor-col-100 elementor-top-column elementor-element elementor-element-46d6a98\" data-id=\"46d6a98\" data-element_type=\"column\">\n\t\t\t<div class=\"elementor-widget-wrap elementor-element-populated\">\n\t\t\t\t\t\t\t\t<section class=\"elementor-section elementor-inner-section elementor-element elementor-element-16c1a74 elementor-section-boxed elementor-section-height-default elementor-section-height-default\" data-id=\"16c1a74\" data-element_type=\"section\">\n\t\t\t\t\t\t<div class=\"elementor-container elementor-column-gap-default\">\n\t\t\t\t\t<div class=\"elementor-column elementor-col-50 elementor-inner-column elementor-element elementor-element-2b6c3e6\" data-id=\"2b6c3e6\" data-element_type=\"column\">\n\t\t\t<div class=\"elementor-widget-wrap elementor-element-populated\">\n\t\t\t\t\t\t\t\t<div class=\"elementor-element elementor-element-78dcfea elementor-widget elementor-widget-image\" data-id=\"78dcfea\" data-element_type=\"widget\" data-widget_type=\"image.default\">\n\t\t\t\t<div class=\"elementor-widget-container\">\n\t\t\t<style>\/*! elementor - v3.16.0 - 13-09-2023 *\/\n.elementor-widget-image{text-align:center}.elementor-widget-image a{display:inline-block}.elementor-widget-image a img[src$=\".svg\"]{width:48px}.elementor-widget-image img{vertical-align:middle;display:inline-block}<\/style>\t\t\t\t\t\t\t\t\t\t\t\t<img loading=\"lazy\" decoding=\"async\" width=\"800\" height=\"800\" src=\"https:\/\/alternactiva.co.mz\/wp-content\/uploads\/2023\/06\/edgar-bernardo.jpg\" class=\"attachment-large size-large wp-image-1450\" alt=\"\" srcset=\"https:\/\/alternactiva.co.mz\/wp-content\/uploads\/2023\/06\/edgar-bernardo.jpg 800w, https:\/\/alternactiva.co.mz\/wp-content\/uploads\/2023\/06\/edgar-bernardo-300x300.jpg 300w, https:\/\/alternactiva.co.mz\/wp-content\/uploads\/2023\/06\/edgar-bernardo-150x150.jpg 150w, https:\/\/alternactiva.co.mz\/wp-content\/uploads\/2023\/06\/edgar-bernardo-768x768.jpg 768w\" sizes=\"auto, (max-width: 800px) 100vw, 800px\" \/>\t\t\t\t\t\t\t\t\t\t\t\t\t\t\t<\/div>\n\t\t\t\t<\/div>\n\t\t\t\t\t<\/div>\n\t\t<\/div>\n\t\t\t\t<div class=\"elementor-column elementor-col-50 elementor-inner-column elementor-element elementor-element-4071b58\" data-id=\"4071b58\" data-element_type=\"column\">\n\t\t\t<div class=\"elementor-widget-wrap elementor-element-populated\">\n\t\t\t\t\t\t\t\t<div class=\"elementor-element elementor-element-385c7c3 elementor-widget elementor-widget-heading\" data-id=\"385c7c3\" data-element_type=\"widget\" data-widget_type=\"heading.default\">\n\t\t\t\t<div class=\"elementor-widget-container\">\n\t\t\t<style>\/*! elementor - v3.16.0 - 13-09-2023 *\/\n.elementor-heading-title{padding:0;margin:0;line-height:1}.elementor-widget-heading .elementor-heading-title[class*=elementor-size-]>a{color:inherit;font-size:inherit;line-height:inherit}.elementor-widget-heading .elementor-heading-title.elementor-size-small{font-size:15px}.elementor-widget-heading .elementor-heading-title.elementor-size-medium{font-size:19px}.elementor-widget-heading .elementor-heading-title.elementor-size-large{font-size:29px}.elementor-widget-heading .elementor-heading-title.elementor-size-xl{font-size:39px}.elementor-widget-heading .elementor-heading-title.elementor-size-xxl{font-size:59px}<\/style><h2 class=\"elementor-heading-title elementor-size-default\">Edgar Bernardo<\/h2>\t\t<\/div>\n\t\t\t\t<\/div>\n\t\t\t\t<div class=\"elementor-element elementor-element-be2c71f elementor-widget elementor-widget-heading\" data-id=\"be2c71f\" data-element_type=\"widget\" data-widget_type=\"heading.default\">\n\t\t\t\t<div class=\"elementor-widget-container\">\n\t\t\t<h2 class=\"elementor-heading-title elementor-size-default\">Chairman of the Board of the General Assembly <\/h2>\t\t<\/div>\n\t\t\t\t<\/div>\n\t\t\t\t<div class=\"elementor-element elementor-element-60b8329 elementor-widget elementor-widget-text-editor\" data-id=\"60b8329\" data-element_type=\"widget\" data-widget_type=\"text-editor.default\">\n\t\t\t\t<div class=\"elementor-widget-container\">\n\t\t\t<style>\/*! elementor - v3.16.0 - 13-09-2023 *\/\n.elementor-widget-text-editor.elementor-drop-cap-view-stacked .elementor-drop-cap{background-color:#69727d;color:#fff}.elementor-widget-text-editor.elementor-drop-cap-view-framed .elementor-drop-cap{color:#69727d;border:3px solid;background-color:transparent}.elementor-widget-text-editor:not(.elementor-drop-cap-view-default) .elementor-drop-cap{margin-top:8px}.elementor-widget-text-editor:not(.elementor-drop-cap-view-default) .elementor-drop-cap-letter{width:1em;height:1em}.elementor-widget-text-editor .elementor-drop-cap{float:left;text-align:center;line-height:1;font-size:50px}.elementor-widget-text-editor .elementor-drop-cap-letter{display:inline-block}<\/style>\t\t\t\t<p>With 10 years of experience in gender integration in development programs, youth participation, male involvement in SRHR and GBV prevention. She began her career as a volunteer in several civil society organizations. She later assumed several leadership positions in the field of Gender, Masculinities, SRHR, GBV. She is currently the National Coordinator of HOPEM, a Civil Society Organization working on Male Engagement to Promote Gender Equality, SRHR and GBV prevention<\/p>\t\t\t\t\t\t<\/div>\n\t\t\t\t<\/div>\n\t\t\t\t\t<\/div>\n\t\t<\/div>\n\t\t\t\t\t\t\t<\/div>\n\t\t<\/section>\n\t\t\t\t<section class=\"elementor-section elementor-inner-section elementor-element elementor-element-2e3202b elementor-section-boxed elementor-section-height-default elementor-section-height-default\" data-id=\"2e3202b\" data-element_type=\"section\">\n\t\t\t\t\t\t<div class=\"elementor-container elementor-column-gap-default\">\n\t\t\t\t\t<div class=\"elementor-column elementor-col-50 elementor-inner-column elementor-element elementor-element-80298f4\" data-id=\"80298f4\" data-element_type=\"column\">\n\t\t\t<div class=\"elementor-widget-wrap elementor-element-populated\">\n\t\t\t\t\t\t\t\t<div class=\"elementor-element elementor-element-8a594e4 elementor-widget elementor-widget-image\" data-id=\"8a594e4\" data-element_type=\"widget\" data-widget_type=\"image.default\">\n\t\t\t\t<div class=\"elementor-widget-container\">\n\t\t\t\t\t\t\t\t\t\t\t\t\t\t\t<img loading=\"lazy\" decoding=\"async\" width=\"800\" height=\"800\" src=\"https:\/\/alternactiva.co.mz\/wp-content\/uploads\/2023\/06\/Nzira-de-Deus.jpg\" class=\"attachment-large size-large wp-image-1468\" alt=\"\" srcset=\"https:\/\/alternactiva.co.mz\/wp-content\/uploads\/2023\/06\/Nzira-de-Deus.jpg 800w, https:\/\/alternactiva.co.mz\/wp-content\/uploads\/2023\/06\/Nzira-de-Deus-300x300.jpg 300w, https:\/\/alternactiva.co.mz\/wp-content\/uploads\/2023\/06\/Nzira-de-Deus-150x150.jpg 150w, https:\/\/alternactiva.co.mz\/wp-content\/uploads\/2023\/06\/Nzira-de-Deus-768x768.jpg 768w\" sizes=\"auto, (max-width: 800px) 100vw, 800px\" \/>\t\t\t\t\t\t\t\t\t\t\t\t\t\t\t<\/div>\n\t\t\t\t<\/div>\n\t\t\t\t\t<\/div>\n\t\t<\/div>\n\t\t\t\t<div class=\"elementor-column elementor-col-50 elementor-inner-column elementor-element elementor-element-7c5c98e\" data-id=\"7c5c98e\" data-element_type=\"column\">\n\t\t\t<div class=\"elementor-widget-wrap elementor-element-populated\">\n\t\t\t\t\t\t\t\t<div class=\"elementor-element elementor-element-b586988 elementor-widget elementor-widget-heading\" data-id=\"b586988\" data-element_type=\"widget\" data-widget_type=\"heading.default\">\n\t\t\t\t<div class=\"elementor-widget-container\">\n\t\t\t<h2 class=\"elementor-heading-title elementor-size-default\">Nzira de Deus <\/h2>\t\t<\/div>\n\t\t\t\t<\/div>\n\t\t\t\t<div class=\"elementor-element elementor-element-94b234b elementor-widget elementor-widget-heading\" data-id=\"94b234b\" data-element_type=\"widget\" data-widget_type=\"heading.default\">\n\t\t\t\t<div class=\"elementor-widget-container\">\n\t\t\t<h2 class=\"elementor-heading-title elementor-size-default\">Secretary<\/h2>\t\t<\/div>\n\t\t\t\t<\/div>\n\t\t\t\t<div class=\"elementor-element elementor-element-e8a8bf9 elementor-widget elementor-widget-text-editor\" data-id=\"e8a8bf9\" data-element_type=\"widget\" data-widget_type=\"text-editor.default\">\n\t\t\t\t<div class=\"elementor-widget-container\">\n\t\t\t\t\t\t\t<p>She is an activist for Women's Rights and LGBT Rights. She is an activist for the World March of Women and has participated in several national and international events that discuss women's equality in Mozambique and Africa. She is Executive Director of F\u00f3rum Mulher.)<\/p>\t\t\t\t\t\t<\/div>\n\t\t\t\t<\/div>\n\t\t\t\t\t<\/div>\n\t\t<\/div>\n\t\t\t\t\t\t\t<\/div>\n\t\t<\/section>\n\t\t\t\t\t<\/div>\n\t\t<\/div>\n\t\t\t\t\t\t\t<\/div>\n\t\t<\/section>\n\t\t\t\t\t\t\t<\/div>","protected":false},"excerpt":{"rendered":"<p>Edgar Bernardo Presidente da mesa da Assembleia Geral Com 10 anos de experi\u00eancia na integra\u00e7\u00e3o do g\u00e9nero em programas de desenvolvimento, participa\u00e7\u00e3o juvenil, envolvimento masculino na preven\u00e7\u00e3o de SRHR e GBV. Comecou a carreira como volunt\u00e1ria em v\u00e1rias organiza\u00e7\u00f5es da sociedade civil. Mais tarde, assumiu v\u00e1rias posi\u00e7\u00f5es de lideran\u00e7a no campo do G\u00e9nero, Masculinidades, SRHR, [&hellip;]<\/p>","protected":false},"author":1,"featured_media":0,"parent":0,"menu_order":0,"comment_status":"closed","ping_status":"closed","template":"","meta":{"footnotes":""},"class_list":["post-1436","page","type-page","status-publish","hentry"],"yoast_head":"<!-- This site is optimized with the Yoast SEO plugin v24.0 - https:\/\/yoast.com\/wordpress\/plugins\/seo\/ -->\n<title>Assembleia Geral - Alternactiva<\/title>\n<meta name=\"robots\" content=\"index, follow, max-snippet:-1, max-image-preview:large, max-video-preview:-1\" \/>\n<link rel=\"canonical\" href=\"https:\/\/alternactiva.co.mz\/en\/assembleia-geral\/\" \/>\n<meta property=\"og:locale\" content=\"en_GB\" \/>\n<meta property=\"og:type\" content=\"article\" \/>\n<meta property=\"og:title\" content=\"Assembleia Geral - Alternactiva\" \/>\n<meta property=\"og:description\" content=\"Edgar Bernardo Presidente da mesa da Assembleia Geral Com 10 anos de experi\u00eancia na integra\u00e7\u00e3o do g\u00e9nero em programas de desenvolvimento, participa\u00e7\u00e3o juvenil, envolvimento masculino na preven\u00e7\u00e3o de SRHR e GBV. Comecou a carreira como volunt\u00e1ria em v\u00e1rias organiza\u00e7\u00f5es da sociedade civil. Mais tarde, assumiu v\u00e1rias posi\u00e7\u00f5es de lideran\u00e7a no campo do G\u00e9nero, Masculinidades, SRHR, [&hellip;]\" \/>\n<meta property=\"og:url\" content=\"https:\/\/alternactiva.co.mz\/en\/assembleia-geral\/\" \/>\n<meta property=\"og:site_name\" content=\"Alternactiva\" \/>\n<meta property=\"article:publisher\" content=\"https:\/\/www.facebook.com\/Alternactiva-771376996531249\" \/>\n<meta property=\"article:modified_time\" content=\"2023-09-08T12:20:41+00:00\" \/>\n<meta property=\"og:image\" content=\"http:\/\/alternactiva.co.mz\/wp-content\/uploads\/2023\/06\/edgar-bernardo.jpg\" \/>\n<meta name=\"twitter:card\" content=\"summary_large_image\" \/>\n<meta name=\"twitter:site\" content=\"@AlternactivaMZ\" \/>\n<meta name=\"twitter:label1\" content=\"Estimated reading time\" \/>\n\t<meta name=\"twitter:data1\" content=\"1 minute\" \/>\n<script type=\"application\/ld+json\" class=\"yoast-schema-graph\">{\"@context\":\"https:\/\/schema.org\",\"@graph\":[{\"@type\":\"WebPage\",\"@id\":\"https:\/\/alternactiva.co.mz\/assembleia-geral\/\",\"url\":\"https:\/\/alternactiva.co.mz\/assembleia-geral\/\",\"name\":\"Assembleia Geral - Alternactiva\",\"isPartOf\":{\"@id\":\"https:\/\/alternactiva.co.mz\/#website\"},\"primaryImageOfPage\":{\"@id\":\"https:\/\/alternactiva.co.mz\/assembleia-geral\/#primaryimage\"},\"image\":{\"@id\":\"https:\/\/alternactiva.co.mz\/assembleia-geral\/#primaryimage\"},\"thumbnailUrl\":\"http:\/\/alternactiva.co.mz\/wp-content\/uploads\/2023\/06\/edgar-bernardo.jpg\",\"datePublished\":\"2023-06-01T15:40:27+00:00\",\"dateModified\":\"2023-09-08T12:20:41+00:00\",\"breadcrumb\":{\"@id\":\"https:\/\/alternactiva.co.mz\/assembleia-geral\/#breadcrumb\"},\"inLanguage\":\"en-GB\",\"potentialAction\":[{\"@type\":\"ReadAction\",\"target\":[\"https:\/\/alternactiva.co.mz\/assembleia-geral\/\"]}]},{\"@type\":\"ImageObject\",\"inLanguage\":\"en-GB\",\"@id\":\"https:\/\/alternactiva.co.mz\/assembleia-geral\/#primaryimage\",\"url\":\"http:\/\/alternactiva.co.mz\/wp-content\/uploads\/2023\/06\/edgar-bernardo.jpg\",\"contentUrl\":\"http:\/\/alternactiva.co.mz\/wp-content\/uploads\/2023\/06\/edgar-bernardo.jpg\"},{\"@type\":\"BreadcrumbList\",\"@id\":\"https:\/\/alternactiva.co.mz\/assembleia-geral\/#breadcrumb\",\"itemListElement\":[{\"@type\":\"ListItem\",\"position\":1,\"name\":\"Home\",\"item\":\"https:\/\/alternactiva.co.mz\/\"},{\"@type\":\"ListItem\",\"position\":2,\"name\":\"Assembleia Geral\"}]},{\"@type\":\"WebSite\",\"@id\":\"https:\/\/alternactiva.co.mz\/#website\",\"url\":\"https:\/\/alternactiva.co.mz\/\",\"name\":\"Alternactiva\",\"description\":\"\",\"publisher\":{\"@id\":\"https:\/\/alternactiva.co.mz\/#organization\"},\"potentialAction\":[{\"@type\":\"SearchAction\",\"target\":{\"@type\":\"EntryPoint\",\"urlTemplate\":\"https:\/\/alternactiva.co.mz\/?s={search_term_string}\"},\"query-input\":{\"@type\":\"PropertyValueSpecification\",\"valueRequired\":true,\"valueName\":\"search_term_string\"}}],\"inLanguage\":\"en-GB\"},{\"@type\":\"Organization\",\"@id\":\"https:\/\/alternactiva.co.mz\/#organization\",\"name\":\"Alternactiva\",\"url\":\"https:\/\/alternactiva.co.mz\/\",\"logo\":{\"@type\":\"ImageObject\",\"inLanguage\":\"en-GB\",\"@id\":\"https:\/\/alternactiva.co.mz\/#\/schema\/logo\/image\/\",\"url\":\"https:\/\/alternactiva.co.mz\/wp-content\/uploads\/2023\/05\/alternactiva-white.png\",\"contentUrl\":\"https:\/\/alternactiva.co.mz\/wp-content\/uploads\/2023\/05\/alternactiva-white.png\",\"width\":300,\"height\":171,\"caption\":\"Alternactiva\"},\"image\":{\"@id\":\"https:\/\/alternactiva.co.mz\/#\/schema\/logo\/image\/\"},\"sameAs\":[\"https:\/\/www.facebook.com\/Alternactiva-771376996531249\",\"https:\/\/x.com\/AlternactivaMZ\",\"https:\/\/www.instagram.com\/alternactivamoz\/\",\"https:\/\/www.youtube.com\/@alternactivaplataforma4685\"]}]}<\/script>\n<!-- \/ Yoast SEO plugin. -->","yoast_head_json":{"title":"Assembleia Geral - Alternactiva","robots":{"index":"index","follow":"follow","max-snippet":"max-snippet:-1","max-image-preview":"max-image-preview:large","max-video-preview":"max-video-preview:-1"},"canonical":"https:\/\/alternactiva.co.mz\/en\/assembleia-geral\/","og_locale":"en_GB","og_type":"article","og_title":"Assembleia Geral - Alternactiva","og_description":"Edgar Bernardo Presidente da mesa da Assembleia Geral Com 10 anos de experi\u00eancia na integra\u00e7\u00e3o do g\u00e9nero em programas de desenvolvimento, participa\u00e7\u00e3o juvenil, envolvimento masculino na preven\u00e7\u00e3o de SRHR e GBV. Comecou a carreira como volunt\u00e1ria em v\u00e1rias organiza\u00e7\u00f5es da sociedade civil. Mais tarde, assumiu v\u00e1rias posi\u00e7\u00f5es de lideran\u00e7a no campo do G\u00e9nero, Masculinidades, SRHR, [&hellip;]","og_url":"https:\/\/alternactiva.co.mz\/en\/assembleia-geral\/","og_site_name":"Alternactiva","article_publisher":"https:\/\/www.facebook.com\/Alternactiva-771376996531249","article_modified_time":"2023-09-08T12:20:41+00:00","og_image":[{"url":"http:\/\/alternactiva.co.mz\/wp-content\/uploads\/2023\/06\/edgar-bernardo.jpg","type":"","width":"","height":""}],"twitter_card":"summary_large_image","twitter_site":"@AlternactivaMZ","twitter_misc":{"Estimated reading time":"1 minute"},"schema":{"@context":"https:\/\/schema.org","@graph":[{"@type":"WebPage","@id":"https:\/\/alternactiva.co.mz\/assembleia-geral\/","url":"https:\/\/alternactiva.co.mz\/assembleia-geral\/","name":"Assembleia Geral - Alternactiva","isPartOf":{"@id":"https:\/\/alternactiva.co.mz\/#website"},"primaryImageOfPage":{"@id":"https:\/\/alternactiva.co.mz\/assembleia-geral\/#primaryimage"},"image":{"@id":"https:\/\/alternactiva.co.mz\/assembleia-geral\/#primaryimage"},"thumbnailUrl":"http:\/\/alternactiva.co.mz\/wp-content\/uploads\/2023\/06\/edgar-bernardo.jpg","datePublished":"2023-06-01T15:40:27+00:00","dateModified":"2023-09-08T12:20:41+00:00","breadcrumb":{"@id":"https:\/\/alternactiva.co.mz\/assembleia-geral\/#breadcrumb"},"inLanguage":"en-GB","potentialAction":[{"@type":"ReadAction","target":["https:\/\/alternactiva.co.mz\/assembleia-geral\/"]}]},{"@type":"ImageObject","inLanguage":"en-GB","@id":"https:\/\/alternactiva.co.mz\/assembleia-geral\/#primaryimage","url":"http:\/\/alternactiva.co.mz\/wp-content\/uploads\/2023\/06\/edgar-bernardo.jpg","contentUrl":"http:\/\/alternactiva.co.mz\/wp-content\/uploads\/2023\/06\/edgar-bernardo.jpg"},{"@type":"BreadcrumbList","@id":"https:\/\/alternactiva.co.mz\/assembleia-geral\/#breadcrumb","itemListElement":[{"@type":"ListItem","position":1,"name":"Home","item":"https:\/\/alternactiva.co.mz\/"},{"@type":"ListItem","position":2,"name":"Assembleia Geral"}]},{"@type":"WebSite","@id":"https:\/\/alternactiva.co.mz\/#website","url":"https:\/\/alternactiva.co.mz\/","name":"Alternactiva","description":"","publisher":{"@id":"https:\/\/alternactiva.co.mz\/#organization"},"potentialAction":[{"@type":"SearchAction","target":{"@type":"EntryPoint","urlTemplate":"https:\/\/alternactiva.co.mz\/?s={search_term_string}"},"query-input":{"@type":"PropertyValueSpecification","valueRequired":true,"valueName":"search_term_string"}}],"inLanguage":"en-GB"},{"@type":"Organization","@id":"https:\/\/alternactiva.co.mz\/#organization","name":"Alternactiva","url":"https:\/\/alternactiva.co.mz\/","logo":{"@type":"ImageObject","inLanguage":"en-GB","@id":"https:\/\/alternactiva.co.mz\/#\/schema\/logo\/image\/","url":"https:\/\/alternactiva.co.mz\/wp-content\/uploads\/2023\/05\/alternactiva-white.png","contentUrl":"https:\/\/alternactiva.co.mz\/wp-content\/uploads\/2023\/05\/alternactiva-white.png","width":300,"height":171,"caption":"Alternactiva"},"image":{"@id":"https:\/\/alternactiva.co.mz\/#\/schema\/logo\/image\/"},"sameAs":["https:\/\/www.facebook.com\/Alternactiva-771376996531249","https:\/\/x.com\/AlternactivaMZ","https:\/\/www.instagram.com\/alternactivamoz\/","https:\/\/www.youtube.com\/@alternactivaplataforma4685"]}]}},"_links":{"self":[{"href":"https:\/\/alternactiva.co.mz\/en\/wp-json\/wp\/v2\/pages\/1436","targetHints":{"allow":["GET"]}}],"collection":[{"href":"https:\/\/alternactiva.co.mz\/en\/wp-json\/wp\/v2\/pages"}],"about":[{"href":"https:\/\/alternactiva.co.mz\/en\/wp-json\/wp\/v2\/types\/page"}],"author":[{"embeddable":true,"href":"https:\/\/alternactiva.co.mz\/en\/wp-json\/wp\/v2\/users\/1"}],"replies":[{"embeddable":true,"href":"https:\/\/alternactiva.co.mz\/en\/wp-json\/wp\/v2\/comments?post=1436"}],"version-history":[{"count":40,"href":"https:\/\/alternactiva.co.mz\/en\/wp-json\/wp\/v2\/pages\/1436\/revisions"}],"predecessor-version":[{"id":2638,"href":"https:\/\/alternactiva.co.mz\/en\/wp-json\/wp\/v2\/pages\/1436\/revisions\/2638"}],"wp:attachment":[{"href":"https:\/\/alternactiva.co.mz\/en\/wp-json\/wp\/v2\/media?parent=1436"}],"curies":[{"name":"wp","href":"https:\/\/api.w.org\/{rel}","templated":true}]}}