{"id":1475,"date":"2023-06-03T23:35:54","date_gmt":"2023-06-03T23:35:54","guid":{"rendered":"http:\/\/alternactiva.co.mz\/?page_id=1475"},"modified":"2023-09-08T13:50:24","modified_gmt":"2023-09-08T13:50:24","slug":"conselho-de-direccao","status":"publish","type":"page","link":"https:\/\/alternactiva.co.mz\/en\/conselho-de-direccao\/","title":{"rendered":"Board of Directors"},"content":{"rendered":"<div data-elementor-type=\"wp-page\" data-elementor-id=\"1475\" class=\"elementor elementor-1475\">\n\t\t\t\t\t\t\t\t\t<section class=\"elementor-section elementor-top-section elementor-element elementor-element-0f79d98 elementor-section-boxed elementor-section-height-default elementor-section-height-default\" data-id=\"0f79d98\" data-element_type=\"section\">\n\t\t\t\t\t\t<div class=\"elementor-container elementor-column-gap-default\">\n\t\t\t\t\t<div class=\"elementor-column elementor-col-100 elementor-top-column elementor-element elementor-element-46d6a98\" data-id=\"46d6a98\" data-element_type=\"column\">\n\t\t\t<div class=\"elementor-widget-wrap elementor-element-populated\">\n\t\t\t\t\t\t\t\t<section class=\"elementor-section elementor-inner-section elementor-element elementor-element-16c1a74 elementor-section-boxed elementor-section-height-default elementor-section-height-default\" data-id=\"16c1a74\" data-element_type=\"section\">\n\t\t\t\t\t\t<div class=\"elementor-container elementor-column-gap-default\">\n\t\t\t\t\t<div class=\"elementor-column elementor-col-50 elementor-inner-column elementor-element elementor-element-2b6c3e6\" data-id=\"2b6c3e6\" data-element_type=\"column\">\n\t\t\t<div class=\"elementor-widget-wrap elementor-element-populated\">\n\t\t\t\t\t\t\t\t<div class=\"elementor-element elementor-element-78dcfea elementor-widget elementor-widget-image\" data-id=\"78dcfea\" data-element_type=\"widget\" data-widget_type=\"image.default\">\n\t\t\t\t<div class=\"elementor-widget-container\">\n\t\t\t<style>\/*! elementor - v3.16.0 - 13-09-2023 *\/\n.elementor-widget-image{text-align:center}.elementor-widget-image a{display:inline-block}.elementor-widget-image a img[src$=\".svg\"]{width:48px}.elementor-widget-image img{vertical-align:middle;display:inline-block}<\/style>\t\t\t\t\t\t\t\t\t\t\t\t<img loading=\"lazy\" decoding=\"async\" width=\"800\" height=\"800\" src=\"https:\/\/alternactiva.co.mz\/wp-content\/uploads\/2023\/06\/boaventura-monjane.jpg\" class=\"attachment-large size-large wp-image-1478\" alt=\"\" srcset=\"https:\/\/alternactiva.co.mz\/wp-content\/uploads\/2023\/06\/boaventura-monjane.jpg 800w, https:\/\/alternactiva.co.mz\/wp-content\/uploads\/2023\/06\/boaventura-monjane-300x300.jpg 300w, https:\/\/alternactiva.co.mz\/wp-content\/uploads\/2023\/06\/boaventura-monjane-150x150.jpg 150w, https:\/\/alternactiva.co.mz\/wp-content\/uploads\/2023\/06\/boaventura-monjane-768x768.jpg 768w\" sizes=\"auto, (max-width: 800px) 100vw, 800px\" \/>\t\t\t\t\t\t\t\t\t\t\t\t\t\t\t<\/div>\n\t\t\t\t<\/div>\n\t\t\t\t\t<\/div>\n\t\t<\/div>\n\t\t\t\t<div class=\"elementor-column elementor-col-50 elementor-inner-column elementor-element elementor-element-4071b58\" data-id=\"4071b58\" data-element_type=\"column\">\n\t\t\t<div class=\"elementor-widget-wrap elementor-element-populated\">\n\t\t\t\t\t\t\t\t<div class=\"elementor-element elementor-element-385c7c3 elementor-widget elementor-widget-heading\" data-id=\"385c7c3\" data-element_type=\"widget\" data-widget_type=\"heading.default\">\n\t\t\t\t<div class=\"elementor-widget-container\">\n\t\t\t<style>\/*! elementor - v3.16.0 - 13-09-2023 *\/\n.elementor-heading-title{padding:0;margin:0;line-height:1}.elementor-widget-heading .elementor-heading-title[class*=elementor-size-]>a{color:inherit;font-size:inherit;line-height:inherit}.elementor-widget-heading .elementor-heading-title.elementor-size-small{font-size:15px}.elementor-widget-heading .elementor-heading-title.elementor-size-medium{font-size:19px}.elementor-widget-heading .elementor-heading-title.elementor-size-large{font-size:29px}.elementor-widget-heading .elementor-heading-title.elementor-size-xl{font-size:39px}.elementor-widget-heading .elementor-heading-title.elementor-size-xxl{font-size:59px}<\/style><h2 class=\"elementor-heading-title elementor-size-default\">Boaventura Monjane<\/h2>\t\t<\/div>\n\t\t\t\t<\/div>\n\t\t\t\t<div class=\"elementor-element elementor-element-be2c71f elementor-widget elementor-widget-heading\" data-id=\"be2c71f\" data-element_type=\"widget\" data-widget_type=\"heading.default\">\n\t\t\t\t<div class=\"elementor-widget-container\">\n\t\t\t<h2 class=\"elementor-heading-title elementor-size-default\">Director<\/h2>\t\t<\/div>\n\t\t\t\t<\/div>\n\t\t\t\t<div class=\"elementor-element elementor-element-60b8329 elementor-widget elementor-widget-text-editor\" data-id=\"60b8329\" data-element_type=\"widget\" data-widget_type=\"text-editor.default\">\n\t\t\t\t<div class=\"elementor-widget-container\">\n\t\t\t<style>\/*! elementor - v3.16.0 - 13-09-2023 *\/\n.elementor-widget-text-editor.elementor-drop-cap-view-stacked .elementor-drop-cap{background-color:#69727d;color:#fff}.elementor-widget-text-editor.elementor-drop-cap-view-framed .elementor-drop-cap{color:#69727d;border:3px solid;background-color:transparent}.elementor-widget-text-editor:not(.elementor-drop-cap-view-default) .elementor-drop-cap{margin-top:8px}.elementor-widget-text-editor:not(.elementor-drop-cap-view-default) .elementor-drop-cap-letter{width:1em;height:1em}.elementor-widget-text-editor .elementor-drop-cap{float:left;text-align:center;line-height:1;font-size:50px}.elementor-widget-text-editor .elementor-drop-cap-letter{display:inline-block}<\/style>\t\t\t\t<p>He has a Ph.D. in Postcolonialisms and Global Citizenship (Sociology), from the Center for Social Studies and Faculty of Economics at the University of Coimbra. He is a postdoctoral researcher at the Institute for Poverty, Land and Agrarian Studies (PLAAS, UWC) and is a member of the International Research Group on Authoritarianism and Counter-Strategies at the Rosa Luxemburg-Stiftung. He is an associate researcher at the Center for African Studies (CEA, UEM)<\/p>\t\t\t\t\t\t<\/div>\n\t\t\t\t<\/div>\n\t\t\t\t\t<\/div>\n\t\t<\/div>\n\t\t\t\t\t\t\t<\/div>\n\t\t<\/section>\n\t\t\t\t<section class=\"elementor-section elementor-inner-section elementor-element elementor-element-2e3202b elementor-section-boxed elementor-section-height-default elementor-section-height-default\" data-id=\"2e3202b\" data-element_type=\"section\">\n\t\t\t\t\t\t<div class=\"elementor-container elementor-column-gap-default\">\n\t\t\t\t\t<div class=\"elementor-column elementor-col-50 elementor-inner-column elementor-element elementor-element-80298f4\" data-id=\"80298f4\" data-element_type=\"column\">\n\t\t\t<div class=\"elementor-widget-wrap elementor-element-populated\">\n\t\t\t\t\t\t\t\t<div class=\"elementor-element elementor-element-8a594e4 elementor-widget elementor-widget-image\" data-id=\"8a594e4\" data-element_type=\"widget\" data-widget_type=\"image.default\">\n\t\t\t\t<div class=\"elementor-widget-container\">\n\t\t\t\t\t\t\t\t\t\t\t\t\t\t\t<img loading=\"lazy\" decoding=\"async\" width=\"800\" height=\"800\" src=\"https:\/\/alternactiva.co.mz\/wp-content\/uploads\/2023\/06\/remigio-chilaule.jpg\" class=\"attachment-large size-large wp-image-1480\" alt=\"\" srcset=\"https:\/\/alternactiva.co.mz\/wp-content\/uploads\/2023\/06\/remigio-chilaule.jpg 800w, https:\/\/alternactiva.co.mz\/wp-content\/uploads\/2023\/06\/remigio-chilaule-300x300.jpg 300w, https:\/\/alternactiva.co.mz\/wp-content\/uploads\/2023\/06\/remigio-chilaule-150x150.jpg 150w, https:\/\/alternactiva.co.mz\/wp-content\/uploads\/2023\/06\/remigio-chilaule-768x768.jpg 768w\" sizes=\"auto, (max-width: 800px) 100vw, 800px\" \/>\t\t\t\t\t\t\t\t\t\t\t\t\t\t\t<\/div>\n\t\t\t\t<\/div>\n\t\t\t\t\t<\/div>\n\t\t<\/div>\n\t\t\t\t<div class=\"elementor-column elementor-col-50 elementor-inner-column elementor-element elementor-element-7c5c98e\" data-id=\"7c5c98e\" data-element_type=\"column\">\n\t\t\t<div class=\"elementor-widget-wrap elementor-element-populated\">\n\t\t\t\t\t\t\t\t<div class=\"elementor-element elementor-element-b586988 elementor-widget elementor-widget-heading\" data-id=\"b586988\" data-element_type=\"widget\" data-widget_type=\"heading.default\">\n\t\t\t\t<div class=\"elementor-widget-container\">\n\t\t\t<h2 class=\"elementor-heading-title elementor-size-default\">Remigio Van Eyes Chilaule<\/h2>\t\t<\/div>\n\t\t\t\t<\/div>\n\t\t\t\t<div class=\"elementor-element elementor-element-94b234b elementor-widget elementor-widget-heading\" data-id=\"94b234b\" data-element_type=\"widget\" data-widget_type=\"heading.default\">\n\t\t\t\t<div class=\"elementor-widget-container\">\n\t\t\t<h2 class=\"elementor-heading-title elementor-size-default\">Treasurer <\/h2>\t\t<\/div>\n\t\t\t\t<\/div>\n\t\t\t\t<div class=\"elementor-element elementor-element-e8a8bf9 elementor-widget elementor-widget-text-editor\" data-id=\"e8a8bf9\" data-element_type=\"widget\" data-widget_type=\"text-editor.default\">\n\t\t\t\t<div class=\"elementor-widget-container\">\n\t\t\t\t\t\t\t<p>Rem\u00edgio Chilaule is an architect and urban planner, graduated from the Faculty of Architecture and Physical Planning at UEM, where he currently teaches the nuclear laboratory chair. Among his projects, the co-authorship of the architectural debate proposal Futures of Mafalala, and the direction of the HUEIV laboratory laboratory.de.arquitectura, responsible for the construction project of the Mafalala Museum, stand out. Rem\u00edgio also leads the community initiative #MapeandoMeuBairro, which seeks to fill the large gap in geospatial information about informal settlements in Mozambique, using participatory mapping methods and techniques. Rem\u00edgio is also a volunteer activist for the Humanist Movement<\/p>\t\t\t\t\t\t<\/div>\n\t\t\t\t<\/div>\n\t\t\t\t\t<\/div>\n\t\t<\/div>\n\t\t\t\t\t\t\t<\/div>\n\t\t<\/section>\n\t\t\t\t<section class=\"elementor-section elementor-inner-section elementor-element elementor-element-60f525b elementor-section-boxed elementor-section-height-default elementor-section-height-default\" data-id=\"60f525b\" data-element_type=\"section\">\n\t\t\t\t\t\t<div class=\"elementor-container elementor-column-gap-default\">\n\t\t\t\t\t<div class=\"elementor-column elementor-col-50 elementor-inner-column elementor-element elementor-element-673f298\" data-id=\"673f298\" data-element_type=\"column\">\n\t\t\t<div class=\"elementor-widget-wrap elementor-element-populated\">\n\t\t\t\t\t\t\t\t<div class=\"elementor-element elementor-element-446e7a8 elementor-widget elementor-widget-image\" data-id=\"446e7a8\" data-element_type=\"widget\" data-widget_type=\"image.default\">\n\t\t\t\t<div class=\"elementor-widget-container\">\n\t\t\t\t\t\t\t\t\t\t\t\t\t\t\t<img loading=\"lazy\" decoding=\"async\" width=\"800\" height=\"800\" src=\"https:\/\/alternactiva.co.mz\/wp-content\/uploads\/2023\/06\/Silvia-Ernestina-Dywili.jpg\" class=\"attachment-large size-large wp-image-1479\" alt=\"\" srcset=\"https:\/\/alternactiva.co.mz\/wp-content\/uploads\/2023\/06\/Silvia-Ernestina-Dywili.jpg 800w, https:\/\/alternactiva.co.mz\/wp-content\/uploads\/2023\/06\/Silvia-Ernestina-Dywili-300x300.jpg 300w, https:\/\/alternactiva.co.mz\/wp-content\/uploads\/2023\/06\/Silvia-Ernestina-Dywili-150x150.jpg 150w, https:\/\/alternactiva.co.mz\/wp-content\/uploads\/2023\/06\/Silvia-Ernestina-Dywili-768x768.jpg 768w\" sizes=\"auto, (max-width: 800px) 100vw, 800px\" \/>\t\t\t\t\t\t\t\t\t\t\t\t\t\t\t<\/div>\n\t\t\t\t<\/div>\n\t\t\t\t\t<\/div>\n\t\t<\/div>\n\t\t\t\t<div class=\"elementor-column elementor-col-50 elementor-inner-column elementor-element elementor-element-0f9e485\" data-id=\"0f9e485\" data-element_type=\"column\">\n\t\t\t<div class=\"elementor-widget-wrap elementor-element-populated\">\n\t\t\t\t\t\t\t\t<div class=\"elementor-element elementor-element-297e68c elementor-widget elementor-widget-heading\" data-id=\"297e68c\" data-element_type=\"widget\" data-widget_type=\"heading.default\">\n\t\t\t\t<div class=\"elementor-widget-container\">\n\t\t\t<h2 class=\"elementor-heading-title elementor-size-default\">Silvia Ernestina Dywili<\/h2>\t\t<\/div>\n\t\t\t\t<\/div>\n\t\t\t\t<div class=\"elementor-element elementor-element-07a9f24 elementor-widget elementor-widget-heading\" data-id=\"07a9f24\" data-element_type=\"widget\" data-widget_type=\"heading.default\">\n\t\t\t\t<div class=\"elementor-widget-container\">\n\t\t\t<h2 class=\"elementor-heading-title elementor-size-default\">Secretary<\/h2>\t\t<\/div>\n\t\t\t\t<\/div>\n\t\t\t\t<div class=\"elementor-element elementor-element-6a69368 elementor-widget elementor-widget-text-editor\" data-id=\"6a69368\" data-element_type=\"widget\" data-widget_type=\"text-editor.default\">\n\t\t\t\t<div class=\"elementor-widget-container\">\n\t\t\t\t\t\t\t<p style=\"font-weight: 400;\">Specialist in Gender, youth and Social Inclusion, community mobilization, sexual and reproductive health, leadership and development of life skills with Skillz tools for adolescents and young people.<\/p>\t\t\t\t\t\t<\/div>\n\t\t\t\t<\/div>\n\t\t\t\t\t<\/div>\n\t\t<\/div>\n\t\t\t\t\t\t\t<\/div>\n\t\t<\/section>\n\t\t\t\t\t<\/div>\n\t\t<\/div>\n\t\t\t\t\t\t\t<\/div>\n\t\t<\/section>\n\t\t\t\t\t\t\t<\/div>","protected":false},"excerpt":{"rendered":"<p>Boaventura Monjane Director \u00c9 Ph.D. em P\u00f3s-colonialismos e Cidadania Global (Sociologia), pelo Centro de Estudos Sociais e Faculdade de Economia da Universidade de Coimbra. \u00c9 pesquisador de p\u00f3s-doutoramento no Institute for Poverty, Land and Agrarian Studies (PLAAS, UWC) e \u00e9 membro do Grupo Internacional de Pesquisa sobre Autoritarismo e Contra-Estrat\u00e9gias da Rosa Luxemburgo-Stiftung. \u00c9 pesquisador [&hellip;]<\/p>","protected":false},"author":1,"featured_media":0,"parent":0,"menu_order":0,"comment_status":"closed","ping_status":"closed","template":"","meta":{"footnotes":""},"class_list":["post-1475","page","type-page","status-publish","hentry"],"yoast_head":"<!-- This site is optimized with the Yoast SEO plugin v24.0 - https:\/\/yoast.com\/wordpress\/plugins\/seo\/ -->\n<title>Conselho de Direc\u00e7\u00e3o - Alternactiva<\/title>\n<meta name=\"robots\" content=\"index, follow, max-snippet:-1, max-image-preview:large, max-video-preview:-1\" \/>\n<link rel=\"canonical\" href=\"https:\/\/alternactiva.co.mz\/en\/conselho-de-direccao\/\" \/>\n<meta property=\"og:locale\" content=\"en_GB\" \/>\n<meta property=\"og:type\" content=\"article\" \/>\n<meta property=\"og:title\" content=\"Conselho de Direc\u00e7\u00e3o - Alternactiva\" \/>\n<meta property=\"og:description\" content=\"Boaventura Monjane Director \u00c9 Ph.D. em P\u00f3s-colonialismos e Cidadania Global (Sociologia), pelo Centro de Estudos Sociais e Faculdade de Economia da Universidade de Coimbra. \u00c9 pesquisador de p\u00f3s-doutoramento no Institute for Poverty, Land and Agrarian Studies (PLAAS, UWC) e \u00e9 membro do Grupo Internacional de Pesquisa sobre Autoritarismo e Contra-Estrat\u00e9gias da Rosa Luxemburgo-Stiftung. \u00c9 pesquisador [&hellip;]\" \/>\n<meta property=\"og:url\" content=\"https:\/\/alternactiva.co.mz\/en\/conselho-de-direccao\/\" \/>\n<meta property=\"og:site_name\" content=\"Alternactiva\" \/>\n<meta property=\"article:publisher\" content=\"https:\/\/www.facebook.com\/Alternactiva-771376996531249\" \/>\n<meta property=\"article:modified_time\" content=\"2023-09-08T13:50:24+00:00\" \/>\n<meta property=\"og:image\" content=\"http:\/\/alternactiva.co.mz\/wp-content\/uploads\/2023\/06\/boaventura-monjane.jpg\" \/>\n<meta name=\"twitter:card\" content=\"summary_large_image\" \/>\n<meta name=\"twitter:site\" content=\"@AlternactivaMZ\" \/>\n<meta name=\"twitter:label1\" content=\"Estimated reading time\" \/>\n\t<meta name=\"twitter:data1\" content=\"2 minutes\" \/>\n<script type=\"application\/ld+json\" class=\"yoast-schema-graph\">{\"@context\":\"https:\/\/schema.org\",\"@graph\":[{\"@type\":\"WebPage\",\"@id\":\"https:\/\/alternactiva.co.mz\/conselho-de-direccao\/\",\"url\":\"https:\/\/alternactiva.co.mz\/conselho-de-direccao\/\",\"name\":\"Conselho de Direc\u00e7\u00e3o - Alternactiva\",\"isPartOf\":{\"@id\":\"https:\/\/alternactiva.co.mz\/#website\"},\"primaryImageOfPage\":{\"@id\":\"https:\/\/alternactiva.co.mz\/conselho-de-direccao\/#primaryimage\"},\"image\":{\"@id\":\"https:\/\/alternactiva.co.mz\/conselho-de-direccao\/#primaryimage\"},\"thumbnailUrl\":\"http:\/\/alternactiva.co.mz\/wp-content\/uploads\/2023\/06\/boaventura-monjane.jpg\",\"datePublished\":\"2023-06-03T23:35:54+00:00\",\"dateModified\":\"2023-09-08T13:50:24+00:00\",\"breadcrumb\":{\"@id\":\"https:\/\/alternactiva.co.mz\/conselho-de-direccao\/#breadcrumb\"},\"inLanguage\":\"en-GB\",\"potentialAction\":[{\"@type\":\"ReadAction\",\"target\":[\"https:\/\/alternactiva.co.mz\/conselho-de-direccao\/\"]}]},{\"@type\":\"ImageObject\",\"inLanguage\":\"en-GB\",\"@id\":\"https:\/\/alternactiva.co.mz\/conselho-de-direccao\/#primaryimage\",\"url\":\"http:\/\/alternactiva.co.mz\/wp-content\/uploads\/2023\/06\/boaventura-monjane.jpg\",\"contentUrl\":\"http:\/\/alternactiva.co.mz\/wp-content\/uploads\/2023\/06\/boaventura-monjane.jpg\"},{\"@type\":\"BreadcrumbList\",\"@id\":\"https:\/\/alternactiva.co.mz\/conselho-de-direccao\/#breadcrumb\",\"itemListElement\":[{\"@type\":\"ListItem\",\"position\":1,\"name\":\"Home\",\"item\":\"https:\/\/alternactiva.co.mz\/\"},{\"@type\":\"ListItem\",\"position\":2,\"name\":\"Conselho de Direc\u00e7\u00e3o\"}]},{\"@type\":\"WebSite\",\"@id\":\"https:\/\/alternactiva.co.mz\/#website\",\"url\":\"https:\/\/alternactiva.co.mz\/\",\"name\":\"Alternactiva\",\"description\":\"\",\"publisher\":{\"@id\":\"https:\/\/alternactiva.co.mz\/#organization\"},\"potentialAction\":[{\"@type\":\"SearchAction\",\"target\":{\"@type\":\"EntryPoint\",\"urlTemplate\":\"https:\/\/alternactiva.co.mz\/?s={search_term_string}\"},\"query-input\":{\"@type\":\"PropertyValueSpecification\",\"valueRequired\":true,\"valueName\":\"search_term_string\"}}],\"inLanguage\":\"en-GB\"},{\"@type\":\"Organization\",\"@id\":\"https:\/\/alternactiva.co.mz\/#organization\",\"name\":\"Alternactiva\",\"url\":\"https:\/\/alternactiva.co.mz\/\",\"logo\":{\"@type\":\"ImageObject\",\"inLanguage\":\"en-GB\",\"@id\":\"https:\/\/alternactiva.co.mz\/#\/schema\/logo\/image\/\",\"url\":\"https:\/\/alternactiva.co.mz\/wp-content\/uploads\/2023\/05\/alternactiva-white.png\",\"contentUrl\":\"https:\/\/alternactiva.co.mz\/wp-content\/uploads\/2023\/05\/alternactiva-white.png\",\"width\":300,\"height\":171,\"caption\":\"Alternactiva\"},\"image\":{\"@id\":\"https:\/\/alternactiva.co.mz\/#\/schema\/logo\/image\/\"},\"sameAs\":[\"https:\/\/www.facebook.com\/Alternactiva-771376996531249\",\"https:\/\/x.com\/AlternactivaMZ\",\"https:\/\/www.instagram.com\/alternactivamoz\/\",\"https:\/\/www.youtube.com\/@alternactivaplataforma4685\"]}]}<\/script>\n<!-- \/ Yoast SEO plugin. -->","yoast_head_json":{"title":"Conselho de Direc\u00e7\u00e3o - Alternactiva","robots":{"index":"index","follow":"follow","max-snippet":"max-snippet:-1","max-image-preview":"max-image-preview:large","max-video-preview":"max-video-preview:-1"},"canonical":"https:\/\/alternactiva.co.mz\/en\/conselho-de-direccao\/","og_locale":"en_GB","og_type":"article","og_title":"Conselho de Direc\u00e7\u00e3o - Alternactiva","og_description":"Boaventura Monjane Director \u00c9 Ph.D. em P\u00f3s-colonialismos e Cidadania Global (Sociologia), pelo Centro de Estudos Sociais e Faculdade de Economia da Universidade de Coimbra. \u00c9 pesquisador de p\u00f3s-doutoramento no Institute for Poverty, Land and Agrarian Studies (PLAAS, UWC) e \u00e9 membro do Grupo Internacional de Pesquisa sobre Autoritarismo e Contra-Estrat\u00e9gias da Rosa Luxemburgo-Stiftung. \u00c9 pesquisador [&hellip;]","og_url":"https:\/\/alternactiva.co.mz\/en\/conselho-de-direccao\/","og_site_name":"Alternactiva","article_publisher":"https:\/\/www.facebook.com\/Alternactiva-771376996531249","article_modified_time":"2023-09-08T13:50:24+00:00","og_image":[{"url":"http:\/\/alternactiva.co.mz\/wp-content\/uploads\/2023\/06\/boaventura-monjane.jpg","type":"","width":"","height":""}],"twitter_card":"summary_large_image","twitter_site":"@AlternactivaMZ","twitter_misc":{"Estimated reading time":"2 minutes"},"schema":{"@context":"https:\/\/schema.org","@graph":[{"@type":"WebPage","@id":"https:\/\/alternactiva.co.mz\/conselho-de-direccao\/","url":"https:\/\/alternactiva.co.mz\/conselho-de-direccao\/","name":"Conselho de Direc\u00e7\u00e3o - Alternactiva","isPartOf":{"@id":"https:\/\/alternactiva.co.mz\/#website"},"primaryImageOfPage":{"@id":"https:\/\/alternactiva.co.mz\/conselho-de-direccao\/#primaryimage"},"image":{"@id":"https:\/\/alternactiva.co.mz\/conselho-de-direccao\/#primaryimage"},"thumbnailUrl":"http:\/\/alternactiva.co.mz\/wp-content\/uploads\/2023\/06\/boaventura-monjane.jpg","datePublished":"2023-06-03T23:35:54+00:00","dateModified":"2023-09-08T13:50:24+00:00","breadcrumb":{"@id":"https:\/\/alternactiva.co.mz\/conselho-de-direccao\/#breadcrumb"},"inLanguage":"en-GB","potentialAction":[{"@type":"ReadAction","target":["https:\/\/alternactiva.co.mz\/conselho-de-direccao\/"]}]},{"@type":"ImageObject","inLanguage":"en-GB","@id":"https:\/\/alternactiva.co.mz\/conselho-de-direccao\/#primaryimage","url":"http:\/\/alternactiva.co.mz\/wp-content\/uploads\/2023\/06\/boaventura-monjane.jpg","contentUrl":"http:\/\/alternactiva.co.mz\/wp-content\/uploads\/2023\/06\/boaventura-monjane.jpg"},{"@type":"BreadcrumbList","@id":"https:\/\/alternactiva.co.mz\/conselho-de-direccao\/#breadcrumb","itemListElement":[{"@type":"ListItem","position":1,"name":"Home","item":"https:\/\/alternactiva.co.mz\/"},{"@type":"ListItem","position":2,"name":"Conselho de Direc\u00e7\u00e3o"}]},{"@type":"WebSite","@id":"https:\/\/alternactiva.co.mz\/#website","url":"https:\/\/alternactiva.co.mz\/","name":"Alternactiva","description":"","publisher":{"@id":"https:\/\/alternactiva.co.mz\/#organization"},"potentialAction":[{"@type":"SearchAction","target":{"@type":"EntryPoint","urlTemplate":"https:\/\/alternactiva.co.mz\/?s={search_term_string}"},"query-input":{"@type":"PropertyValueSpecification","valueRequired":true,"valueName":"search_term_string"}}],"inLanguage":"en-GB"},{"@type":"Organization","@id":"https:\/\/alternactiva.co.mz\/#organization","name":"Alternactiva","url":"https:\/\/alternactiva.co.mz\/","logo":{"@type":"ImageObject","inLanguage":"en-GB","@id":"https:\/\/alternactiva.co.mz\/#\/schema\/logo\/image\/","url":"https:\/\/alternactiva.co.mz\/wp-content\/uploads\/2023\/05\/alternactiva-white.png","contentUrl":"https:\/\/alternactiva.co.mz\/wp-content\/uploads\/2023\/05\/alternactiva-white.png","width":300,"height":171,"caption":"Alternactiva"},"image":{"@id":"https:\/\/alternactiva.co.mz\/#\/schema\/logo\/image\/"},"sameAs":["https:\/\/www.facebook.com\/Alternactiva-771376996531249","https:\/\/x.com\/AlternactivaMZ","https:\/\/www.instagram.com\/alternactivamoz\/","https:\/\/www.youtube.com\/@alternactivaplataforma4685"]}]}},"_links":{"self":[{"href":"https:\/\/alternactiva.co.mz\/en\/wp-json\/wp\/v2\/pages\/1475","targetHints":{"allow":["GET"]}}],"collection":[{"href":"https:\/\/alternactiva.co.mz\/en\/wp-json\/wp\/v2\/pages"}],"about":[{"href":"https:\/\/alternactiva.co.mz\/en\/wp-json\/wp\/v2\/types\/page"}],"author":[{"embeddable":true,"href":"https:\/\/alternactiva.co.mz\/en\/wp-json\/wp\/v2\/users\/1"}],"replies":[{"embeddable":true,"href":"https:\/\/alternactiva.co.mz\/en\/wp-json\/wp\/v2\/comments?post=1475"}],"version-history":[{"count":13,"href":"https:\/\/alternactiva.co.mz\/en\/wp-json\/wp\/v2\/pages\/1475\/revisions"}],"predecessor-version":[{"id":2720,"href":"https:\/\/alternactiva.co.mz\/en\/wp-json\/wp\/v2\/pages\/1475\/revisions\/2720"}],"wp:attachment":[{"href":"https:\/\/alternactiva.co.mz\/en\/wp-json\/wp\/v2\/media?parent=1475"}],"curies":[{"name":"wp","href":"https:\/\/api.w.org\/{rel}","templated":true}]}}