{"id":1484,"date":"2023-06-03T23:46:21","date_gmt":"2023-06-03T23:46:21","guid":{"rendered":"http:\/\/alternactiva.co.mz\/?page_id=1484"},"modified":"2023-09-08T13:49:39","modified_gmt":"2023-09-08T13:49:39","slug":"conselho-fiscal","status":"publish","type":"page","link":"https:\/\/alternactiva.co.mz\/en\/conselho-fiscal\/","title":{"rendered":"Fiscal Council"},"content":{"rendered":"<div data-elementor-type=\"wp-page\" data-elementor-id=\"1484\" class=\"elementor elementor-1484\">\n\t\t\t\t\t\t\t\t\t<section class=\"elementor-section elementor-top-section elementor-element elementor-element-0f79d98 elementor-section-boxed elementor-section-height-default elementor-section-height-default\" data-id=\"0f79d98\" data-element_type=\"section\">\n\t\t\t\t\t\t<div class=\"elementor-container elementor-column-gap-default\">\n\t\t\t\t\t<div class=\"elementor-column elementor-col-100 elementor-top-column elementor-element elementor-element-46d6a98\" data-id=\"46d6a98\" data-element_type=\"column\">\n\t\t\t<div class=\"elementor-widget-wrap elementor-element-populated\">\n\t\t\t\t\t\t\t\t<section class=\"elementor-section elementor-inner-section elementor-element elementor-element-60f525b elementor-section-boxed elementor-section-height-default elementor-section-height-default\" data-id=\"60f525b\" data-element_type=\"section\">\n\t\t\t\t\t\t<div class=\"elementor-container elementor-column-gap-default\">\n\t\t\t\t\t<div class=\"elementor-column elementor-col-50 elementor-inner-column elementor-element elementor-element-673f298\" data-id=\"673f298\" data-element_type=\"column\">\n\t\t\t<div class=\"elementor-widget-wrap elementor-element-populated\">\n\t\t\t\t\t\t\t\t<div class=\"elementor-element elementor-element-446e7a8 elementor-widget elementor-widget-image\" data-id=\"446e7a8\" data-element_type=\"widget\" data-widget_type=\"image.default\">\n\t\t\t\t<div class=\"elementor-widget-container\">\n\t\t\t<style>\/*! elementor - v3.16.0 - 13-09-2023 *\/\n.elementor-widget-image{text-align:center}.elementor-widget-image a{display:inline-block}.elementor-widget-image a img[src$=\".svg\"]{width:48px}.elementor-widget-image img{vertical-align:middle;display:inline-block}<\/style>\t\t\t\t\t\t\t\t\t\t\t\t<img loading=\"lazy\" decoding=\"async\" width=\"800\" height=\"800\" src=\"https:\/\/alternactiva.co.mz\/wp-content\/uploads\/2023\/06\/Edgar-Manuel-Barroso.jpg\" class=\"attachment-large size-large wp-image-1491\" alt=\"\" srcset=\"https:\/\/alternactiva.co.mz\/wp-content\/uploads\/2023\/06\/Edgar-Manuel-Barroso.jpg 800w, https:\/\/alternactiva.co.mz\/wp-content\/uploads\/2023\/06\/Edgar-Manuel-Barroso-300x300.jpg 300w, https:\/\/alternactiva.co.mz\/wp-content\/uploads\/2023\/06\/Edgar-Manuel-Barroso-150x150.jpg 150w, https:\/\/alternactiva.co.mz\/wp-content\/uploads\/2023\/06\/Edgar-Manuel-Barroso-768x768.jpg 768w\" sizes=\"auto, (max-width: 800px) 100vw, 800px\" \/>\t\t\t\t\t\t\t\t\t\t\t\t\t\t\t<\/div>\n\t\t\t\t<\/div>\n\t\t\t\t\t<\/div>\n\t\t<\/div>\n\t\t\t\t<div class=\"elementor-column elementor-col-50 elementor-inner-column elementor-element elementor-element-0f9e485\" data-id=\"0f9e485\" data-element_type=\"column\">\n\t\t\t<div class=\"elementor-widget-wrap elementor-element-populated\">\n\t\t\t\t\t\t\t\t<div class=\"elementor-element elementor-element-297e68c elementor-widget elementor-widget-heading\" data-id=\"297e68c\" data-element_type=\"widget\" data-widget_type=\"heading.default\">\n\t\t\t\t<div class=\"elementor-widget-container\">\n\t\t\t<style>\/*! elementor - v3.16.0 - 13-09-2023 *\/\n.elementor-heading-title{padding:0;margin:0;line-height:1}.elementor-widget-heading .elementor-heading-title[class*=elementor-size-]>a{color:inherit;font-size:inherit;line-height:inherit}.elementor-widget-heading .elementor-heading-title.elementor-size-small{font-size:15px}.elementor-widget-heading .elementor-heading-title.elementor-size-medium{font-size:19px}.elementor-widget-heading .elementor-heading-title.elementor-size-large{font-size:29px}.elementor-widget-heading .elementor-heading-title.elementor-size-xl{font-size:39px}.elementor-widget-heading .elementor-heading-title.elementor-size-xxl{font-size:59px}<\/style><h2 class=\"elementor-heading-title elementor-size-default\">Edgar Manuel Barroso <\/h2>\t\t<\/div>\n\t\t\t\t<\/div>\n\t\t\t\t<div class=\"elementor-element elementor-element-07a9f24 elementor-widget elementor-widget-heading\" data-id=\"07a9f24\" data-element_type=\"widget\" data-widget_type=\"heading.default\">\n\t\t\t\t<div class=\"elementor-widget-container\">\n\t\t\t<h2 class=\"elementor-heading-title elementor-size-default\">Vice President <\/h2>\t\t<\/div>\n\t\t\t\t<\/div>\n\t\t\t\t<div class=\"elementor-element elementor-element-6a69368 elementor-widget elementor-widget-text-editor\" data-id=\"6a69368\" data-element_type=\"widget\" data-widget_type=\"text-editor.default\">\n\t\t\t\t<div class=\"elementor-widget-container\">\n\t\t\t<style>\/*! elementor - v3.16.0 - 13-09-2023 *\/\n.elementor-widget-text-editor.elementor-drop-cap-view-stacked .elementor-drop-cap{background-color:#69727d;color:#fff}.elementor-widget-text-editor.elementor-drop-cap-view-framed .elementor-drop-cap{color:#69727d;border:3px solid;background-color:transparent}.elementor-widget-text-editor:not(.elementor-drop-cap-view-default) .elementor-drop-cap{margin-top:8px}.elementor-widget-text-editor:not(.elementor-drop-cap-view-default) .elementor-drop-cap-letter{width:1em;height:1em}.elementor-widget-text-editor .elementor-drop-cap{float:left;text-align:center;line-height:1;font-size:50px}.elementor-widget-text-editor .elementor-drop-cap-letter{display:inline-block}<\/style>\t\t\t\t<p>He is a PhD student in International Relations at the Institute of Social Studies at Ankara Yildirim Beyazit University and a Master in African Studies with a Specialization in Education and Development, at the Faculty of Arts at the University of Porto. in 2013 he was named Best Writer in \u201cWomen and Political Participation\u201d, by Gender Links-Southern Africa.<\/p>\t\t\t\t\t\t<\/div>\n\t\t\t\t<\/div>\n\t\t\t\t\t<\/div>\n\t\t<\/div>\n\t\t\t\t\t\t\t<\/div>\n\t\t<\/section>\n\t\t\t\t<section class=\"elementor-section elementor-inner-section elementor-element elementor-element-16c1a74 elementor-section-boxed elementor-section-height-default elementor-section-height-default\" data-id=\"16c1a74\" data-element_type=\"section\">\n\t\t\t\t\t\t<div class=\"elementor-container elementor-column-gap-default\">\n\t\t\t\t\t<div class=\"elementor-column elementor-col-50 elementor-inner-column elementor-element elementor-element-2b6c3e6\" data-id=\"2b6c3e6\" data-element_type=\"column\">\n\t\t\t<div class=\"elementor-widget-wrap elementor-element-populated\">\n\t\t\t\t\t\t\t\t<div class=\"elementor-element elementor-element-78dcfea elementor-widget elementor-widget-image\" data-id=\"78dcfea\" data-element_type=\"widget\" data-widget_type=\"image.default\">\n\t\t\t\t<div class=\"elementor-widget-container\">\n\t\t\t\t\t\t\t\t\t\t\t\t\t\t\t<img loading=\"lazy\" decoding=\"async\" width=\"800\" height=\"800\" src=\"https:\/\/alternactiva.co.mz\/wp-content\/uploads\/2023\/06\/eliana-nzualo.jpg\" class=\"attachment-large size-large wp-image-1489\" alt=\"\" srcset=\"https:\/\/alternactiva.co.mz\/wp-content\/uploads\/2023\/06\/eliana-nzualo.jpg 800w, https:\/\/alternactiva.co.mz\/wp-content\/uploads\/2023\/06\/eliana-nzualo-300x300.jpg 300w, https:\/\/alternactiva.co.mz\/wp-content\/uploads\/2023\/06\/eliana-nzualo-150x150.jpg 150w, https:\/\/alternactiva.co.mz\/wp-content\/uploads\/2023\/06\/eliana-nzualo-768x768.jpg 768w\" sizes=\"auto, (max-width: 800px) 100vw, 800px\" \/>\t\t\t\t\t\t\t\t\t\t\t\t\t\t\t<\/div>\n\t\t\t\t<\/div>\n\t\t\t\t\t<\/div>\n\t\t<\/div>\n\t\t\t\t<div class=\"elementor-column elementor-col-50 elementor-inner-column elementor-element elementor-element-4071b58\" data-id=\"4071b58\" data-element_type=\"column\">\n\t\t\t<div class=\"elementor-widget-wrap elementor-element-populated\">\n\t\t\t\t\t\t\t\t<div class=\"elementor-element elementor-element-385c7c3 elementor-widget elementor-widget-heading\" data-id=\"385c7c3\" data-element_type=\"widget\" data-widget_type=\"heading.default\">\n\t\t\t\t<div class=\"elementor-widget-container\">\n\t\t\t<h2 class=\"elementor-heading-title elementor-size-default\">Eliana Patrice Domingos N\u2019Zualo<\/h2>\t\t<\/div>\n\t\t\t\t<\/div>\n\t\t\t\t<div class=\"elementor-element elementor-element-be2c71f elementor-widget elementor-widget-heading\" data-id=\"be2c71f\" data-element_type=\"widget\" data-widget_type=\"heading.default\">\n\t\t\t\t<div class=\"elementor-widget-container\">\n\t\t\t<h2 class=\"elementor-heading-title elementor-size-default\">President<\/h2>\t\t<\/div>\n\t\t\t\t<\/div>\n\t\t\t\t<div class=\"elementor-element elementor-element-60b8329 elementor-widget elementor-widget-text-editor\" data-id=\"60b8329\" data-element_type=\"widget\" data-widget_type=\"text-editor.default\">\n\t\t\t\t<div class=\"elementor-widget-container\">\n\t\t\t\t\t\t\t<p>She is\u00a0a storyteller from Mozambique, based in Maputo and currently working independently. Through her work, she explores themes such as Women, Feminism, Africa and History\/Politics. She was one of the speakers at TEDxMaputo 2017. In 2019, she was part of the anthology \u201cNegras de C\u00e1, Negras de L\u00e1\u201d, published in Brazil by Colectivo Ra\u00edzes. She has also explored audiovisual, such as the work \u201cMargens\u201d (2019) and \u201cLove letters for badly behaved girls\u201d (2021). Eliana is also a feminist, passionate about cats and words: how words stretch and shrink; how they betray us, how they run away from us and how they are part of who we are \u2013 a little like cats<\/p>\t\t\t\t\t\t<\/div>\n\t\t\t\t<\/div>\n\t\t\t\t\t<\/div>\n\t\t<\/div>\n\t\t\t\t\t\t\t<\/div>\n\t\t<\/section>\n\t\t\t\t\t<\/div>\n\t\t<\/div>\n\t\t\t\t\t\t\t<\/div>\n\t\t<\/section>\n\t\t\t\t\t\t\t<\/div>","protected":false},"excerpt":{"rendered":"<p>Edgar Manuel Barroso Vice Presidente \u00c9 doutorando em Rela\u00e7\u00f5es Internacionais pelo Instituto de Estudos Sociais da Ankara Yildirim Beyazit University e Mestre em Estudos Africanos com Especializa\u00e7\u00e3o em Educa\u00e7\u00e3o e Desenvolvimento, pela Faculdade de Letras da Universidade de Porto. em 2013 foi consagrado Melhor escritor em \u201cMulher e Participa\u00e7\u00e3o Pol\u00edtica&#8221;, pela Gender Links-Southern Africa. Eliana [&hellip;]<\/p>","protected":false},"author":1,"featured_media":0,"parent":0,"menu_order":0,"comment_status":"closed","ping_status":"closed","template":"","meta":{"footnotes":""},"class_list":["post-1484","page","type-page","status-publish","hentry"],"yoast_head":"<!-- This site is optimized with the Yoast SEO plugin v24.0 - https:\/\/yoast.com\/wordpress\/plugins\/seo\/ -->\n<title>Conselho Fiscal - Alternactiva<\/title>\n<meta name=\"robots\" content=\"index, follow, max-snippet:-1, max-image-preview:large, max-video-preview:-1\" \/>\n<link rel=\"canonical\" href=\"https:\/\/alternactiva.co.mz\/en\/conselho-fiscal\/\" \/>\n<meta property=\"og:locale\" content=\"en_GB\" \/>\n<meta property=\"og:type\" content=\"article\" \/>\n<meta property=\"og:title\" content=\"Conselho Fiscal - Alternactiva\" \/>\n<meta property=\"og:description\" content=\"Edgar Manuel Barroso Vice Presidente \u00c9 doutorando em Rela\u00e7\u00f5es Internacionais pelo Instituto de Estudos Sociais da Ankara Yildirim Beyazit University e Mestre em Estudos Africanos com Especializa\u00e7\u00e3o em Educa\u00e7\u00e3o e Desenvolvimento, pela Faculdade de Letras da Universidade de Porto. em 2013 foi consagrado Melhor escritor em \u201cMulher e Participa\u00e7\u00e3o Pol\u00edtica&#8221;, pela Gender Links-Southern Africa. Eliana [&hellip;]\" \/>\n<meta property=\"og:url\" content=\"https:\/\/alternactiva.co.mz\/en\/conselho-fiscal\/\" \/>\n<meta property=\"og:site_name\" content=\"Alternactiva\" \/>\n<meta property=\"article:publisher\" content=\"https:\/\/www.facebook.com\/Alternactiva-771376996531249\" \/>\n<meta property=\"article:modified_time\" content=\"2023-09-08T13:49:39+00:00\" \/>\n<meta property=\"og:image\" content=\"http:\/\/alternactiva.co.mz\/wp-content\/uploads\/2023\/06\/Edgar-Manuel-Barroso.jpg\" \/>\n<meta name=\"twitter:card\" content=\"summary_large_image\" \/>\n<meta name=\"twitter:site\" content=\"@AlternactivaMZ\" \/>\n<meta name=\"twitter:label1\" content=\"Estimated reading time\" \/>\n\t<meta name=\"twitter:data1\" content=\"2 minutes\" \/>\n<script type=\"application\/ld+json\" class=\"yoast-schema-graph\">{\"@context\":\"https:\/\/schema.org\",\"@graph\":[{\"@type\":\"WebPage\",\"@id\":\"https:\/\/alternactiva.co.mz\/conselho-fiscal\/\",\"url\":\"https:\/\/alternactiva.co.mz\/conselho-fiscal\/\",\"name\":\"Conselho Fiscal - Alternactiva\",\"isPartOf\":{\"@id\":\"https:\/\/alternactiva.co.mz\/#website\"},\"primaryImageOfPage\":{\"@id\":\"https:\/\/alternactiva.co.mz\/conselho-fiscal\/#primaryimage\"},\"image\":{\"@id\":\"https:\/\/alternactiva.co.mz\/conselho-fiscal\/#primaryimage\"},\"thumbnailUrl\":\"http:\/\/alternactiva.co.mz\/wp-content\/uploads\/2023\/06\/Edgar-Manuel-Barroso.jpg\",\"datePublished\":\"2023-06-03T23:46:21+00:00\",\"dateModified\":\"2023-09-08T13:49:39+00:00\",\"breadcrumb\":{\"@id\":\"https:\/\/alternactiva.co.mz\/conselho-fiscal\/#breadcrumb\"},\"inLanguage\":\"en-GB\",\"potentialAction\":[{\"@type\":\"ReadAction\",\"target\":[\"https:\/\/alternactiva.co.mz\/conselho-fiscal\/\"]}]},{\"@type\":\"ImageObject\",\"inLanguage\":\"en-GB\",\"@id\":\"https:\/\/alternactiva.co.mz\/conselho-fiscal\/#primaryimage\",\"url\":\"http:\/\/alternactiva.co.mz\/wp-content\/uploads\/2023\/06\/Edgar-Manuel-Barroso.jpg\",\"contentUrl\":\"http:\/\/alternactiva.co.mz\/wp-content\/uploads\/2023\/06\/Edgar-Manuel-Barroso.jpg\"},{\"@type\":\"BreadcrumbList\",\"@id\":\"https:\/\/alternactiva.co.mz\/conselho-fiscal\/#breadcrumb\",\"itemListElement\":[{\"@type\":\"ListItem\",\"position\":1,\"name\":\"Home\",\"item\":\"https:\/\/alternactiva.co.mz\/\"},{\"@type\":\"ListItem\",\"position\":2,\"name\":\"Conselho Fiscal\"}]},{\"@type\":\"WebSite\",\"@id\":\"https:\/\/alternactiva.co.mz\/#website\",\"url\":\"https:\/\/alternactiva.co.mz\/\",\"name\":\"Alternactiva\",\"description\":\"\",\"publisher\":{\"@id\":\"https:\/\/alternactiva.co.mz\/#organization\"},\"potentialAction\":[{\"@type\":\"SearchAction\",\"target\":{\"@type\":\"EntryPoint\",\"urlTemplate\":\"https:\/\/alternactiva.co.mz\/?s={search_term_string}\"},\"query-input\":{\"@type\":\"PropertyValueSpecification\",\"valueRequired\":true,\"valueName\":\"search_term_string\"}}],\"inLanguage\":\"en-GB\"},{\"@type\":\"Organization\",\"@id\":\"https:\/\/alternactiva.co.mz\/#organization\",\"name\":\"Alternactiva\",\"url\":\"https:\/\/alternactiva.co.mz\/\",\"logo\":{\"@type\":\"ImageObject\",\"inLanguage\":\"en-GB\",\"@id\":\"https:\/\/alternactiva.co.mz\/#\/schema\/logo\/image\/\",\"url\":\"https:\/\/alternactiva.co.mz\/wp-content\/uploads\/2023\/05\/alternactiva-white.png\",\"contentUrl\":\"https:\/\/alternactiva.co.mz\/wp-content\/uploads\/2023\/05\/alternactiva-white.png\",\"width\":300,\"height\":171,\"caption\":\"Alternactiva\"},\"image\":{\"@id\":\"https:\/\/alternactiva.co.mz\/#\/schema\/logo\/image\/\"},\"sameAs\":[\"https:\/\/www.facebook.com\/Alternactiva-771376996531249\",\"https:\/\/x.com\/AlternactivaMZ\",\"https:\/\/www.instagram.com\/alternactivamoz\/\",\"https:\/\/www.youtube.com\/@alternactivaplataforma4685\"]}]}<\/script>\n<!-- \/ Yoast SEO plugin. -->","yoast_head_json":{"title":"Conselho Fiscal - Alternactiva","robots":{"index":"index","follow":"follow","max-snippet":"max-snippet:-1","max-image-preview":"max-image-preview:large","max-video-preview":"max-video-preview:-1"},"canonical":"https:\/\/alternactiva.co.mz\/en\/conselho-fiscal\/","og_locale":"en_GB","og_type":"article","og_title":"Conselho Fiscal - Alternactiva","og_description":"Edgar Manuel Barroso Vice Presidente \u00c9 doutorando em Rela\u00e7\u00f5es Internacionais pelo Instituto de Estudos Sociais da Ankara Yildirim Beyazit University e Mestre em Estudos Africanos com Especializa\u00e7\u00e3o em Educa\u00e7\u00e3o e Desenvolvimento, pela Faculdade de Letras da Universidade de Porto. em 2013 foi consagrado Melhor escritor em \u201cMulher e Participa\u00e7\u00e3o Pol\u00edtica&#8221;, pela Gender Links-Southern Africa. Eliana [&hellip;]","og_url":"https:\/\/alternactiva.co.mz\/en\/conselho-fiscal\/","og_site_name":"Alternactiva","article_publisher":"https:\/\/www.facebook.com\/Alternactiva-771376996531249","article_modified_time":"2023-09-08T13:49:39+00:00","og_image":[{"url":"http:\/\/alternactiva.co.mz\/wp-content\/uploads\/2023\/06\/Edgar-Manuel-Barroso.jpg","type":"","width":"","height":""}],"twitter_card":"summary_large_image","twitter_site":"@AlternactivaMZ","twitter_misc":{"Estimated reading time":"2 minutes"},"schema":{"@context":"https:\/\/schema.org","@graph":[{"@type":"WebPage","@id":"https:\/\/alternactiva.co.mz\/conselho-fiscal\/","url":"https:\/\/alternactiva.co.mz\/conselho-fiscal\/","name":"Conselho Fiscal - Alternactiva","isPartOf":{"@id":"https:\/\/alternactiva.co.mz\/#website"},"primaryImageOfPage":{"@id":"https:\/\/alternactiva.co.mz\/conselho-fiscal\/#primaryimage"},"image":{"@id":"https:\/\/alternactiva.co.mz\/conselho-fiscal\/#primaryimage"},"thumbnailUrl":"http:\/\/alternactiva.co.mz\/wp-content\/uploads\/2023\/06\/Edgar-Manuel-Barroso.jpg","datePublished":"2023-06-03T23:46:21+00:00","dateModified":"2023-09-08T13:49:39+00:00","breadcrumb":{"@id":"https:\/\/alternactiva.co.mz\/conselho-fiscal\/#breadcrumb"},"inLanguage":"en-GB","potentialAction":[{"@type":"ReadAction","target":["https:\/\/alternactiva.co.mz\/conselho-fiscal\/"]}]},{"@type":"ImageObject","inLanguage":"en-GB","@id":"https:\/\/alternactiva.co.mz\/conselho-fiscal\/#primaryimage","url":"http:\/\/alternactiva.co.mz\/wp-content\/uploads\/2023\/06\/Edgar-Manuel-Barroso.jpg","contentUrl":"http:\/\/alternactiva.co.mz\/wp-content\/uploads\/2023\/06\/Edgar-Manuel-Barroso.jpg"},{"@type":"BreadcrumbList","@id":"https:\/\/alternactiva.co.mz\/conselho-fiscal\/#breadcrumb","itemListElement":[{"@type":"ListItem","position":1,"name":"Home","item":"https:\/\/alternactiva.co.mz\/"},{"@type":"ListItem","position":2,"name":"Conselho Fiscal"}]},{"@type":"WebSite","@id":"https:\/\/alternactiva.co.mz\/#website","url":"https:\/\/alternactiva.co.mz\/","name":"Alternactiva","description":"","publisher":{"@id":"https:\/\/alternactiva.co.mz\/#organization"},"potentialAction":[{"@type":"SearchAction","target":{"@type":"EntryPoint","urlTemplate":"https:\/\/alternactiva.co.mz\/?s={search_term_string}"},"query-input":{"@type":"PropertyValueSpecification","valueRequired":true,"valueName":"search_term_string"}}],"inLanguage":"en-GB"},{"@type":"Organization","@id":"https:\/\/alternactiva.co.mz\/#organization","name":"Alternactiva","url":"https:\/\/alternactiva.co.mz\/","logo":{"@type":"ImageObject","inLanguage":"en-GB","@id":"https:\/\/alternactiva.co.mz\/#\/schema\/logo\/image\/","url":"https:\/\/alternactiva.co.mz\/wp-content\/uploads\/2023\/05\/alternactiva-white.png","contentUrl":"https:\/\/alternactiva.co.mz\/wp-content\/uploads\/2023\/05\/alternactiva-white.png","width":300,"height":171,"caption":"Alternactiva"},"image":{"@id":"https:\/\/alternactiva.co.mz\/#\/schema\/logo\/image\/"},"sameAs":["https:\/\/www.facebook.com\/Alternactiva-771376996531249","https:\/\/x.com\/AlternactivaMZ","https:\/\/www.instagram.com\/alternactivamoz\/","https:\/\/www.youtube.com\/@alternactivaplataforma4685"]}]}},"_links":{"self":[{"href":"https:\/\/alternactiva.co.mz\/en\/wp-json\/wp\/v2\/pages\/1484","targetHints":{"allow":["GET"]}}],"collection":[{"href":"https:\/\/alternactiva.co.mz\/en\/wp-json\/wp\/v2\/pages"}],"about":[{"href":"https:\/\/alternactiva.co.mz\/en\/wp-json\/wp\/v2\/types\/page"}],"author":[{"embeddable":true,"href":"https:\/\/alternactiva.co.mz\/en\/wp-json\/wp\/v2\/users\/1"}],"replies":[{"embeddable":true,"href":"https:\/\/alternactiva.co.mz\/en\/wp-json\/wp\/v2\/comments?post=1484"}],"version-history":[{"count":16,"href":"https:\/\/alternactiva.co.mz\/en\/wp-json\/wp\/v2\/pages\/1484\/revisions"}],"predecessor-version":[{"id":2714,"href":"https:\/\/alternactiva.co.mz\/en\/wp-json\/wp\/v2\/pages\/1484\/revisions\/2714"}],"wp:attachment":[{"href":"https:\/\/alternactiva.co.mz\/en\/wp-json\/wp\/v2\/media?parent=1484"}],"curies":[{"name":"wp","href":"https:\/\/api.w.org\/{rel}","templated":true}]}}