{"id":1538,"date":"2023-06-04T00:34:42","date_gmt":"2023-06-04T00:34:42","guid":{"rendered":"http:\/\/alternactiva.co.mz\/conselho-de-direccao-copy\/"},"modified":"2023-09-08T13:50:13","modified_gmt":"2023-09-08T13:50:13","slug":"staff-tecnico","status":"publish","type":"page","link":"https:\/\/alternactiva.co.mz\/en\/staff-tecnico\/","title":{"rendered":"Technical staff"},"content":{"rendered":"<div data-elementor-type=\"wp-page\" data-elementor-id=\"1538\" class=\"elementor elementor-1538\">\n\t\t\t\t\t\t\t\t\t<section class=\"elementor-section elementor-top-section elementor-element elementor-element-0f79d98 elementor-section-boxed elementor-section-height-default elementor-section-height-default\" data-id=\"0f79d98\" data-element_type=\"section\">\n\t\t\t\t\t\t<div class=\"elementor-container elementor-column-gap-default\">\n\t\t\t\t\t<div class=\"elementor-column elementor-col-100 elementor-top-column elementor-element elementor-element-46d6a98\" data-id=\"46d6a98\" data-element_type=\"column\">\n\t\t\t<div class=\"elementor-widget-wrap elementor-element-populated\">\n\t\t\t\t\t\t\t\t<section class=\"elementor-section elementor-inner-section elementor-element elementor-element-60f525b elementor-section-boxed elementor-section-height-default elementor-section-height-default\" data-id=\"60f525b\" data-element_type=\"section\">\n\t\t\t\t\t\t<div class=\"elementor-container elementor-column-gap-default\">\n\t\t\t\t\t<div class=\"elementor-column elementor-col-50 elementor-inner-column elementor-element elementor-element-673f298\" data-id=\"673f298\" data-element_type=\"column\">\n\t\t\t<div class=\"elementor-widget-wrap elementor-element-populated\">\n\t\t\t\t\t\t\t\t<div class=\"elementor-element elementor-element-446e7a8 elementor-widget elementor-widget-image\" data-id=\"446e7a8\" data-element_type=\"widget\" data-widget_type=\"image.default\">\n\t\t\t\t<div class=\"elementor-widget-container\">\n\t\t\t<style>\/*! elementor - v3.16.0 - 13-09-2023 *\/\n.elementor-widget-image{text-align:center}.elementor-widget-image a{display:inline-block}.elementor-widget-image a img[src$=\".svg\"]{width:48px}.elementor-widget-image img{vertical-align:middle;display:inline-block}<\/style>\t\t\t\t\t\t\t\t\t\t\t\t<img loading=\"lazy\" decoding=\"async\" width=\"800\" height=\"800\" src=\"https:\/\/alternactiva.co.mz\/wp-content\/uploads\/2023\/06\/Euridse-Samuel.jpg\" class=\"attachment-large size-large wp-image-1525\" alt=\"\" srcset=\"https:\/\/alternactiva.co.mz\/wp-content\/uploads\/2023\/06\/Euridse-Samuel.jpg 800w, https:\/\/alternactiva.co.mz\/wp-content\/uploads\/2023\/06\/Euridse-Samuel-300x300.jpg 300w, https:\/\/alternactiva.co.mz\/wp-content\/uploads\/2023\/06\/Euridse-Samuel-150x150.jpg 150w, https:\/\/alternactiva.co.mz\/wp-content\/uploads\/2023\/06\/Euridse-Samuel-768x768.jpg 768w\" sizes=\"auto, (max-width: 800px) 100vw, 800px\" \/>\t\t\t\t\t\t\t\t\t\t\t\t\t\t\t<\/div>\n\t\t\t\t<\/div>\n\t\t\t\t\t<\/div>\n\t\t<\/div>\n\t\t\t\t<div class=\"elementor-column elementor-col-50 elementor-inner-column elementor-element elementor-element-0f9e485\" data-id=\"0f9e485\" data-element_type=\"column\">\n\t\t\t<div class=\"elementor-widget-wrap elementor-element-populated\">\n\t\t\t\t\t\t\t\t<div class=\"elementor-element elementor-element-297e68c elementor-widget elementor-widget-heading\" data-id=\"297e68c\" data-element_type=\"widget\" data-widget_type=\"heading.default\">\n\t\t\t\t<div class=\"elementor-widget-container\">\n\t\t\t<style>\/*! elementor - v3.16.0 - 13-09-2023 *\/\n.elementor-heading-title{padding:0;margin:0;line-height:1}.elementor-widget-heading .elementor-heading-title[class*=elementor-size-]>a{color:inherit;font-size:inherit;line-height:inherit}.elementor-widget-heading .elementor-heading-title.elementor-size-small{font-size:15px}.elementor-widget-heading .elementor-heading-title.elementor-size-medium{font-size:19px}.elementor-widget-heading .elementor-heading-title.elementor-size-large{font-size:29px}.elementor-widget-heading .elementor-heading-title.elementor-size-xl{font-size:39px}.elementor-widget-heading .elementor-heading-title.elementor-size-xxl{font-size:59px}<\/style><h2 class=\"elementor-heading-title elementor-size-default\">Euridese Samuel <\/h2>\t\t<\/div>\n\t\t\t\t<\/div>\n\t\t\t\t<div class=\"elementor-element elementor-element-6a69368 elementor-widget elementor-widget-text-editor\" data-id=\"6a69368\" data-element_type=\"widget\" data-widget_type=\"text-editor.default\">\n\t\t\t\t<div class=\"elementor-widget-container\">\n\t\t\t<style>\/*! elementor - v3.16.0 - 13-09-2023 *\/\n.elementor-widget-text-editor.elementor-drop-cap-view-stacked .elementor-drop-cap{background-color:#69727d;color:#fff}.elementor-widget-text-editor.elementor-drop-cap-view-framed .elementor-drop-cap{color:#69727d;border:3px solid;background-color:transparent}.elementor-widget-text-editor:not(.elementor-drop-cap-view-default) .elementor-drop-cap{margin-top:8px}.elementor-widget-text-editor:not(.elementor-drop-cap-view-default) .elementor-drop-cap-letter{width:1em;height:1em}.elementor-widget-text-editor .elementor-drop-cap{float:left;text-align:center;line-height:1;font-size:50px}.elementor-widget-text-editor .elementor-drop-cap-letter{display:inline-block}<\/style>\t\t\t\t<p>Administrative assistant (Graduate in Sociology from Eduardo Modlane University. She was part of the executive secretariat at the 14th Worlds of Women congress. She was a Research Assistant at the Health and Society Research Group-Department of Sociology-UEM.<\/p>\t\t\t\t\t\t<\/div>\n\t\t\t\t<\/div>\n\t\t\t\t\t<\/div>\n\t\t<\/div>\n\t\t\t\t\t\t\t<\/div>\n\t\t<\/section>\n\t\t\t\t<section class=\"elementor-section elementor-inner-section elementor-element elementor-element-2e3202b elementor-section-boxed elementor-section-height-default elementor-section-height-default\" data-id=\"2e3202b\" data-element_type=\"section\">\n\t\t\t\t\t\t<div class=\"elementor-container elementor-column-gap-default\">\n\t\t\t\t\t<div class=\"elementor-column elementor-col-50 elementor-inner-column elementor-element elementor-element-80298f4\" data-id=\"80298f4\" data-element_type=\"column\">\n\t\t\t<div class=\"elementor-widget-wrap elementor-element-populated\">\n\t\t\t\t\t\t\t\t<div class=\"elementor-element elementor-element-8a594e4 elementor-widget elementor-widget-image\" data-id=\"8a594e4\" data-element_type=\"widget\" data-widget_type=\"image.default\">\n\t\t\t\t<div class=\"elementor-widget-container\">\n\t\t\t\t\t\t\t\t\t\t\t\t\t\t\t<img loading=\"lazy\" decoding=\"async\" width=\"800\" height=\"800\" src=\"https:\/\/alternactiva.co.mz\/wp-content\/uploads\/2023\/06\/remigio-chilaule.jpg\" class=\"attachment-large size-large wp-image-1480\" alt=\"\" srcset=\"https:\/\/alternactiva.co.mz\/wp-content\/uploads\/2023\/06\/remigio-chilaule.jpg 800w, https:\/\/alternactiva.co.mz\/wp-content\/uploads\/2023\/06\/remigio-chilaule-300x300.jpg 300w, https:\/\/alternactiva.co.mz\/wp-content\/uploads\/2023\/06\/remigio-chilaule-150x150.jpg 150w, https:\/\/alternactiva.co.mz\/wp-content\/uploads\/2023\/06\/remigio-chilaule-768x768.jpg 768w\" sizes=\"auto, (max-width: 800px) 100vw, 800px\" \/>\t\t\t\t\t\t\t\t\t\t\t\t\t\t\t<\/div>\n\t\t\t\t<\/div>\n\t\t\t\t\t<\/div>\n\t\t<\/div>\n\t\t\t\t<div class=\"elementor-column elementor-col-50 elementor-inner-column elementor-element elementor-element-7c5c98e\" data-id=\"7c5c98e\" data-element_type=\"column\">\n\t\t\t<div class=\"elementor-widget-wrap elementor-element-populated\">\n\t\t\t\t\t\t\t\t<div class=\"elementor-element elementor-element-b586988 elementor-widget elementor-widget-heading\" data-id=\"b586988\" data-element_type=\"widget\" data-widget_type=\"heading.default\">\n\t\t\t\t<div class=\"elementor-widget-container\">\n\t\t\t<h2 class=\"elementor-heading-title elementor-size-default\">Remigio Van Eyes Chilaule<\/h2>\t\t<\/div>\n\t\t\t\t<\/div>\n\t\t\t\t<div class=\"elementor-element elementor-element-94b234b elementor-widget elementor-widget-heading\" data-id=\"94b234b\" data-element_type=\"widget\" data-widget_type=\"heading.default\">\n\t\t\t\t<div class=\"elementor-widget-container\">\n\t\t\t<h2 class=\"elementor-heading-title elementor-size-default\">Treasurer <\/h2>\t\t<\/div>\n\t\t\t\t<\/div>\n\t\t\t\t<div class=\"elementor-element elementor-element-e8a8bf9 elementor-widget elementor-widget-text-editor\" data-id=\"e8a8bf9\" data-element_type=\"widget\" data-widget_type=\"text-editor.default\">\n\t\t\t\t<div class=\"elementor-widget-container\">\n\t\t\t\t\t\t\t<p>Rem\u00edgio Chilaule is an architect and urban planner, graduated from the Faculty of Architecture and Physical Planning at UEM, where he currently teaches the nuclear laboratory chair. Among his projects, the co-authorship of the architectural debate proposal Futures of Mafalala, and the direction of the HUEIV laboratory laboratory.de.arquitectura, responsible for the construction project of the Mafalala Museum, stand out. Rem\u00edgio also leads the community initiative #MapeandoMeuBairro, which seeks to fill the large gap in geospatial information about informal settlements in Mozambique, using participatory mapping methods and techniques. Rem\u00edgio is also a volunteer activist for the Humanist Movement<\/p>\t\t\t\t\t\t<\/div>\n\t\t\t\t<\/div>\n\t\t\t\t\t<\/div>\n\t\t<\/div>\n\t\t\t\t\t\t\t<\/div>\n\t\t<\/section>\n\t\t\t\t<section class=\"elementor-section elementor-inner-section elementor-element elementor-element-16c1a74 elementor-section-boxed elementor-section-height-default elementor-section-height-default\" data-id=\"16c1a74\" data-element_type=\"section\">\n\t\t\t\t\t\t<div class=\"elementor-container elementor-column-gap-default\">\n\t\t\t\t\t<div class=\"elementor-column elementor-col-50 elementor-inner-column elementor-element elementor-element-2b6c3e6\" data-id=\"2b6c3e6\" data-element_type=\"column\">\n\t\t\t<div class=\"elementor-widget-wrap elementor-element-populated\">\n\t\t\t\t\t\t\t\t<div class=\"elementor-element elementor-element-78dcfea elementor-widget elementor-widget-image\" data-id=\"78dcfea\" data-element_type=\"widget\" data-widget_type=\"image.default\">\n\t\t\t\t<div class=\"elementor-widget-container\">\n\t\t\t\t\t\t\t\t\t\t\t\t\t\t\t<img loading=\"lazy\" decoding=\"async\" width=\"800\" height=\"800\" src=\"https:\/\/alternactiva.co.mz\/wp-content\/uploads\/2023\/06\/user.jpg\" class=\"attachment-large size-large wp-image-1466\" alt=\"\" srcset=\"https:\/\/alternactiva.co.mz\/wp-content\/uploads\/2023\/06\/user.jpg 800w, https:\/\/alternactiva.co.mz\/wp-content\/uploads\/2023\/06\/user-300x300.jpg 300w, https:\/\/alternactiva.co.mz\/wp-content\/uploads\/2023\/06\/user-150x150.jpg 150w, https:\/\/alternactiva.co.mz\/wp-content\/uploads\/2023\/06\/user-768x768.jpg 768w\" sizes=\"auto, (max-width: 800px) 100vw, 800px\" \/>\t\t\t\t\t\t\t\t\t\t\t\t\t\t\t<\/div>\n\t\t\t\t<\/div>\n\t\t\t\t\t<\/div>\n\t\t<\/div>\n\t\t\t\t<div class=\"elementor-column elementor-col-50 elementor-inner-column elementor-element elementor-element-4071b58\" data-id=\"4071b58\" data-element_type=\"column\">\n\t\t\t<div class=\"elementor-widget-wrap elementor-element-populated\">\n\t\t\t\t\t\t\t\t<div class=\"elementor-element elementor-element-385c7c3 elementor-widget elementor-widget-heading\" data-id=\"385c7c3\" data-element_type=\"widget\" data-widget_type=\"heading.default\">\n\t\t\t\t<div class=\"elementor-widget-container\">\n\t\t\t<h2 class=\"elementor-heading-title elementor-size-default\">Uzna Monteira<\/h2>\t\t<\/div>\n\t\t\t\t<\/div>\n\t\t\t\t<div class=\"elementor-element elementor-element-60b8329 elementor-widget elementor-widget-text-editor\" data-id=\"60b8329\" data-element_type=\"widget\" data-widget_type=\"text-editor.default\">\n\t\t\t\t<div class=\"elementor-widget-container\">\n\t\t\t\t\t\t\t<p>Project Coordinator (Graduated in Anthropology from Eduardo Mondlane University. And activist in social movements, having stood out as a feminist activist in Matabicho Feminista. Previously she has coordinated projects at ALTERNATIVA such as: Research and Popular Education towards climate justice: community based strategies against resource extraction and climate injustice in rural Mozambique; and Adapting the power, transforming the region \u2013 regional coalition towards inclusive climate change adaptation.<\/p>\t\t\t\t\t\t<\/div>\n\t\t\t\t<\/div>\n\t\t\t\t\t<\/div>\n\t\t<\/div>\n\t\t\t\t\t\t\t<\/div>\n\t\t<\/section>\n\t\t\t\t\t<\/div>\n\t\t<\/div>\n\t\t\t\t\t\t\t<\/div>\n\t\t<\/section>\n\t\t\t\t\t\t\t<\/div>","protected":false},"excerpt":{"rendered":"<p>Euridese Samuel Assistente administrativa (Lincenciada em Sociologia pela Universidade Eduardo Modlane. Fez parte do secretariado executivo no 14\u00ba congresso Mundos de Mulheres. Foi assistente de Pesquisa no Grupo de Pesquisa Sa\u00fade e Sociedade-Departamento de Sociologia-UEM. Remigio Van Eyes Chilaule Tesoureiro Rem\u00edgio Chilaule \u00e9 arquitecto e urbanista, formado pela Faculdade de Arquitectura e Planeamento F\u00edsico da [&hellip;]<\/p>","protected":false},"author":1,"featured_media":0,"parent":0,"menu_order":0,"comment_status":"closed","ping_status":"closed","template":"","meta":{"footnotes":""},"class_list":["post-1538","page","type-page","status-publish","hentry"],"yoast_head":"<!-- This site is optimized with the Yoast SEO plugin v24.0 - https:\/\/yoast.com\/wordpress\/plugins\/seo\/ -->\n<title>Staff t\u00e9cnico - Alternactiva<\/title>\n<meta name=\"robots\" content=\"index, follow, max-snippet:-1, max-image-preview:large, max-video-preview:-1\" \/>\n<link rel=\"canonical\" href=\"https:\/\/alternactiva.co.mz\/en\/staff-tecnico\/\" \/>\n<meta property=\"og:locale\" content=\"en_GB\" \/>\n<meta property=\"og:type\" content=\"article\" \/>\n<meta property=\"og:title\" content=\"Staff t\u00e9cnico - Alternactiva\" \/>\n<meta property=\"og:description\" content=\"Euridese Samuel Assistente administrativa (Lincenciada em Sociologia pela Universidade Eduardo Modlane. Fez parte do secretariado executivo no 14\u00ba congresso Mundos de Mulheres. Foi assistente de Pesquisa no Grupo de Pesquisa Sa\u00fade e Sociedade-Departamento de Sociologia-UEM. Remigio Van Eyes Chilaule Tesoureiro Rem\u00edgio Chilaule \u00e9 arquitecto e urbanista, formado pela Faculdade de Arquitectura e Planeamento F\u00edsico da [&hellip;]\" \/>\n<meta property=\"og:url\" content=\"https:\/\/alternactiva.co.mz\/en\/staff-tecnico\/\" \/>\n<meta property=\"og:site_name\" content=\"Alternactiva\" \/>\n<meta property=\"article:publisher\" content=\"https:\/\/www.facebook.com\/Alternactiva-771376996531249\" \/>\n<meta property=\"article:modified_time\" content=\"2023-09-08T13:50:13+00:00\" \/>\n<meta property=\"og:image\" content=\"http:\/\/alternactiva.co.mz\/wp-content\/uploads\/2023\/06\/Euridse-Samuel.jpg\" \/>\n<meta name=\"twitter:card\" content=\"summary_large_image\" \/>\n<meta name=\"twitter:site\" content=\"@AlternactivaMZ\" \/>\n<meta name=\"twitter:label1\" content=\"Estimated reading time\" \/>\n\t<meta name=\"twitter:data1\" content=\"2 minutes\" \/>\n<script type=\"application\/ld+json\" class=\"yoast-schema-graph\">{\"@context\":\"https:\/\/schema.org\",\"@graph\":[{\"@type\":\"WebPage\",\"@id\":\"https:\/\/alternactiva.co.mz\/staff-tecnico\/\",\"url\":\"https:\/\/alternactiva.co.mz\/staff-tecnico\/\",\"name\":\"Staff t\u00e9cnico - Alternactiva\",\"isPartOf\":{\"@id\":\"https:\/\/alternactiva.co.mz\/#website\"},\"primaryImageOfPage\":{\"@id\":\"https:\/\/alternactiva.co.mz\/staff-tecnico\/#primaryimage\"},\"image\":{\"@id\":\"https:\/\/alternactiva.co.mz\/staff-tecnico\/#primaryimage\"},\"thumbnailUrl\":\"http:\/\/alternactiva.co.mz\/wp-content\/uploads\/2023\/06\/Euridse-Samuel.jpg\",\"datePublished\":\"2023-06-04T00:34:42+00:00\",\"dateModified\":\"2023-09-08T13:50:13+00:00\",\"breadcrumb\":{\"@id\":\"https:\/\/alternactiva.co.mz\/staff-tecnico\/#breadcrumb\"},\"inLanguage\":\"en-GB\",\"potentialAction\":[{\"@type\":\"ReadAction\",\"target\":[\"https:\/\/alternactiva.co.mz\/staff-tecnico\/\"]}]},{\"@type\":\"ImageObject\",\"inLanguage\":\"en-GB\",\"@id\":\"https:\/\/alternactiva.co.mz\/staff-tecnico\/#primaryimage\",\"url\":\"http:\/\/alternactiva.co.mz\/wp-content\/uploads\/2023\/06\/Euridse-Samuel.jpg\",\"contentUrl\":\"http:\/\/alternactiva.co.mz\/wp-content\/uploads\/2023\/06\/Euridse-Samuel.jpg\"},{\"@type\":\"BreadcrumbList\",\"@id\":\"https:\/\/alternactiva.co.mz\/staff-tecnico\/#breadcrumb\",\"itemListElement\":[{\"@type\":\"ListItem\",\"position\":1,\"name\":\"Home\",\"item\":\"https:\/\/alternactiva.co.mz\/\"},{\"@type\":\"ListItem\",\"position\":2,\"name\":\"Staff t\u00e9cnico\"}]},{\"@type\":\"WebSite\",\"@id\":\"https:\/\/alternactiva.co.mz\/#website\",\"url\":\"https:\/\/alternactiva.co.mz\/\",\"name\":\"Alternactiva\",\"description\":\"\",\"publisher\":{\"@id\":\"https:\/\/alternactiva.co.mz\/#organization\"},\"potentialAction\":[{\"@type\":\"SearchAction\",\"target\":{\"@type\":\"EntryPoint\",\"urlTemplate\":\"https:\/\/alternactiva.co.mz\/?s={search_term_string}\"},\"query-input\":{\"@type\":\"PropertyValueSpecification\",\"valueRequired\":true,\"valueName\":\"search_term_string\"}}],\"inLanguage\":\"en-GB\"},{\"@type\":\"Organization\",\"@id\":\"https:\/\/alternactiva.co.mz\/#organization\",\"name\":\"Alternactiva\",\"url\":\"https:\/\/alternactiva.co.mz\/\",\"logo\":{\"@type\":\"ImageObject\",\"inLanguage\":\"en-GB\",\"@id\":\"https:\/\/alternactiva.co.mz\/#\/schema\/logo\/image\/\",\"url\":\"https:\/\/alternactiva.co.mz\/wp-content\/uploads\/2023\/05\/alternactiva-white.png\",\"contentUrl\":\"https:\/\/alternactiva.co.mz\/wp-content\/uploads\/2023\/05\/alternactiva-white.png\",\"width\":300,\"height\":171,\"caption\":\"Alternactiva\"},\"image\":{\"@id\":\"https:\/\/alternactiva.co.mz\/#\/schema\/logo\/image\/\"},\"sameAs\":[\"https:\/\/www.facebook.com\/Alternactiva-771376996531249\",\"https:\/\/x.com\/AlternactivaMZ\",\"https:\/\/www.instagram.com\/alternactivamoz\/\",\"https:\/\/www.youtube.com\/@alternactivaplataforma4685\"]}]}<\/script>\n<!-- \/ Yoast SEO plugin. -->","yoast_head_json":{"title":"Staff t\u00e9cnico - Alternactiva","robots":{"index":"index","follow":"follow","max-snippet":"max-snippet:-1","max-image-preview":"max-image-preview:large","max-video-preview":"max-video-preview:-1"},"canonical":"https:\/\/alternactiva.co.mz\/en\/staff-tecnico\/","og_locale":"en_GB","og_type":"article","og_title":"Staff t\u00e9cnico - Alternactiva","og_description":"Euridese Samuel Assistente administrativa (Lincenciada em Sociologia pela Universidade Eduardo Modlane. Fez parte do secretariado executivo no 14\u00ba congresso Mundos de Mulheres. Foi assistente de Pesquisa no Grupo de Pesquisa Sa\u00fade e Sociedade-Departamento de Sociologia-UEM. Remigio Van Eyes Chilaule Tesoureiro Rem\u00edgio Chilaule \u00e9 arquitecto e urbanista, formado pela Faculdade de Arquitectura e Planeamento F\u00edsico da [&hellip;]","og_url":"https:\/\/alternactiva.co.mz\/en\/staff-tecnico\/","og_site_name":"Alternactiva","article_publisher":"https:\/\/www.facebook.com\/Alternactiva-771376996531249","article_modified_time":"2023-09-08T13:50:13+00:00","og_image":[{"url":"http:\/\/alternactiva.co.mz\/wp-content\/uploads\/2023\/06\/Euridse-Samuel.jpg","type":"","width":"","height":""}],"twitter_card":"summary_large_image","twitter_site":"@AlternactivaMZ","twitter_misc":{"Estimated reading time":"2 minutes"},"schema":{"@context":"https:\/\/schema.org","@graph":[{"@type":"WebPage","@id":"https:\/\/alternactiva.co.mz\/staff-tecnico\/","url":"https:\/\/alternactiva.co.mz\/staff-tecnico\/","name":"Staff t\u00e9cnico - Alternactiva","isPartOf":{"@id":"https:\/\/alternactiva.co.mz\/#website"},"primaryImageOfPage":{"@id":"https:\/\/alternactiva.co.mz\/staff-tecnico\/#primaryimage"},"image":{"@id":"https:\/\/alternactiva.co.mz\/staff-tecnico\/#primaryimage"},"thumbnailUrl":"http:\/\/alternactiva.co.mz\/wp-content\/uploads\/2023\/06\/Euridse-Samuel.jpg","datePublished":"2023-06-04T00:34:42+00:00","dateModified":"2023-09-08T13:50:13+00:00","breadcrumb":{"@id":"https:\/\/alternactiva.co.mz\/staff-tecnico\/#breadcrumb"},"inLanguage":"en-GB","potentialAction":[{"@type":"ReadAction","target":["https:\/\/alternactiva.co.mz\/staff-tecnico\/"]}]},{"@type":"ImageObject","inLanguage":"en-GB","@id":"https:\/\/alternactiva.co.mz\/staff-tecnico\/#primaryimage","url":"http:\/\/alternactiva.co.mz\/wp-content\/uploads\/2023\/06\/Euridse-Samuel.jpg","contentUrl":"http:\/\/alternactiva.co.mz\/wp-content\/uploads\/2023\/06\/Euridse-Samuel.jpg"},{"@type":"BreadcrumbList","@id":"https:\/\/alternactiva.co.mz\/staff-tecnico\/#breadcrumb","itemListElement":[{"@type":"ListItem","position":1,"name":"Home","item":"https:\/\/alternactiva.co.mz\/"},{"@type":"ListItem","position":2,"name":"Staff t\u00e9cnico"}]},{"@type":"WebSite","@id":"https:\/\/alternactiva.co.mz\/#website","url":"https:\/\/alternactiva.co.mz\/","name":"Alternactiva","description":"","publisher":{"@id":"https:\/\/alternactiva.co.mz\/#organization"},"potentialAction":[{"@type":"SearchAction","target":{"@type":"EntryPoint","urlTemplate":"https:\/\/alternactiva.co.mz\/?s={search_term_string}"},"query-input":{"@type":"PropertyValueSpecification","valueRequired":true,"valueName":"search_term_string"}}],"inLanguage":"en-GB"},{"@type":"Organization","@id":"https:\/\/alternactiva.co.mz\/#organization","name":"Alternactiva","url":"https:\/\/alternactiva.co.mz\/","logo":{"@type":"ImageObject","inLanguage":"en-GB","@id":"https:\/\/alternactiva.co.mz\/#\/schema\/logo\/image\/","url":"https:\/\/alternactiva.co.mz\/wp-content\/uploads\/2023\/05\/alternactiva-white.png","contentUrl":"https:\/\/alternactiva.co.mz\/wp-content\/uploads\/2023\/05\/alternactiva-white.png","width":300,"height":171,"caption":"Alternactiva"},"image":{"@id":"https:\/\/alternactiva.co.mz\/#\/schema\/logo\/image\/"},"sameAs":["https:\/\/www.facebook.com\/Alternactiva-771376996531249","https:\/\/x.com\/AlternactivaMZ","https:\/\/www.instagram.com\/alternactivamoz\/","https:\/\/www.youtube.com\/@alternactivaplataforma4685"]}]}},"_links":{"self":[{"href":"https:\/\/alternactiva.co.mz\/en\/wp-json\/wp\/v2\/pages\/1538","targetHints":{"allow":["GET"]}}],"collection":[{"href":"https:\/\/alternactiva.co.mz\/en\/wp-json\/wp\/v2\/pages"}],"about":[{"href":"https:\/\/alternactiva.co.mz\/en\/wp-json\/wp\/v2\/types\/page"}],"author":[{"embeddable":true,"href":"https:\/\/alternactiva.co.mz\/en\/wp-json\/wp\/v2\/users\/1"}],"replies":[{"embeddable":true,"href":"https:\/\/alternactiva.co.mz\/en\/wp-json\/wp\/v2\/comments?post=1538"}],"version-history":[{"count":10,"href":"https:\/\/alternactiva.co.mz\/en\/wp-json\/wp\/v2\/pages\/1538\/revisions"}],"predecessor-version":[{"id":2717,"href":"https:\/\/alternactiva.co.mz\/en\/wp-json\/wp\/v2\/pages\/1538\/revisions\/2717"}],"wp:attachment":[{"href":"https:\/\/alternactiva.co.mz\/en\/wp-json\/wp\/v2\/media?parent=1538"}],"curies":[{"name":"wp","href":"https:\/\/api.w.org\/{rel}","templated":true}]}}