{"id":1559,"date":"2023-06-05T06:58:45","date_gmt":"2023-06-05T06:58:45","guid":{"rendered":"http:\/\/alternactiva.co.mz\/?page_id=1559"},"modified":"2023-09-08T10:59:12","modified_gmt":"2023-09-08T10:59:12","slug":"democracia-e-participacao-cidada","status":"publish","type":"page","link":"https:\/\/alternactiva.co.mz\/en\/democracia-e-participacao-cidada\/","title":{"rendered":"Democracy and Citizen Participation"},"content":{"rendered":"<div data-elementor-type=\"wp-page\" data-elementor-id=\"1559\" class=\"elementor elementor-1559\">\n\t\t\t\t\t\t\t\t\t<section class=\"elementor-section elementor-top-section elementor-element elementor-element-87f6865 elementor-section-boxed elementor-section-height-default elementor-section-height-default\" data-id=\"87f6865\" data-element_type=\"section\">\n\t\t\t\t\t\t<div class=\"elementor-container elementor-column-gap-default\">\n\t\t\t\t\t<div class=\"elementor-column elementor-col-50 elementor-top-column elementor-element elementor-element-dbab046\" data-id=\"dbab046\" data-element_type=\"column\">\n\t\t\t<div class=\"elementor-widget-wrap elementor-element-populated\">\n\t\t\t\t\t\t\t\t<div class=\"elementor-element elementor-element-79cff24 elementor-widget elementor-widget-heading\" data-id=\"79cff24\" data-element_type=\"widget\" data-widget_type=\"heading.default\">\n\t\t\t\t<div class=\"elementor-widget-container\">\n\t\t\t<style>\/*! elementor - v3.16.0 - 13-09-2023 *\/\n.elementor-heading-title{padding:0;margin:0;line-height:1}.elementor-widget-heading .elementor-heading-title[class*=elementor-size-]>a{color:inherit;font-size:inherit;line-height:inherit}.elementor-widget-heading .elementor-heading-title.elementor-size-small{font-size:15px}.elementor-widget-heading .elementor-heading-title.elementor-size-medium{font-size:19px}.elementor-widget-heading .elementor-heading-title.elementor-size-large{font-size:29px}.elementor-widget-heading .elementor-heading-title.elementor-size-xl{font-size:39px}.elementor-widget-heading .elementor-heading-title.elementor-size-xxl{font-size:59px}<\/style><h2 class=\"elementor-heading-title elementor-size-default\">Democracy and Citizen Participation<\/h2>\t\t<\/div>\n\t\t\t\t<\/div>\n\t\t\t\t<div class=\"elementor-element elementor-element-92e6fe0 elementor-widget elementor-widget-text-editor\" data-id=\"92e6fe0\" data-element_type=\"widget\" data-widget_type=\"text-editor.default\">\n\t\t\t\t<div class=\"elementor-widget-container\">\n\t\t\t<style>\/*! elementor - v3.16.0 - 13-09-2023 *\/\n.elementor-widget-text-editor.elementor-drop-cap-view-stacked .elementor-drop-cap{background-color:#69727d;color:#fff}.elementor-widget-text-editor.elementor-drop-cap-view-framed .elementor-drop-cap{color:#69727d;border:3px solid;background-color:transparent}.elementor-widget-text-editor:not(.elementor-drop-cap-view-default) .elementor-drop-cap{margin-top:8px}.elementor-widget-text-editor:not(.elementor-drop-cap-view-default) .elementor-drop-cap-letter{width:1em;height:1em}.elementor-widget-text-editor .elementor-drop-cap{float:left;text-align:center;line-height:1;font-size:50px}.elementor-widget-text-editor .elementor-drop-cap-letter{display:inline-block}<\/style>\t\t\t\t<p>Citizen participation is a cornerstone of democracy as it aims to ensure that citizens actively participate in the public decision-making process. <br>The democratic participation of Mozambicans cannot be limited to electing their representatives from time to time. This ALTERNACTIVA area of work is also a response to the increasing reduction of civic space and the intensification of authoritarianism in Mozambique. To prevent the fundamental rights of Mozambicans from being even more threatened than they already are, ALTERNACTIVA actively works to protect and defend the democratic freedoms of Mozambicans and fights so that everyone can express themselves without fear of reprisals and without censorship, in order to create a pluralistic Mozambique with the diversity of opinions necessary for a 21st century democracy.<\/p>\n<p>Citizen participation includes cultural and artistic expressions and creative innovation in general.<\/p>\n<p class=\"translation-block\">See our debate and analysis platform (<a style=\"background-color: #ffffff\" href=\"http:\/\/alternactiva.co.mz\/en\/category\/analise\/\" target=\"_self\">http:\/\/alternactiva.co.mz\/category\/analise\/<\/a>) and the Papo Alternactivo initiative<\/p>\t\t\t\t\t\t<\/div>\n\t\t\t\t<\/div>\n\t\t\t\t\t<\/div>\n\t\t<\/div>\n\t\t\t\t<div class=\"elementor-column elementor-col-50 elementor-top-column elementor-element elementor-element-9642955\" data-id=\"9642955\" data-element_type=\"column\" data-settings=\"{&quot;background_background&quot;:&quot;classic&quot;}\">\n\t\t\t<div class=\"elementor-widget-wrap\">\n\t\t\t\t\t\t\t\t\t<\/div>\n\t\t<\/div>\n\t\t\t\t\t\t\t<\/div>\n\t\t<\/section>\n\t\t\t\t\t\t\t<\/div>","protected":false},"excerpt":{"rendered":"<p>Democracia e Participa\u00e7\u00e3o Cidad\u00e3 A participa\u00e7\u00e3o dos cidad\u00e3os \u00e9 uma pedra angular da democracia, uma vez que visa assegurar que os cidad\u00e3os participem activamente no processo de tomada de decis\u00f5es p\u00fablicas. A participa\u00e7\u00e3o democr\u00e1tica dos mo\u00e7ambicanos n\u00e3o pode limitar-se a eleger os seus representantes de tempos a tempos. Esta \u00e1rea de trabalho de ALTERNACTIVA \u00e9 [&hellip;]<\/p>","protected":false},"author":1,"featured_media":0,"parent":0,"menu_order":0,"comment_status":"closed","ping_status":"closed","template":"","meta":{"footnotes":""},"class_list":["post-1559","page","type-page","status-publish","hentry"],"yoast_head":"<!-- This site is optimized with the Yoast SEO plugin v24.0 - https:\/\/yoast.com\/wordpress\/plugins\/seo\/ -->\n<title>Democracia e Participa\u00e7\u00e3o Cidad\u00e3 - Alternactiva<\/title>\n<meta name=\"robots\" content=\"index, follow, max-snippet:-1, max-image-preview:large, max-video-preview:-1\" \/>\n<link rel=\"canonical\" href=\"https:\/\/alternactiva.co.mz\/en\/democracia-e-participacao-cidada\/\" \/>\n<meta property=\"og:locale\" content=\"en_GB\" \/>\n<meta property=\"og:type\" content=\"article\" \/>\n<meta property=\"og:title\" content=\"Democracia e Participa\u00e7\u00e3o Cidad\u00e3 - Alternactiva\" \/>\n<meta property=\"og:description\" content=\"Democracia e Participa\u00e7\u00e3o Cidad\u00e3 A participa\u00e7\u00e3o dos cidad\u00e3os \u00e9 uma pedra angular da democracia, uma vez que visa assegurar que os cidad\u00e3os participem activamente no processo de tomada de decis\u00f5es p\u00fablicas. A participa\u00e7\u00e3o democr\u00e1tica dos mo\u00e7ambicanos n\u00e3o pode limitar-se a eleger os seus representantes de tempos a tempos. Esta \u00e1rea de trabalho de ALTERNACTIVA \u00e9 [&hellip;]\" \/>\n<meta property=\"og:url\" content=\"https:\/\/alternactiva.co.mz\/en\/democracia-e-participacao-cidada\/\" \/>\n<meta property=\"og:site_name\" content=\"Alternactiva\" \/>\n<meta property=\"article:publisher\" content=\"https:\/\/www.facebook.com\/Alternactiva-771376996531249\" \/>\n<meta property=\"article:modified_time\" content=\"2023-09-08T10:59:12+00:00\" \/>\n<meta name=\"twitter:card\" content=\"summary_large_image\" \/>\n<meta name=\"twitter:site\" content=\"@AlternactivaMZ\" \/>\n<meta name=\"twitter:label1\" content=\"Estimated reading time\" \/>\n\t<meta name=\"twitter:data1\" content=\"1 minute\" \/>\n<script type=\"application\/ld+json\" class=\"yoast-schema-graph\">{\"@context\":\"https:\/\/schema.org\",\"@graph\":[{\"@type\":\"WebPage\",\"@id\":\"https:\/\/alternactiva.co.mz\/democracia-e-participacao-cidada\/\",\"url\":\"https:\/\/alternactiva.co.mz\/democracia-e-participacao-cidada\/\",\"name\":\"Democracia e Participa\u00e7\u00e3o Cidad\u00e3 - Alternactiva\",\"isPartOf\":{\"@id\":\"https:\/\/alternactiva.co.mz\/#website\"},\"datePublished\":\"2023-06-05T06:58:45+00:00\",\"dateModified\":\"2023-09-08T10:59:12+00:00\",\"breadcrumb\":{\"@id\":\"https:\/\/alternactiva.co.mz\/democracia-e-participacao-cidada\/#breadcrumb\"},\"inLanguage\":\"en-GB\",\"potentialAction\":[{\"@type\":\"ReadAction\",\"target\":[\"https:\/\/alternactiva.co.mz\/democracia-e-participacao-cidada\/\"]}]},{\"@type\":\"BreadcrumbList\",\"@id\":\"https:\/\/alternactiva.co.mz\/democracia-e-participacao-cidada\/#breadcrumb\",\"itemListElement\":[{\"@type\":\"ListItem\",\"position\":1,\"name\":\"Home\",\"item\":\"https:\/\/alternactiva.co.mz\/\"},{\"@type\":\"ListItem\",\"position\":2,\"name\":\"Democracia e Participa\u00e7\u00e3o Cidad\u00e3\"}]},{\"@type\":\"WebSite\",\"@id\":\"https:\/\/alternactiva.co.mz\/#website\",\"url\":\"https:\/\/alternactiva.co.mz\/\",\"name\":\"Alternactiva\",\"description\":\"\",\"publisher\":{\"@id\":\"https:\/\/alternactiva.co.mz\/#organization\"},\"potentialAction\":[{\"@type\":\"SearchAction\",\"target\":{\"@type\":\"EntryPoint\",\"urlTemplate\":\"https:\/\/alternactiva.co.mz\/?s={search_term_string}\"},\"query-input\":{\"@type\":\"PropertyValueSpecification\",\"valueRequired\":true,\"valueName\":\"search_term_string\"}}],\"inLanguage\":\"en-GB\"},{\"@type\":\"Organization\",\"@id\":\"https:\/\/alternactiva.co.mz\/#organization\",\"name\":\"Alternactiva\",\"url\":\"https:\/\/alternactiva.co.mz\/\",\"logo\":{\"@type\":\"ImageObject\",\"inLanguage\":\"en-GB\",\"@id\":\"https:\/\/alternactiva.co.mz\/#\/schema\/logo\/image\/\",\"url\":\"https:\/\/alternactiva.co.mz\/wp-content\/uploads\/2023\/05\/alternactiva-white.png\",\"contentUrl\":\"https:\/\/alternactiva.co.mz\/wp-content\/uploads\/2023\/05\/alternactiva-white.png\",\"width\":300,\"height\":171,\"caption\":\"Alternactiva\"},\"image\":{\"@id\":\"https:\/\/alternactiva.co.mz\/#\/schema\/logo\/image\/\"},\"sameAs\":[\"https:\/\/www.facebook.com\/Alternactiva-771376996531249\",\"https:\/\/x.com\/AlternactivaMZ\",\"https:\/\/www.instagram.com\/alternactivamoz\/\",\"https:\/\/www.youtube.com\/@alternactivaplataforma4685\"]}]}<\/script>\n<!-- \/ Yoast SEO plugin. -->","yoast_head_json":{"title":"Democracia e Participa\u00e7\u00e3o Cidad\u00e3 - Alternactiva","robots":{"index":"index","follow":"follow","max-snippet":"max-snippet:-1","max-image-preview":"max-image-preview:large","max-video-preview":"max-video-preview:-1"},"canonical":"https:\/\/alternactiva.co.mz\/en\/democracia-e-participacao-cidada\/","og_locale":"en_GB","og_type":"article","og_title":"Democracia e Participa\u00e7\u00e3o Cidad\u00e3 - Alternactiva","og_description":"Democracia e Participa\u00e7\u00e3o Cidad\u00e3 A participa\u00e7\u00e3o dos cidad\u00e3os \u00e9 uma pedra angular da democracia, uma vez que visa assegurar que os cidad\u00e3os participem activamente no processo de tomada de decis\u00f5es p\u00fablicas. A participa\u00e7\u00e3o democr\u00e1tica dos mo\u00e7ambicanos n\u00e3o pode limitar-se a eleger os seus representantes de tempos a tempos. Esta \u00e1rea de trabalho de ALTERNACTIVA \u00e9 [&hellip;]","og_url":"https:\/\/alternactiva.co.mz\/en\/democracia-e-participacao-cidada\/","og_site_name":"Alternactiva","article_publisher":"https:\/\/www.facebook.com\/Alternactiva-771376996531249","article_modified_time":"2023-09-08T10:59:12+00:00","twitter_card":"summary_large_image","twitter_site":"@AlternactivaMZ","twitter_misc":{"Estimated reading time":"1 minute"},"schema":{"@context":"https:\/\/schema.org","@graph":[{"@type":"WebPage","@id":"https:\/\/alternactiva.co.mz\/democracia-e-participacao-cidada\/","url":"https:\/\/alternactiva.co.mz\/democracia-e-participacao-cidada\/","name":"Democracia e Participa\u00e7\u00e3o Cidad\u00e3 - Alternactiva","isPartOf":{"@id":"https:\/\/alternactiva.co.mz\/#website"},"datePublished":"2023-06-05T06:58:45+00:00","dateModified":"2023-09-08T10:59:12+00:00","breadcrumb":{"@id":"https:\/\/alternactiva.co.mz\/democracia-e-participacao-cidada\/#breadcrumb"},"inLanguage":"en-GB","potentialAction":[{"@type":"ReadAction","target":["https:\/\/alternactiva.co.mz\/democracia-e-participacao-cidada\/"]}]},{"@type":"BreadcrumbList","@id":"https:\/\/alternactiva.co.mz\/democracia-e-participacao-cidada\/#breadcrumb","itemListElement":[{"@type":"ListItem","position":1,"name":"Home","item":"https:\/\/alternactiva.co.mz\/"},{"@type":"ListItem","position":2,"name":"Democracia e Participa\u00e7\u00e3o Cidad\u00e3"}]},{"@type":"WebSite","@id":"https:\/\/alternactiva.co.mz\/#website","url":"https:\/\/alternactiva.co.mz\/","name":"Alternactiva","description":"","publisher":{"@id":"https:\/\/alternactiva.co.mz\/#organization"},"potentialAction":[{"@type":"SearchAction","target":{"@type":"EntryPoint","urlTemplate":"https:\/\/alternactiva.co.mz\/?s={search_term_string}"},"query-input":{"@type":"PropertyValueSpecification","valueRequired":true,"valueName":"search_term_string"}}],"inLanguage":"en-GB"},{"@type":"Organization","@id":"https:\/\/alternactiva.co.mz\/#organization","name":"Alternactiva","url":"https:\/\/alternactiva.co.mz\/","logo":{"@type":"ImageObject","inLanguage":"en-GB","@id":"https:\/\/alternactiva.co.mz\/#\/schema\/logo\/image\/","url":"https:\/\/alternactiva.co.mz\/wp-content\/uploads\/2023\/05\/alternactiva-white.png","contentUrl":"https:\/\/alternactiva.co.mz\/wp-content\/uploads\/2023\/05\/alternactiva-white.png","width":300,"height":171,"caption":"Alternactiva"},"image":{"@id":"https:\/\/alternactiva.co.mz\/#\/schema\/logo\/image\/"},"sameAs":["https:\/\/www.facebook.com\/Alternactiva-771376996531249","https:\/\/x.com\/AlternactivaMZ","https:\/\/www.instagram.com\/alternactivamoz\/","https:\/\/www.youtube.com\/@alternactivaplataforma4685"]}]}},"_links":{"self":[{"href":"https:\/\/alternactiva.co.mz\/en\/wp-json\/wp\/v2\/pages\/1559","targetHints":{"allow":["GET"]}}],"collection":[{"href":"https:\/\/alternactiva.co.mz\/en\/wp-json\/wp\/v2\/pages"}],"about":[{"href":"https:\/\/alternactiva.co.mz\/en\/wp-json\/wp\/v2\/types\/page"}],"author":[{"embeddable":true,"href":"https:\/\/alternactiva.co.mz\/en\/wp-json\/wp\/v2\/users\/1"}],"replies":[{"embeddable":true,"href":"https:\/\/alternactiva.co.mz\/en\/wp-json\/wp\/v2\/comments?post=1559"}],"version-history":[{"count":61,"href":"https:\/\/alternactiva.co.mz\/en\/wp-json\/wp\/v2\/pages\/1559\/revisions"}],"predecessor-version":[{"id":2629,"href":"https:\/\/alternactiva.co.mz\/en\/wp-json\/wp\/v2\/pages\/1559\/revisions\/2629"}],"wp:attachment":[{"href":"https:\/\/alternactiva.co.mz\/en\/wp-json\/wp\/v2\/media?parent=1559"}],"curies":[{"name":"wp","href":"https:\/\/api.w.org\/{rel}","templated":true}]}}