{"id":1601,"date":"2023-06-05T07:09:15","date_gmt":"2023-06-05T07:09:15","guid":{"rendered":"http:\/\/alternactiva.co.mz\/democracia-e-participacao-cidada-copy\/"},"modified":"2023-09-08T13:09:03","modified_gmt":"2023-09-08T13:09:03","slug":"justica-agraria-e-climatica","status":"publish","type":"page","link":"https:\/\/alternactiva.co.mz\/en\/justica-agraria-e-climatica\/","title":{"rendered":"Agrarian and Climate Justice"},"content":{"rendered":"<div data-elementor-type=\"wp-page\" data-elementor-id=\"1601\" class=\"elementor elementor-1601\">\n\t\t\t\t\t\t\t\t\t<section class=\"elementor-section elementor-top-section elementor-element elementor-element-87f6865 elementor-section-boxed elementor-section-height-default elementor-section-height-default\" data-id=\"87f6865\" data-element_type=\"section\">\n\t\t\t\t\t\t<div class=\"elementor-container elementor-column-gap-default\">\n\t\t\t\t\t<div class=\"elementor-column elementor-col-50 elementor-top-column elementor-element elementor-element-dbab046\" data-id=\"dbab046\" data-element_type=\"column\">\n\t\t\t<div class=\"elementor-widget-wrap elementor-element-populated\">\n\t\t\t\t\t\t\t\t<div class=\"elementor-element elementor-element-79cff24 elementor-widget elementor-widget-heading\" data-id=\"79cff24\" data-element_type=\"widget\" data-widget_type=\"heading.default\">\n\t\t\t\t<div class=\"elementor-widget-container\">\n\t\t\t<style>\/*! elementor - v3.16.0 - 13-09-2023 *\/\n.elementor-heading-title{padding:0;margin:0;line-height:1}.elementor-widget-heading .elementor-heading-title[class*=elementor-size-]>a{color:inherit;font-size:inherit;line-height:inherit}.elementor-widget-heading .elementor-heading-title.elementor-size-small{font-size:15px}.elementor-widget-heading .elementor-heading-title.elementor-size-medium{font-size:19px}.elementor-widget-heading .elementor-heading-title.elementor-size-large{font-size:29px}.elementor-widget-heading .elementor-heading-title.elementor-size-xl{font-size:39px}.elementor-widget-heading .elementor-heading-title.elementor-size-xxl{font-size:59px}<\/style><h2 class=\"elementor-heading-title elementor-size-default\">Agrarian and Climate Justice<\/h2>\t\t<\/div>\n\t\t\t\t<\/div>\n\t\t\t\t<div class=\"elementor-element elementor-element-92e6fe0 elementor-widget elementor-widget-text-editor\" data-id=\"92e6fe0\" data-element_type=\"widget\" data-widget_type=\"text-editor.default\">\n\t\t\t\t<div class=\"elementor-widget-container\">\n\t\t\t<style>\/*! elementor - v3.16.0 - 13-09-2023 *\/\n.elementor-widget-text-editor.elementor-drop-cap-view-stacked .elementor-drop-cap{background-color:#69727d;color:#fff}.elementor-widget-text-editor.elementor-drop-cap-view-framed .elementor-drop-cap{color:#69727d;border:3px solid;background-color:transparent}.elementor-widget-text-editor:not(.elementor-drop-cap-view-default) .elementor-drop-cap{margin-top:8px}.elementor-widget-text-editor:not(.elementor-drop-cap-view-default) .elementor-drop-cap-letter{width:1em;height:1em}.elementor-widget-text-editor .elementor-drop-cap{float:left;text-align:center;line-height:1;font-size:50px}.elementor-widget-text-editor .elementor-drop-cap-letter{display:inline-block}<\/style>\t\t\t\t<p>Despite a gradual decline in the share of labor in agriculture, two thirds of the economically active population in Mozambique are family farmers. Although the majority live in rural areas, almost a quarter of the economically active population in urban centers also describes themselves as peasants (Castel-Branco, 2022). The country has suffered rampant deindustrialization in recent decades and the boom in the so-called extractive 'industry' employs only a small part of the population, mainly because none of these extracted mineral resources are processed and transformed in the country. It is also known that Mozambique is one of the countries in the world that suffers most from the consequences and impacts of climate change. We have been witnessing increasingly frequent and intense extreme weather phenomena. One of the most significant impacts of climate change in Mozambique and Southern Africa is related to food security. The region is particularly vulnerable to droughts, which lead to crop failures, water shortages and livestock deaths.<\/p><p>ALTERNACTIVA is committed to working towards agrarian and climate justice, which essentially translates into a fight for the rights of small farmers to access to land, agricultural inputs and adequate public policies in favor of the poor, so that they can achieve their sovereignty feed and adapt better to the climate changes that are devastating Mozambique and especially rural and peri-urban agricultural lands. See our work ( <a href=\"http:\/\/alternactiva.co.mz\/en\/justicaclimatica\/\" style=\"background-color: rgb(255, 255, 255);\">http:\/\/alternactiva.co.mz\/justicaclimatica<\/a>).<\/p>\t\t\t\t\t\t<\/div>\n\t\t\t\t<\/div>\n\t\t\t\t\t<\/div>\n\t\t<\/div>\n\t\t\t\t<div class=\"elementor-column elementor-col-50 elementor-top-column elementor-element elementor-element-9642955\" data-id=\"9642955\" data-element_type=\"column\" data-settings=\"{&quot;background_background&quot;:&quot;classic&quot;}\">\n\t\t\t<div class=\"elementor-widget-wrap\">\n\t\t\t\t\t\t\t\t\t<\/div>\n\t\t<\/div>\n\t\t\t\t\t\t\t<\/div>\n\t\t<\/section>\n\t\t\t\t\t\t\t<\/div>","protected":false},"excerpt":{"rendered":"<p>Justi\u00e7a Agr\u00e1ria e Clim\u00e1tica Apesar de um decl\u00ednio gradual da parte da m\u00e3o-de-obra na agricultura, dois ter\u00e7os da popula\u00e7\u00e3o economicamente activa em Mo\u00e7ambique s\u00e3o agricultores do sector familiar. Embora a maioria viva em zonas rurais, quase um quarto da popula\u00e7\u00e3o economicamente activa nos centros urbanos tamb\u00e9m se descreve como camponesa (Castel-Branco, 2022). O pa\u00eds sofreu [&hellip;]<\/p>","protected":false},"author":1,"featured_media":0,"parent":0,"menu_order":0,"comment_status":"closed","ping_status":"closed","template":"","meta":{"footnotes":""},"class_list":["post-1601","page","type-page","status-publish","hentry"],"yoast_head":"<!-- This site is optimized with the Yoast SEO plugin v24.0 - https:\/\/yoast.com\/wordpress\/plugins\/seo\/ -->\n<title>Justi\u00e7a Agr\u00e1ria e Clim\u00e1tica - Alternactiva<\/title>\n<meta name=\"robots\" content=\"index, follow, max-snippet:-1, max-image-preview:large, max-video-preview:-1\" \/>\n<link rel=\"canonical\" href=\"https:\/\/alternactiva.co.mz\/en\/justica-agraria-e-climatica\/\" \/>\n<meta property=\"og:locale\" content=\"en_GB\" \/>\n<meta property=\"og:type\" content=\"article\" \/>\n<meta property=\"og:title\" content=\"Justi\u00e7a Agr\u00e1ria e Clim\u00e1tica - Alternactiva\" \/>\n<meta property=\"og:description\" content=\"Justi\u00e7a Agr\u00e1ria e Clim\u00e1tica Apesar de um decl\u00ednio gradual da parte da m\u00e3o-de-obra na agricultura, dois ter\u00e7os da popula\u00e7\u00e3o economicamente activa em Mo\u00e7ambique s\u00e3o agricultores do sector familiar. Embora a maioria viva em zonas rurais, quase um quarto da popula\u00e7\u00e3o economicamente activa nos centros urbanos tamb\u00e9m se descreve como camponesa (Castel-Branco, 2022). O pa\u00eds sofreu [&hellip;]\" \/>\n<meta property=\"og:url\" content=\"https:\/\/alternactiva.co.mz\/en\/justica-agraria-e-climatica\/\" \/>\n<meta property=\"og:site_name\" content=\"Alternactiva\" \/>\n<meta property=\"article:publisher\" content=\"https:\/\/www.facebook.com\/Alternactiva-771376996531249\" \/>\n<meta property=\"article:modified_time\" content=\"2023-09-08T13:09:03+00:00\" \/>\n<meta name=\"twitter:card\" content=\"summary_large_image\" \/>\n<meta name=\"twitter:site\" content=\"@AlternactivaMZ\" \/>\n<meta name=\"twitter:label1\" content=\"Estimated reading time\" \/>\n\t<meta name=\"twitter:data1\" content=\"2 minutes\" \/>\n<script type=\"application\/ld+json\" class=\"yoast-schema-graph\">{\"@context\":\"https:\/\/schema.org\",\"@graph\":[{\"@type\":\"WebPage\",\"@id\":\"https:\/\/alternactiva.co.mz\/justica-agraria-e-climatica\/\",\"url\":\"https:\/\/alternactiva.co.mz\/justica-agraria-e-climatica\/\",\"name\":\"Justi\u00e7a Agr\u00e1ria e Clim\u00e1tica - Alternactiva\",\"isPartOf\":{\"@id\":\"https:\/\/alternactiva.co.mz\/#website\"},\"datePublished\":\"2023-06-05T07:09:15+00:00\",\"dateModified\":\"2023-09-08T13:09:03+00:00\",\"breadcrumb\":{\"@id\":\"https:\/\/alternactiva.co.mz\/justica-agraria-e-climatica\/#breadcrumb\"},\"inLanguage\":\"en-GB\",\"potentialAction\":[{\"@type\":\"ReadAction\",\"target\":[\"https:\/\/alternactiva.co.mz\/justica-agraria-e-climatica\/\"]}]},{\"@type\":\"BreadcrumbList\",\"@id\":\"https:\/\/alternactiva.co.mz\/justica-agraria-e-climatica\/#breadcrumb\",\"itemListElement\":[{\"@type\":\"ListItem\",\"position\":1,\"name\":\"Home\",\"item\":\"https:\/\/alternactiva.co.mz\/\"},{\"@type\":\"ListItem\",\"position\":2,\"name\":\"Justi\u00e7a Agr\u00e1ria e Clim\u00e1tica\"}]},{\"@type\":\"WebSite\",\"@id\":\"https:\/\/alternactiva.co.mz\/#website\",\"url\":\"https:\/\/alternactiva.co.mz\/\",\"name\":\"Alternactiva\",\"description\":\"\",\"publisher\":{\"@id\":\"https:\/\/alternactiva.co.mz\/#organization\"},\"potentialAction\":[{\"@type\":\"SearchAction\",\"target\":{\"@type\":\"EntryPoint\",\"urlTemplate\":\"https:\/\/alternactiva.co.mz\/?s={search_term_string}\"},\"query-input\":{\"@type\":\"PropertyValueSpecification\",\"valueRequired\":true,\"valueName\":\"search_term_string\"}}],\"inLanguage\":\"en-GB\"},{\"@type\":\"Organization\",\"@id\":\"https:\/\/alternactiva.co.mz\/#organization\",\"name\":\"Alternactiva\",\"url\":\"https:\/\/alternactiva.co.mz\/\",\"logo\":{\"@type\":\"ImageObject\",\"inLanguage\":\"en-GB\",\"@id\":\"https:\/\/alternactiva.co.mz\/#\/schema\/logo\/image\/\",\"url\":\"https:\/\/alternactiva.co.mz\/wp-content\/uploads\/2023\/05\/alternactiva-white.png\",\"contentUrl\":\"https:\/\/alternactiva.co.mz\/wp-content\/uploads\/2023\/05\/alternactiva-white.png\",\"width\":300,\"height\":171,\"caption\":\"Alternactiva\"},\"image\":{\"@id\":\"https:\/\/alternactiva.co.mz\/#\/schema\/logo\/image\/\"},\"sameAs\":[\"https:\/\/www.facebook.com\/Alternactiva-771376996531249\",\"https:\/\/x.com\/AlternactivaMZ\",\"https:\/\/www.instagram.com\/alternactivamoz\/\",\"https:\/\/www.youtube.com\/@alternactivaplataforma4685\"]}]}<\/script>\n<!-- \/ Yoast SEO plugin. -->","yoast_head_json":{"title":"Justi\u00e7a Agr\u00e1ria e Clim\u00e1tica - Alternactiva","robots":{"index":"index","follow":"follow","max-snippet":"max-snippet:-1","max-image-preview":"max-image-preview:large","max-video-preview":"max-video-preview:-1"},"canonical":"https:\/\/alternactiva.co.mz\/en\/justica-agraria-e-climatica\/","og_locale":"en_GB","og_type":"article","og_title":"Justi\u00e7a Agr\u00e1ria e Clim\u00e1tica - Alternactiva","og_description":"Justi\u00e7a Agr\u00e1ria e Clim\u00e1tica Apesar de um decl\u00ednio gradual da parte da m\u00e3o-de-obra na agricultura, dois ter\u00e7os da popula\u00e7\u00e3o economicamente activa em Mo\u00e7ambique s\u00e3o agricultores do sector familiar. Embora a maioria viva em zonas rurais, quase um quarto da popula\u00e7\u00e3o economicamente activa nos centros urbanos tamb\u00e9m se descreve como camponesa (Castel-Branco, 2022). O pa\u00eds sofreu [&hellip;]","og_url":"https:\/\/alternactiva.co.mz\/en\/justica-agraria-e-climatica\/","og_site_name":"Alternactiva","article_publisher":"https:\/\/www.facebook.com\/Alternactiva-771376996531249","article_modified_time":"2023-09-08T13:09:03+00:00","twitter_card":"summary_large_image","twitter_site":"@AlternactivaMZ","twitter_misc":{"Estimated reading time":"2 minutes"},"schema":{"@context":"https:\/\/schema.org","@graph":[{"@type":"WebPage","@id":"https:\/\/alternactiva.co.mz\/justica-agraria-e-climatica\/","url":"https:\/\/alternactiva.co.mz\/justica-agraria-e-climatica\/","name":"Justi\u00e7a Agr\u00e1ria e Clim\u00e1tica - Alternactiva","isPartOf":{"@id":"https:\/\/alternactiva.co.mz\/#website"},"datePublished":"2023-06-05T07:09:15+00:00","dateModified":"2023-09-08T13:09:03+00:00","breadcrumb":{"@id":"https:\/\/alternactiva.co.mz\/justica-agraria-e-climatica\/#breadcrumb"},"inLanguage":"en-GB","potentialAction":[{"@type":"ReadAction","target":["https:\/\/alternactiva.co.mz\/justica-agraria-e-climatica\/"]}]},{"@type":"BreadcrumbList","@id":"https:\/\/alternactiva.co.mz\/justica-agraria-e-climatica\/#breadcrumb","itemListElement":[{"@type":"ListItem","position":1,"name":"Home","item":"https:\/\/alternactiva.co.mz\/"},{"@type":"ListItem","position":2,"name":"Justi\u00e7a Agr\u00e1ria e Clim\u00e1tica"}]},{"@type":"WebSite","@id":"https:\/\/alternactiva.co.mz\/#website","url":"https:\/\/alternactiva.co.mz\/","name":"Alternactiva","description":"","publisher":{"@id":"https:\/\/alternactiva.co.mz\/#organization"},"potentialAction":[{"@type":"SearchAction","target":{"@type":"EntryPoint","urlTemplate":"https:\/\/alternactiva.co.mz\/?s={search_term_string}"},"query-input":{"@type":"PropertyValueSpecification","valueRequired":true,"valueName":"search_term_string"}}],"inLanguage":"en-GB"},{"@type":"Organization","@id":"https:\/\/alternactiva.co.mz\/#organization","name":"Alternactiva","url":"https:\/\/alternactiva.co.mz\/","logo":{"@type":"ImageObject","inLanguage":"en-GB","@id":"https:\/\/alternactiva.co.mz\/#\/schema\/logo\/image\/","url":"https:\/\/alternactiva.co.mz\/wp-content\/uploads\/2023\/05\/alternactiva-white.png","contentUrl":"https:\/\/alternactiva.co.mz\/wp-content\/uploads\/2023\/05\/alternactiva-white.png","width":300,"height":171,"caption":"Alternactiva"},"image":{"@id":"https:\/\/alternactiva.co.mz\/#\/schema\/logo\/image\/"},"sameAs":["https:\/\/www.facebook.com\/Alternactiva-771376996531249","https:\/\/x.com\/AlternactivaMZ","https:\/\/www.instagram.com\/alternactivamoz\/","https:\/\/www.youtube.com\/@alternactivaplataforma4685"]}]}},"_links":{"self":[{"href":"https:\/\/alternactiva.co.mz\/en\/wp-json\/wp\/v2\/pages\/1601","targetHints":{"allow":["GET"]}}],"collection":[{"href":"https:\/\/alternactiva.co.mz\/en\/wp-json\/wp\/v2\/pages"}],"about":[{"href":"https:\/\/alternactiva.co.mz\/en\/wp-json\/wp\/v2\/types\/page"}],"author":[{"embeddable":true,"href":"https:\/\/alternactiva.co.mz\/en\/wp-json\/wp\/v2\/users\/1"}],"replies":[{"embeddable":true,"href":"https:\/\/alternactiva.co.mz\/en\/wp-json\/wp\/v2\/comments?post=1601"}],"version-history":[{"count":14,"href":"https:\/\/alternactiva.co.mz\/en\/wp-json\/wp\/v2\/pages\/1601\/revisions"}],"predecessor-version":[{"id":2916,"href":"https:\/\/alternactiva.co.mz\/en\/wp-json\/wp\/v2\/pages\/1601\/revisions\/2916"}],"wp:attachment":[{"href":"https:\/\/alternactiva.co.mz\/en\/wp-json\/wp\/v2\/media?parent=1601"}],"curies":[{"name":"wp","href":"https:\/\/api.w.org\/{rel}","templated":true}]}}