{"id":1617,"date":"2023-06-05T07:16:29","date_gmt":"2023-06-05T07:16:29","guid":{"rendered":"http:\/\/alternactiva.co.mz\/justica-agraria-e-climatica-copy\/"},"modified":"2023-09-08T13:12:13","modified_gmt":"2023-09-08T13:12:13","slug":"trabalho-e-proteccao-social","status":"publish","type":"page","link":"https:\/\/alternactiva.co.mz\/en\/trabalho-e-proteccao-social\/","title":{"rendered":"Labor and Social Protection"},"content":{"rendered":"<div data-elementor-type=\"wp-page\" data-elementor-id=\"1617\" class=\"elementor elementor-1617\">\n\t\t\t\t\t\t\t\t\t<section class=\"elementor-section elementor-top-section elementor-element elementor-element-87f6865 elementor-section-boxed elementor-section-height-default elementor-section-height-default\" data-id=\"87f6865\" data-element_type=\"section\">\n\t\t\t\t\t\t<div class=\"elementor-container elementor-column-gap-default\">\n\t\t\t\t\t<div class=\"elementor-column elementor-col-50 elementor-top-column elementor-element elementor-element-dbab046\" data-id=\"dbab046\" data-element_type=\"column\">\n\t\t\t<div class=\"elementor-widget-wrap elementor-element-populated\">\n\t\t\t\t\t\t\t\t<div class=\"elementor-element elementor-element-79cff24 elementor-widget elementor-widget-heading\" data-id=\"79cff24\" data-element_type=\"widget\" data-widget_type=\"heading.default\">\n\t\t\t\t<div class=\"elementor-widget-container\">\n\t\t\t<style>\/*! elementor - v3.16.0 - 13-09-2023 *\/\n.elementor-heading-title{padding:0;margin:0;line-height:1}.elementor-widget-heading .elementor-heading-title[class*=elementor-size-]>a{color:inherit;font-size:inherit;line-height:inherit}.elementor-widget-heading .elementor-heading-title.elementor-size-small{font-size:15px}.elementor-widget-heading .elementor-heading-title.elementor-size-medium{font-size:19px}.elementor-widget-heading .elementor-heading-title.elementor-size-large{font-size:29px}.elementor-widget-heading .elementor-heading-title.elementor-size-xl{font-size:39px}.elementor-widget-heading .elementor-heading-title.elementor-size-xxl{font-size:59px}<\/style><h2 class=\"elementor-heading-title elementor-size-default\">Labor and Social Protection<\/h2>\t\t<\/div>\n\t\t\t\t<\/div>\n\t\t\t\t<div class=\"elementor-element elementor-element-92e6fe0 elementor-widget elementor-widget-text-editor\" data-id=\"92e6fe0\" data-element_type=\"widget\" data-widget_type=\"text-editor.default\">\n\t\t\t\t<div class=\"elementor-widget-container\">\n\t\t\t<style>\/*! elementor - v3.16.0 - 13-09-2023 *\/\n.elementor-widget-text-editor.elementor-drop-cap-view-stacked .elementor-drop-cap{background-color:#69727d;color:#fff}.elementor-widget-text-editor.elementor-drop-cap-view-framed .elementor-drop-cap{color:#69727d;border:3px solid;background-color:transparent}.elementor-widget-text-editor:not(.elementor-drop-cap-view-default) .elementor-drop-cap{margin-top:8px}.elementor-widget-text-editor:not(.elementor-drop-cap-view-default) .elementor-drop-cap-letter{width:1em;height:1em}.elementor-widget-text-editor .elementor-drop-cap{float:left;text-align:center;line-height:1;font-size:50px}.elementor-widget-text-editor .elementor-drop-cap-letter{display:inline-block}<\/style>\t\t\t\t<p>Social protection is concerned with preventing, managing and overcoming situations that affect people's well-being, especially in contexts where opportunities for employment and income generation and means of subsistence are limited or non-existent.<\/p><p>Social protection plays a fundamental role in the development and well-being of countries, especially in developing countries like Mozambique. In these contexts, where poverty and inequality are major challenges, social protection is essential to reduce vulnerability and ensure that citizens have a decent standard of living.<\/p><p>ALTERNACTIVA researches and advocates for Mozambique to invest in robust and accessible social protection systems that can foster a more inclusive and sustainable society to promote equality, ensure social stability, stimulate human development and strengthen the resilience of communities, especially the most vulnerable .<\/p><p>See our study on the topic: <a style=\"background-color: #ffffff;\" href=\"https:\/\/www.iese.ac.mz\/wp-content\/uploads\/2022\/12\/Desafios22-online.pdf\">https:\/\/www.iese.ac.mz\/wp-content\/uploads\/2022\/12\/Desafios22-online.pdf<\/a><\/p>\t\t\t\t\t\t<\/div>\n\t\t\t\t<\/div>\n\t\t\t\t\t<\/div>\n\t\t<\/div>\n\t\t\t\t<div class=\"elementor-column elementor-col-50 elementor-top-column elementor-element elementor-element-9642955\" data-id=\"9642955\" data-element_type=\"column\" data-settings=\"{&quot;background_background&quot;:&quot;classic&quot;}\">\n\t\t\t<div class=\"elementor-widget-wrap\">\n\t\t\t\t\t\t\t\t\t<\/div>\n\t\t<\/div>\n\t\t\t\t\t\t\t<\/div>\n\t\t<\/section>\n\t\t\t\t\t\t\t<\/div>","protected":false},"excerpt":{"rendered":"<p>Trabalho e Protec\u00e7\u00e3o Social A protec\u00e7\u00e3o social preocupa-se com a preven\u00e7\u00e3o, gest\u00e3o e supera\u00e7\u00e3o de situa\u00e7\u00f5es que afectam o bem-estar das pessoas, especialmente em contextos onde as oportunidades de emprego e gera\u00e7\u00e3o de rendimentos e meios de subsist\u00eancia s\u00e3o limitados ou inexistentes. A protec\u00e7\u00e3o social desempenha um papel fundamental no desenvolvimento e bem-estar dos pa\u00edses, [&hellip;]<\/p>","protected":false},"author":1,"featured_media":0,"parent":0,"menu_order":0,"comment_status":"closed","ping_status":"closed","template":"","meta":{"footnotes":""},"class_list":["post-1617","page","type-page","status-publish","hentry"],"yoast_head":"<!-- This site is optimized with the Yoast SEO plugin v24.0 - https:\/\/yoast.com\/wordpress\/plugins\/seo\/ -->\n<title>Trabalho e Protec\u00e7\u00e3o Social - Alternactiva<\/title>\n<meta name=\"robots\" content=\"index, follow, max-snippet:-1, max-image-preview:large, max-video-preview:-1\" \/>\n<link rel=\"canonical\" href=\"https:\/\/alternactiva.co.mz\/en\/trabalho-e-proteccao-social\/\" \/>\n<meta property=\"og:locale\" content=\"en_GB\" \/>\n<meta property=\"og:type\" content=\"article\" \/>\n<meta property=\"og:title\" content=\"Trabalho e Protec\u00e7\u00e3o Social - Alternactiva\" \/>\n<meta property=\"og:description\" content=\"Trabalho e Protec\u00e7\u00e3o Social A protec\u00e7\u00e3o social preocupa-se com a preven\u00e7\u00e3o, gest\u00e3o e supera\u00e7\u00e3o de situa\u00e7\u00f5es que afectam o bem-estar das pessoas, especialmente em contextos onde as oportunidades de emprego e gera\u00e7\u00e3o de rendimentos e meios de subsist\u00eancia s\u00e3o limitados ou inexistentes. A protec\u00e7\u00e3o social desempenha um papel fundamental no desenvolvimento e bem-estar dos pa\u00edses, [&hellip;]\" \/>\n<meta property=\"og:url\" content=\"https:\/\/alternactiva.co.mz\/en\/trabalho-e-proteccao-social\/\" \/>\n<meta property=\"og:site_name\" content=\"Alternactiva\" \/>\n<meta property=\"article:publisher\" content=\"https:\/\/www.facebook.com\/Alternactiva-771376996531249\" \/>\n<meta property=\"article:modified_time\" content=\"2023-09-08T13:12:13+00:00\" \/>\n<meta name=\"twitter:card\" content=\"summary_large_image\" \/>\n<meta name=\"twitter:site\" content=\"@AlternactivaMZ\" \/>\n<meta name=\"twitter:label1\" content=\"Estimated reading time\" \/>\n\t<meta name=\"twitter:data1\" content=\"1 minute\" \/>\n<script type=\"application\/ld+json\" class=\"yoast-schema-graph\">{\"@context\":\"https:\/\/schema.org\",\"@graph\":[{\"@type\":\"WebPage\",\"@id\":\"https:\/\/alternactiva.co.mz\/trabalho-e-proteccao-social\/\",\"url\":\"https:\/\/alternactiva.co.mz\/trabalho-e-proteccao-social\/\",\"name\":\"Trabalho e Protec\u00e7\u00e3o Social - Alternactiva\",\"isPartOf\":{\"@id\":\"https:\/\/alternactiva.co.mz\/#website\"},\"datePublished\":\"2023-06-05T07:16:29+00:00\",\"dateModified\":\"2023-09-08T13:12:13+00:00\",\"breadcrumb\":{\"@id\":\"https:\/\/alternactiva.co.mz\/trabalho-e-proteccao-social\/#breadcrumb\"},\"inLanguage\":\"en-GB\",\"potentialAction\":[{\"@type\":\"ReadAction\",\"target\":[\"https:\/\/alternactiva.co.mz\/trabalho-e-proteccao-social\/\"]}]},{\"@type\":\"BreadcrumbList\",\"@id\":\"https:\/\/alternactiva.co.mz\/trabalho-e-proteccao-social\/#breadcrumb\",\"itemListElement\":[{\"@type\":\"ListItem\",\"position\":1,\"name\":\"Home\",\"item\":\"https:\/\/alternactiva.co.mz\/\"},{\"@type\":\"ListItem\",\"position\":2,\"name\":\"Trabalho e Protec\u00e7\u00e3o Social\"}]},{\"@type\":\"WebSite\",\"@id\":\"https:\/\/alternactiva.co.mz\/#website\",\"url\":\"https:\/\/alternactiva.co.mz\/\",\"name\":\"Alternactiva\",\"description\":\"\",\"publisher\":{\"@id\":\"https:\/\/alternactiva.co.mz\/#organization\"},\"potentialAction\":[{\"@type\":\"SearchAction\",\"target\":{\"@type\":\"EntryPoint\",\"urlTemplate\":\"https:\/\/alternactiva.co.mz\/?s={search_term_string}\"},\"query-input\":{\"@type\":\"PropertyValueSpecification\",\"valueRequired\":true,\"valueName\":\"search_term_string\"}}],\"inLanguage\":\"en-GB\"},{\"@type\":\"Organization\",\"@id\":\"https:\/\/alternactiva.co.mz\/#organization\",\"name\":\"Alternactiva\",\"url\":\"https:\/\/alternactiva.co.mz\/\",\"logo\":{\"@type\":\"ImageObject\",\"inLanguage\":\"en-GB\",\"@id\":\"https:\/\/alternactiva.co.mz\/#\/schema\/logo\/image\/\",\"url\":\"https:\/\/alternactiva.co.mz\/wp-content\/uploads\/2023\/05\/alternactiva-white.png\",\"contentUrl\":\"https:\/\/alternactiva.co.mz\/wp-content\/uploads\/2023\/05\/alternactiva-white.png\",\"width\":300,\"height\":171,\"caption\":\"Alternactiva\"},\"image\":{\"@id\":\"https:\/\/alternactiva.co.mz\/#\/schema\/logo\/image\/\"},\"sameAs\":[\"https:\/\/www.facebook.com\/Alternactiva-771376996531249\",\"https:\/\/x.com\/AlternactivaMZ\",\"https:\/\/www.instagram.com\/alternactivamoz\/\",\"https:\/\/www.youtube.com\/@alternactivaplataforma4685\"]}]}<\/script>\n<!-- \/ Yoast SEO plugin. -->","yoast_head_json":{"title":"Trabalho e Protec\u00e7\u00e3o Social - Alternactiva","robots":{"index":"index","follow":"follow","max-snippet":"max-snippet:-1","max-image-preview":"max-image-preview:large","max-video-preview":"max-video-preview:-1"},"canonical":"https:\/\/alternactiva.co.mz\/en\/trabalho-e-proteccao-social\/","og_locale":"en_GB","og_type":"article","og_title":"Trabalho e Protec\u00e7\u00e3o Social - Alternactiva","og_description":"Trabalho e Protec\u00e7\u00e3o Social A protec\u00e7\u00e3o social preocupa-se com a preven\u00e7\u00e3o, gest\u00e3o e supera\u00e7\u00e3o de situa\u00e7\u00f5es que afectam o bem-estar das pessoas, especialmente em contextos onde as oportunidades de emprego e gera\u00e7\u00e3o de rendimentos e meios de subsist\u00eancia s\u00e3o limitados ou inexistentes. A protec\u00e7\u00e3o social desempenha um papel fundamental no desenvolvimento e bem-estar dos pa\u00edses, [&hellip;]","og_url":"https:\/\/alternactiva.co.mz\/en\/trabalho-e-proteccao-social\/","og_site_name":"Alternactiva","article_publisher":"https:\/\/www.facebook.com\/Alternactiva-771376996531249","article_modified_time":"2023-09-08T13:12:13+00:00","twitter_card":"summary_large_image","twitter_site":"@AlternactivaMZ","twitter_misc":{"Estimated reading time":"1 minute"},"schema":{"@context":"https:\/\/schema.org","@graph":[{"@type":"WebPage","@id":"https:\/\/alternactiva.co.mz\/trabalho-e-proteccao-social\/","url":"https:\/\/alternactiva.co.mz\/trabalho-e-proteccao-social\/","name":"Trabalho e Protec\u00e7\u00e3o Social - Alternactiva","isPartOf":{"@id":"https:\/\/alternactiva.co.mz\/#website"},"datePublished":"2023-06-05T07:16:29+00:00","dateModified":"2023-09-08T13:12:13+00:00","breadcrumb":{"@id":"https:\/\/alternactiva.co.mz\/trabalho-e-proteccao-social\/#breadcrumb"},"inLanguage":"en-GB","potentialAction":[{"@type":"ReadAction","target":["https:\/\/alternactiva.co.mz\/trabalho-e-proteccao-social\/"]}]},{"@type":"BreadcrumbList","@id":"https:\/\/alternactiva.co.mz\/trabalho-e-proteccao-social\/#breadcrumb","itemListElement":[{"@type":"ListItem","position":1,"name":"Home","item":"https:\/\/alternactiva.co.mz\/"},{"@type":"ListItem","position":2,"name":"Trabalho e Protec\u00e7\u00e3o Social"}]},{"@type":"WebSite","@id":"https:\/\/alternactiva.co.mz\/#website","url":"https:\/\/alternactiva.co.mz\/","name":"Alternactiva","description":"","publisher":{"@id":"https:\/\/alternactiva.co.mz\/#organization"},"potentialAction":[{"@type":"SearchAction","target":{"@type":"EntryPoint","urlTemplate":"https:\/\/alternactiva.co.mz\/?s={search_term_string}"},"query-input":{"@type":"PropertyValueSpecification","valueRequired":true,"valueName":"search_term_string"}}],"inLanguage":"en-GB"},{"@type":"Organization","@id":"https:\/\/alternactiva.co.mz\/#organization","name":"Alternactiva","url":"https:\/\/alternactiva.co.mz\/","logo":{"@type":"ImageObject","inLanguage":"en-GB","@id":"https:\/\/alternactiva.co.mz\/#\/schema\/logo\/image\/","url":"https:\/\/alternactiva.co.mz\/wp-content\/uploads\/2023\/05\/alternactiva-white.png","contentUrl":"https:\/\/alternactiva.co.mz\/wp-content\/uploads\/2023\/05\/alternactiva-white.png","width":300,"height":171,"caption":"Alternactiva"},"image":{"@id":"https:\/\/alternactiva.co.mz\/#\/schema\/logo\/image\/"},"sameAs":["https:\/\/www.facebook.com\/Alternactiva-771376996531249","https:\/\/x.com\/AlternactivaMZ","https:\/\/www.instagram.com\/alternactivamoz\/","https:\/\/www.youtube.com\/@alternactivaplataforma4685"]}]}},"_links":{"self":[{"href":"https:\/\/alternactiva.co.mz\/en\/wp-json\/wp\/v2\/pages\/1617","targetHints":{"allow":["GET"]}}],"collection":[{"href":"https:\/\/alternactiva.co.mz\/en\/wp-json\/wp\/v2\/pages"}],"about":[{"href":"https:\/\/alternactiva.co.mz\/en\/wp-json\/wp\/v2\/types\/page"}],"author":[{"embeddable":true,"href":"https:\/\/alternactiva.co.mz\/en\/wp-json\/wp\/v2\/users\/1"}],"replies":[{"embeddable":true,"href":"https:\/\/alternactiva.co.mz\/en\/wp-json\/wp\/v2\/comments?post=1617"}],"version-history":[{"count":13,"href":"https:\/\/alternactiva.co.mz\/en\/wp-json\/wp\/v2\/pages\/1617\/revisions"}],"predecessor-version":[{"id":2690,"href":"https:\/\/alternactiva.co.mz\/en\/wp-json\/wp\/v2\/pages\/1617\/revisions\/2690"}],"wp:attachment":[{"href":"https:\/\/alternactiva.co.mz\/en\/wp-json\/wp\/v2\/media?parent=1617"}],"curies":[{"name":"wp","href":"https:\/\/api.w.org\/{rel}","templated":true}]}}