{"id":2602,"date":"2023-09-08T10:39:21","date_gmt":"2023-09-08T10:39:21","guid":{"rendered":"http:\/\/alternactiva.co.mz\/?page_id=2602"},"modified":"2023-09-08T10:40:24","modified_gmt":"2023-09-08T10:40:24","slug":"noticias","status":"publish","type":"page","link":"https:\/\/alternactiva.co.mz\/en\/noticias\/","title":{"rendered":"News"},"content":{"rendered":"<div data-elementor-type=\"wp-page\" data-elementor-id=\"2602\" class=\"elementor elementor-2602\">\n\t\t\t\t\t\t\t\t\t<section class=\"elementor-section elementor-top-section elementor-element elementor-element-cf58a50 elementor-section-boxed elementor-section-height-default elementor-section-height-default\" data-id=\"cf58a50\" data-element_type=\"section\">\n\t\t\t\t\t\t<div class=\"elementor-container elementor-column-gap-default\">\n\t\t\t\t\t<div class=\"elementor-column elementor-col-100 elementor-top-column elementor-element elementor-element-2023237\" data-id=\"2023237\" data-element_type=\"column\">\n\t\t\t<div class=\"elementor-widget-wrap elementor-element-populated\">\n\t\t\t\t\t\t\t\t<div class=\"elementor-element elementor-element-71c3293 elementor-widget elementor-widget-heading\" data-id=\"71c3293\" data-element_type=\"widget\" data-widget_type=\"heading.default\">\n\t\t\t\t<div class=\"elementor-widget-container\">\n\t\t\t<style>\/*! elementor - v3.16.0 - 13-09-2023 *\/\n.elementor-heading-title{padding:0;margin:0;line-height:1}.elementor-widget-heading .elementor-heading-title[class*=elementor-size-]>a{color:inherit;font-size:inherit;line-height:inherit}.elementor-widget-heading .elementor-heading-title.elementor-size-small{font-size:15px}.elementor-widget-heading .elementor-heading-title.elementor-size-medium{font-size:19px}.elementor-widget-heading .elementor-heading-title.elementor-size-large{font-size:29px}.elementor-widget-heading .elementor-heading-title.elementor-size-xl{font-size:39px}.elementor-widget-heading .elementor-heading-title.elementor-size-xxl{font-size:59px}<\/style><h2 class=\"elementor-heading-title elementor-size-default\">News<\/h2>\t\t<\/div>\n\t\t\t\t<\/div>\n\t\t\t\t<div class=\"elementor-element elementor-element-87bf39a bloglist elementor-grid-eael-col-4 elementor-grid-tablet-eael-col-2 elementor-grid-mobile-eael-col-1 elementor-widget elementor-widget-eael-post-grid\" data-id=\"87bf39a\" data-element_type=\"widget\" data-settings=\"{&quot;eael_post_grid_columns&quot;:&quot;eael-col-4&quot;,&quot;eael_post_grid_columns_tablet&quot;:&quot;eael-col-2&quot;,&quot;eael_post_grid_columns_mobile&quot;:&quot;eael-col-1&quot;}\" data-widget_type=\"eael-post-grid.default\">\n\t\t\t\t<div class=\"elementor-widget-container\">\n\t\t\t<div id=\"eael-post-grid-87bf39a\" class=\"eael-post-grid-container\">\n            <div class=\"eael-post-grid eael-post-appender eael-post-appender-87bf39a eael-post-grid-style-one\" data-layout-mode=\"grid\"><article class=\"eael-grid-post eael-post-grid-column\" data-id=\"2846\">\n        <div class=\"eael-grid-post-holder\">\n            <div class=\"eael-grid-post-holder-inner\"><div class=\"eael-entry-media\"><div class=\"eael-entry-overlay fade-in\"><i class=\"fas fa-plus\" aria-hidden=\"true\"><\/i><a href=\"https:\/\/alternactiva.co.mz\/en\/projecto-controverso-de-areias-pesadas-denunciado-por-alternactiva-e-chumbado-pelo-ministerio-de-terra-e-ambiente\/\"><\/a><\/div><div class=\"eael-entry-thumbnail eael-image-ratio\">\n                <img loading=\"lazy\" decoding=\"async\" width=\"300\" height=\"226\" src=\"https:\/\/alternactiva.co.mz\/wp-content\/uploads\/2024\/07\/Imagem-do-WhatsApp-de-2024-07-18-as-17.55.39_ed463d51-1-300x226.jpg\" class=\"attachment-medium size-medium wp-image-2839\" alt=\"\" srcset=\"https:\/\/alternactiva.co.mz\/wp-content\/uploads\/2024\/07\/Imagem-do-WhatsApp-de-2024-07-18-as-17.55.39_ed463d51-1-300x226.jpg 300w, https:\/\/alternactiva.co.mz\/wp-content\/uploads\/2024\/07\/Imagem-do-WhatsApp-de-2024-07-18-as-17.55.39_ed463d51-1-1024x771.jpg 1024w, https:\/\/alternactiva.co.mz\/wp-content\/uploads\/2024\/07\/Imagem-do-WhatsApp-de-2024-07-18-as-17.55.39_ed463d51-1-768x578.jpg 768w, https:\/\/alternactiva.co.mz\/wp-content\/uploads\/2024\/07\/Imagem-do-WhatsApp-de-2024-07-18-as-17.55.39_ed463d51-1-1536x1156.jpg 1536w, https:\/\/alternactiva.co.mz\/wp-content\/uploads\/2024\/07\/Imagem-do-WhatsApp-de-2024-07-18-as-17.55.39_ed463d51-1-16x12.jpg 16w, https:\/\/alternactiva.co.mz\/wp-content\/uploads\/2024\/07\/Imagem-do-WhatsApp-de-2024-07-18-as-17.55.39_ed463d51-1.jpg 1600w\" sizes=\"auto, (max-width: 300px) 100vw, 300px\" \/>\n            <\/div>\n        <\/div><div class=\"eael-entry-wrapper\"><header class=\"eael-entry-header\"><h2 class=\"eael-entry-title\"><a\n                        class=\"eael-grid-post-link\"\n                        href=\"https:\/\/alternactiva.co.mz\/en\/projecto-controverso-de-areias-pesadas-denunciado-por-alternactiva-e-chumbado-pelo-ministerio-de-terra-e-ambiente\/\"\n                        title=\"Projecto controverso de areias pesadas denunciado por Alternactiva \u00e9 chumbado pelo Minist\u00e9rio de Terra e Ambiente\">Projecto controverso de areias pesadas denunciado por Alternactiva \u00e9 chumbado pelo Minist\u00e9rio de Terra e Ambiente<\/a><\/h2><\/header><\/div><\/div>\n        <\/div>\n    <\/article><article class=\"eael-grid-post eael-post-grid-column\" data-id=\"2837\">\n        <div class=\"eael-grid-post-holder\">\n            <div class=\"eael-grid-post-holder-inner\"><div class=\"eael-entry-media\"><div class=\"eael-entry-overlay fade-in\"><i class=\"fas fa-plus\" aria-hidden=\"true\"><\/i><a href=\"https:\/\/alternactiva.co.mz\/en\/concessao-controversa-para-mineracao-de-areias-pesadas-na-zambezia\/\"><\/a><\/div><div class=\"eael-entry-thumbnail eael-image-ratio\">\n                <img loading=\"lazy\" decoding=\"async\" width=\"300\" height=\"192\" src=\"https:\/\/alternactiva.co.mz\/wp-content\/uploads\/2024\/07\/Imagem-do-WhatsApp-de-2024-07-18-as-17.54.55_50209a20-300x192.jpg\" class=\"attachment-medium size-medium wp-image-2840\" alt=\"Foto: https:\/\/diarioeconomico.co.mz\/\" srcset=\"https:\/\/alternactiva.co.mz\/wp-content\/uploads\/2024\/07\/Imagem-do-WhatsApp-de-2024-07-18-as-17.54.55_50209a20-300x192.jpg 300w, https:\/\/alternactiva.co.mz\/wp-content\/uploads\/2024\/07\/Imagem-do-WhatsApp-de-2024-07-18-as-17.54.55_50209a20-1024x656.jpg 1024w, https:\/\/alternactiva.co.mz\/wp-content\/uploads\/2024\/07\/Imagem-do-WhatsApp-de-2024-07-18-as-17.54.55_50209a20-768x492.jpg 768w, https:\/\/alternactiva.co.mz\/wp-content\/uploads\/2024\/07\/Imagem-do-WhatsApp-de-2024-07-18-as-17.54.55_50209a20-18x12.jpg 18w, https:\/\/alternactiva.co.mz\/wp-content\/uploads\/2024\/07\/Imagem-do-WhatsApp-de-2024-07-18-as-17.54.55_50209a20.jpg 1280w\" sizes=\"auto, (max-width: 300px) 100vw, 300px\" \/>\n            <\/div>\n        <\/div><div class=\"eael-entry-wrapper\"><header class=\"eael-entry-header\"><h2 class=\"eael-entry-title\"><a\n                        class=\"eael-grid-post-link\"\n                        href=\"https:\/\/alternactiva.co.mz\/en\/concessao-controversa-para-mineracao-de-areias-pesadas-na-zambezia\/\"\n                        title=\"Concess\u00e3o Controversa para Minera\u00e7\u00e3o de Areias Pesadas na Zamb\u00e9zia\">Concess\u00e3o Controversa para Minera\u00e7\u00e3o de Areias Pesadas na Zamb\u00e9zia<\/a><\/h2><\/header><\/div><\/div>\n        <\/div>\n    <\/article><\/div>\n            <div class=\"clearfix\"><\/div>\n        <\/div>\t\t<\/div>\n\t\t\t\t<\/div>\n\t\t\t\t\t<\/div>\n\t\t<\/div>\n\t\t\t\t\t\t\t<\/div>\n\t\t<\/section>\n\t\t\t\t\t\t\t<\/div>","protected":false},"excerpt":{"rendered":"<p>Not\u00edcias No posts found!<\/p>","protected":false},"author":1,"featured_media":0,"parent":0,"menu_order":0,"comment_status":"closed","ping_status":"closed","template":"","meta":{"footnotes":""},"class_list":["post-2602","page","type-page","status-publish","hentry"],"yoast_head":"<!-- This site is optimized with the Yoast SEO plugin v24.0 - https:\/\/yoast.com\/wordpress\/plugins\/seo\/ -->\n<title>Not\u00edcias - Alternactiva<\/title>\n<meta name=\"robots\" content=\"index, follow, max-snippet:-1, max-image-preview:large, max-video-preview:-1\" \/>\n<link rel=\"canonical\" href=\"https:\/\/alternactiva.co.mz\/en\/noticias\/\" \/>\n<meta property=\"og:locale\" content=\"en_GB\" \/>\n<meta property=\"og:type\" content=\"article\" \/>\n<meta property=\"og:title\" content=\"Not\u00edcias - Alternactiva\" \/>\n<meta property=\"og:description\" content=\"Not\u00edcias No posts found!\" \/>\n<meta property=\"og:url\" content=\"https:\/\/alternactiva.co.mz\/en\/noticias\/\" \/>\n<meta property=\"og:site_name\" content=\"Alternactiva\" \/>\n<meta property=\"article:publisher\" content=\"https:\/\/www.facebook.com\/Alternactiva-771376996531249\" \/>\n<meta property=\"article:modified_time\" content=\"2023-09-08T10:40:24+00:00\" \/>\n<meta name=\"twitter:card\" content=\"summary_large_image\" \/>\n<meta name=\"twitter:site\" content=\"@AlternactivaMZ\" \/>\n<meta name=\"twitter:label1\" content=\"Estimated reading time\" \/>\n\t<meta name=\"twitter:data1\" content=\"19 minutes\" \/>\n<script type=\"application\/ld+json\" class=\"yoast-schema-graph\">{\"@context\":\"https:\/\/schema.org\",\"@graph\":[{\"@type\":\"WebPage\",\"@id\":\"https:\/\/alternactiva.co.mz\/noticias\/\",\"url\":\"https:\/\/alternactiva.co.mz\/noticias\/\",\"name\":\"Not\u00edcias - Alternactiva\",\"isPartOf\":{\"@id\":\"https:\/\/alternactiva.co.mz\/#website\"},\"datePublished\":\"2023-09-08T10:39:21+00:00\",\"dateModified\":\"2023-09-08T10:40:24+00:00\",\"breadcrumb\":{\"@id\":\"https:\/\/alternactiva.co.mz\/noticias\/#breadcrumb\"},\"inLanguage\":\"en-GB\",\"potentialAction\":[{\"@type\":\"ReadAction\",\"target\":[\"https:\/\/alternactiva.co.mz\/noticias\/\"]}]},{\"@type\":\"BreadcrumbList\",\"@id\":\"https:\/\/alternactiva.co.mz\/noticias\/#breadcrumb\",\"itemListElement\":[{\"@type\":\"ListItem\",\"position\":1,\"name\":\"Home\",\"item\":\"https:\/\/alternactiva.co.mz\/\"},{\"@type\":\"ListItem\",\"position\":2,\"name\":\"Not\u00edcias\"}]},{\"@type\":\"WebSite\",\"@id\":\"https:\/\/alternactiva.co.mz\/#website\",\"url\":\"https:\/\/alternactiva.co.mz\/\",\"name\":\"Alternactiva\",\"description\":\"\",\"publisher\":{\"@id\":\"https:\/\/alternactiva.co.mz\/#organization\"},\"potentialAction\":[{\"@type\":\"SearchAction\",\"target\":{\"@type\":\"EntryPoint\",\"urlTemplate\":\"https:\/\/alternactiva.co.mz\/?s={search_term_string}\"},\"query-input\":{\"@type\":\"PropertyValueSpecification\",\"valueRequired\":true,\"valueName\":\"search_term_string\"}}],\"inLanguage\":\"en-GB\"},{\"@type\":\"Organization\",\"@id\":\"https:\/\/alternactiva.co.mz\/#organization\",\"name\":\"Alternactiva\",\"url\":\"https:\/\/alternactiva.co.mz\/\",\"logo\":{\"@type\":\"ImageObject\",\"inLanguage\":\"en-GB\",\"@id\":\"https:\/\/alternactiva.co.mz\/#\/schema\/logo\/image\/\",\"url\":\"https:\/\/alternactiva.co.mz\/wp-content\/uploads\/2023\/05\/alternactiva-white.png\",\"contentUrl\":\"https:\/\/alternactiva.co.mz\/wp-content\/uploads\/2023\/05\/alternactiva-white.png\",\"width\":300,\"height\":171,\"caption\":\"Alternactiva\"},\"image\":{\"@id\":\"https:\/\/alternactiva.co.mz\/#\/schema\/logo\/image\/\"},\"sameAs\":[\"https:\/\/www.facebook.com\/Alternactiva-771376996531249\",\"https:\/\/x.com\/AlternactivaMZ\",\"https:\/\/www.instagram.com\/alternactivamoz\/\",\"https:\/\/www.youtube.com\/@alternactivaplataforma4685\"]}]}<\/script>\n<!-- \/ Yoast SEO plugin. -->","yoast_head_json":{"title":"Not\u00edcias - Alternactiva","robots":{"index":"index","follow":"follow","max-snippet":"max-snippet:-1","max-image-preview":"max-image-preview:large","max-video-preview":"max-video-preview:-1"},"canonical":"https:\/\/alternactiva.co.mz\/en\/noticias\/","og_locale":"en_GB","og_type":"article","og_title":"Not\u00edcias - Alternactiva","og_description":"Not\u00edcias No posts found!","og_url":"https:\/\/alternactiva.co.mz\/en\/noticias\/","og_site_name":"Alternactiva","article_publisher":"https:\/\/www.facebook.com\/Alternactiva-771376996531249","article_modified_time":"2023-09-08T10:40:24+00:00","twitter_card":"summary_large_image","twitter_site":"@AlternactivaMZ","twitter_misc":{"Estimated reading time":"19 minutes"},"schema":{"@context":"https:\/\/schema.org","@graph":[{"@type":"WebPage","@id":"https:\/\/alternactiva.co.mz\/noticias\/","url":"https:\/\/alternactiva.co.mz\/noticias\/","name":"Not\u00edcias - Alternactiva","isPartOf":{"@id":"https:\/\/alternactiva.co.mz\/#website"},"datePublished":"2023-09-08T10:39:21+00:00","dateModified":"2023-09-08T10:40:24+00:00","breadcrumb":{"@id":"https:\/\/alternactiva.co.mz\/noticias\/#breadcrumb"},"inLanguage":"en-GB","potentialAction":[{"@type":"ReadAction","target":["https:\/\/alternactiva.co.mz\/noticias\/"]}]},{"@type":"BreadcrumbList","@id":"https:\/\/alternactiva.co.mz\/noticias\/#breadcrumb","itemListElement":[{"@type":"ListItem","position":1,"name":"Home","item":"https:\/\/alternactiva.co.mz\/"},{"@type":"ListItem","position":2,"name":"Not\u00edcias"}]},{"@type":"WebSite","@id":"https:\/\/alternactiva.co.mz\/#website","url":"https:\/\/alternactiva.co.mz\/","name":"Alternactiva","description":"","publisher":{"@id":"https:\/\/alternactiva.co.mz\/#organization"},"potentialAction":[{"@type":"SearchAction","target":{"@type":"EntryPoint","urlTemplate":"https:\/\/alternactiva.co.mz\/?s={search_term_string}"},"query-input":{"@type":"PropertyValueSpecification","valueRequired":true,"valueName":"search_term_string"}}],"inLanguage":"en-GB"},{"@type":"Organization","@id":"https:\/\/alternactiva.co.mz\/#organization","name":"Alternactiva","url":"https:\/\/alternactiva.co.mz\/","logo":{"@type":"ImageObject","inLanguage":"en-GB","@id":"https:\/\/alternactiva.co.mz\/#\/schema\/logo\/image\/","url":"https:\/\/alternactiva.co.mz\/wp-content\/uploads\/2023\/05\/alternactiva-white.png","contentUrl":"https:\/\/alternactiva.co.mz\/wp-content\/uploads\/2023\/05\/alternactiva-white.png","width":300,"height":171,"caption":"Alternactiva"},"image":{"@id":"https:\/\/alternactiva.co.mz\/#\/schema\/logo\/image\/"},"sameAs":["https:\/\/www.facebook.com\/Alternactiva-771376996531249","https:\/\/x.com\/AlternactivaMZ","https:\/\/www.instagram.com\/alternactivamoz\/","https:\/\/www.youtube.com\/@alternactivaplataforma4685"]}]}},"_links":{"self":[{"href":"https:\/\/alternactiva.co.mz\/en\/wp-json\/wp\/v2\/pages\/2602","targetHints":{"allow":["GET"]}}],"collection":[{"href":"https:\/\/alternactiva.co.mz\/en\/wp-json\/wp\/v2\/pages"}],"about":[{"href":"https:\/\/alternactiva.co.mz\/en\/wp-json\/wp\/v2\/types\/page"}],"author":[{"embeddable":true,"href":"https:\/\/alternactiva.co.mz\/en\/wp-json\/wp\/v2\/users\/1"}],"replies":[{"embeddable":true,"href":"https:\/\/alternactiva.co.mz\/en\/wp-json\/wp\/v2\/comments?post=2602"}],"version-history":[{"count":4,"href":"https:\/\/alternactiva.co.mz\/en\/wp-json\/wp\/v2\/pages\/2602\/revisions"}],"predecessor-version":[{"id":2606,"href":"https:\/\/alternactiva.co.mz\/en\/wp-json\/wp\/v2\/pages\/2602\/revisions\/2606"}],"wp:attachment":[{"href":"https:\/\/alternactiva.co.mz\/en\/wp-json\/wp\/v2\/media?parent=2602"}],"curies":[{"name":"wp","href":"https:\/\/api.w.org\/{rel}","templated":true}]}}