{"id":534,"date":"2022-08-22T06:03:08","date_gmt":"2022-08-22T06:03:08","guid":{"rendered":"http:\/\/alternactiva.co.mz\/justicaclimatica\/?page_id=534"},"modified":"2022-08-22T15:51:27","modified_gmt":"2022-08-22T15:51:27","slug":"mercado-de-carbono-e-os-seus-custos-sociais","status":"publish","type":"page","link":"https:\/\/alternactiva.co.mz\/justicaclimatica\/mercado-de-carbono-e-os-seus-custos-sociais\/","title":{"rendered":"Mercado de Carbono e os seus custos sociais"},"content":{"rendered":"\t\t<div data-elementor-type=\"wp-page\" data-elementor-id=\"534\" class=\"elementor elementor-534\">\n\t\t\t\t\t\t\t\t\t<section class=\"elementor-section elementor-top-section elementor-element elementor-element-3415865 elementor-section-full_width elementor-section-height-full elementor-section-height-default elementor-section-items-middle\" data-id=\"3415865\" data-element_type=\"section\" data-settings=\"{&quot;background_background&quot;:&quot;classic&quot;}\">\n\t\t\t\t\t\t<div class=\"elementor-container elementor-column-gap-default\">\n\t\t\t\t\t<div class=\"elementor-column elementor-col-100 elementor-top-column elementor-element elementor-element-0449c91\" data-id=\"0449c91\" data-element_type=\"column\">\n\t\t\t<div class=\"elementor-widget-wrap elementor-element-populated\">\n\t\t\t\t\t\t\t\t<div class=\"elementor-element elementor-element-529648c elementor-widget elementor-widget-heading\" data-id=\"529648c\" data-element_type=\"widget\" data-widget_type=\"heading.default\">\n\t\t\t\t<div class=\"elementor-widget-container\">\n\t\t\t<style>\/*! elementor - v3.7.0 - 08-08-2022 *\/\n.elementor-heading-title{padding:0;margin:0;line-height:1}.elementor-widget-heading .elementor-heading-title[class*=elementor-size-]>a{color:inherit;font-size:inherit;line-height:inherit}.elementor-widget-heading .elementor-heading-title.elementor-size-small{font-size:15px}.elementor-widget-heading .elementor-heading-title.elementor-size-medium{font-size:19px}.elementor-widget-heading .elementor-heading-title.elementor-size-large{font-size:29px}.elementor-widget-heading .elementor-heading-title.elementor-size-xl{font-size:39px}.elementor-widget-heading .elementor-heading-title.elementor-size-xxl{font-size:59px}<\/style><h2 class=\"elementor-heading-title elementor-size-default\">A emerg\u00eancia do mercado de carbono<br\/>e os seus custos sociais:<\/h2>\t\t<\/div>\n\t\t\t\t<\/div>\n\t\t\t\t<div class=\"elementor-element elementor-element-ff1db6b elementor-widget elementor-widget-heading\" data-id=\"ff1db6b\" data-element_type=\"widget\" data-widget_type=\"heading.default\">\n\t\t\t\t<div class=\"elementor-widget-container\">\n\t\t\t<h2 class=\"elementor-heading-title elementor-size-default\">A materializa\u00e7\u00e3o<br\/>de injusti\u00e7a clim\u00e1tica<br\/>em Mo\u00e7ambique <\/h2>\t\t<\/div>\n\t\t\t\t<\/div>\n\t\t\t\t\t<\/div>\n\t\t<\/div>\n\t\t\t\t\t\t\t<\/div>\n\t\t<\/section>\n\t\t\t\t<section class=\"elementor-section elementor-top-section elementor-element elementor-element-4e2acf3 elementor-section-boxed elementor-section-height-default elementor-section-height-default\" data-id=\"4e2acf3\" data-element_type=\"section\">\n\t\t\t\t\t\t<div class=\"elementor-container elementor-column-gap-default\">\n\t\t\t\t\t<div class=\"elementor-column elementor-col-100 elementor-top-column elementor-element elementor-element-61a8d15\" data-id=\"61a8d15\" data-element_type=\"column\">\n\t\t\t<div class=\"elementor-widget-wrap elementor-element-populated\">\n\t\t\t\t\t\t\t\t<div class=\"elementor-element elementor-element-b892e72 elementor-drop-cap-yes elementor-drop-cap-view-default elementor-widget elementor-widget-text-editor\" data-id=\"b892e72\" data-element_type=\"widget\" data-settings=\"{&quot;drop_cap&quot;:&quot;yes&quot;}\" data-widget_type=\"text-editor.default\">\n\t\t\t\t<div class=\"elementor-widget-container\">\n\t\t\t<style>\/*! elementor - v3.7.0 - 08-08-2022 *\/\n.elementor-widget-text-editor.elementor-drop-cap-view-stacked .elementor-drop-cap{background-color:#818a91;color:#fff}.elementor-widget-text-editor.elementor-drop-cap-view-framed .elementor-drop-cap{color:#818a91;border:3px solid;background-color:transparent}.elementor-widget-text-editor:not(.elementor-drop-cap-view-default) .elementor-drop-cap{margin-top:8px}.elementor-widget-text-editor:not(.elementor-drop-cap-view-default) .elementor-drop-cap-letter{width:1em;height:1em}.elementor-widget-text-editor .elementor-drop-cap{float:left;text-align:center;line-height:1;font-size:50px}.elementor-widget-text-editor .elementor-drop-cap-letter{display:inline-block}<\/style>\t\t\t\t<p>As estrat\u00e9gias de mitiga\u00e7\u00e3o e adapta\u00e7\u00e3o preveem a implementa\u00e7\u00e3o de v\u00e1rios projectos baseados na terra, nomeadamente o aumento e a consolida\u00e7\u00e3o das \u00e1reas de conserva\u00e7\u00e3o, aumento das planta\u00e7\u00f5es florestais como eucalipto ou pinheiros, produ\u00e7\u00e3o de culturas para biocombust\u00edveis em monocultura (incluindo para exporta\u00e7\u00e3o), mudan\u00e7as na forma como a popula\u00e7\u00e3o rural usa a terra (t\u00e9cnicas de agricultura do tipo \u201c<em>climate-smart<\/em>\u201d), entre outros.\u00a0<\/p>\t\t\t\t\t\t<\/div>\n\t\t\t\t<\/div>\n\t\t\t\t\t<\/div>\n\t\t<\/div>\n\t\t\t\t\t\t\t<\/div>\n\t\t<\/section>\n\t\t\t\t<section class=\"elementor-section elementor-top-section elementor-element elementor-element-07dae29 elementor-section-boxed elementor-section-height-default elementor-section-height-default\" data-id=\"07dae29\" data-element_type=\"section\" data-settings=\"{&quot;background_background&quot;:&quot;classic&quot;}\">\n\t\t\t\t\t\t<div class=\"elementor-container elementor-column-gap-default\">\n\t\t\t\t\t<div class=\"elementor-column elementor-col-100 elementor-top-column elementor-element elementor-element-0cf20bd\" data-id=\"0cf20bd\" data-element_type=\"column\">\n\t\t\t<div class=\"elementor-widget-wrap\">\n\t\t\t\t\t\t\t\t\t<\/div>\n\t\t<\/div>\n\t\t\t\t\t\t\t<\/div>\n\t\t<\/section>\n\t\t\t\t<section class=\"elementor-section elementor-top-section elementor-element elementor-element-2621a2e elementor-section-boxed elementor-section-height-default elementor-section-height-default\" data-id=\"2621a2e\" data-element_type=\"section\">\n\t\t\t\t\t\t<div class=\"elementor-container elementor-column-gap-default\">\n\t\t\t\t\t<div class=\"elementor-column elementor-col-100 elementor-top-column elementor-element elementor-element-f2ced76\" data-id=\"f2ced76\" data-element_type=\"column\">\n\t\t\t<div class=\"elementor-widget-wrap elementor-element-populated\">\n\t\t\t\t\t\t\t\t<div class=\"elementor-element elementor-element-3f33cbd elementor-widget elementor-widget-text-editor\" data-id=\"3f33cbd\" data-element_type=\"widget\" data-widget_type=\"text-editor.default\">\n\t\t\t\t<div class=\"elementor-widget-container\">\n\t\t\t\t\t\t\t<p>Existe, na realidade, um grande interesse econ\u00f3mico escondido por detr\u00e1s de interesses ambientais neste tipo de pol\u00edticas, geralmente n\u00e3o \u00e9 devida e previamente informado aos agregados familiares envolvidos em tais projectos, tal como \u00e9 o caso de Nhambita (entre outros casos, como por exemplo o caso da Reserva Nacional do Gil\u00e9 e implementa\u00e7\u00e3o de REDD+ de conserva\u00e7\u00e3o).\u00a0 No entanto, existem m\u00faltiplos actores que lucram com a venda de carbono, desde empresas de verifica\u00e7\u00e3o e medi\u00e7\u00e3o at\u00e9 aos compradores (que s\u00e3o geralmente os mais poluidores a n\u00edvel global).<\/p><p>Enquanto pa\u00edses com uma baixa pegada ambiental como \u00e9 o caso de Mo\u00e7ambique s\u00e3o obrigados a conservar e preservar a sua biodiversidade em nome da luta contra as mudan\u00e7as clim\u00e1ticas, outros pa\u00edses e ind\u00fastrias compram esses cr\u00e9ditos de carbono e continuam a industrializar, a poluir e a gerar riqueza com base na extra\u00e7\u00e3o e expropria\u00e7\u00e3o de direitos de emiss\u00e3o entre outros recursos ecol\u00f3gicos. Constitu\u00eddo por uma rela\u00e7\u00e3o assim\u00e9trica e injusta em que uns ganham e outros perdem em nome do ambiente, e os que perdem s\u00e3o exactamente os que menos polu\u00edram historicamente, portanto este extractivismo verde, est\u00e1 no centro do que \u00e9 a materializa\u00e7\u00e3o da injusti\u00e7a clim\u00e1tica verificada em Mo\u00e7ambique.<\/p>\t\t\t\t\t\t<\/div>\n\t\t\t\t<\/div>\n\t\t\t\t\t<\/div>\n\t\t<\/div>\n\t\t\t\t\t\t\t<\/div>\n\t\t<\/section>\n\t\t\t\t\t\t\t<\/div>\n\t\t","protected":false},"excerpt":{"rendered":"<p>A emerg\u00eancia do mercado de carbonoe os seus custos sociais: A materializa\u00e7\u00e3ode injusti\u00e7a clim\u00e1ticaem Mo\u00e7ambique As estrat\u00e9gias de mitiga\u00e7\u00e3o e adapta\u00e7\u00e3o preveem a implementa\u00e7\u00e3o de v\u00e1rios projectos baseados na terra, nomeadamente o aumento e a consolida\u00e7\u00e3o das \u00e1reas de conserva\u00e7\u00e3o, aumento das planta\u00e7\u00f5es florestais como eucalipto ou pinheiros, produ\u00e7\u00e3o de culturas para biocombust\u00edveis em monocultura [&hellip;]<\/p>\n","protected":false},"author":1,"featured_media":0,"parent":0,"menu_order":0,"comment_status":"closed","ping_status":"closed","template":"","meta":{"footnotes":""},"class_list":["post-534","page","type-page","status-publish","hentry"],"_links":{"self":[{"href":"https:\/\/alternactiva.co.mz\/justicaclimatica\/wp-json\/wp\/v2\/pages\/534","targetHints":{"allow":["GET"]}}],"collection":[{"href":"https:\/\/alternactiva.co.mz\/justicaclimatica\/wp-json\/wp\/v2\/pages"}],"about":[{"href":"https:\/\/alternactiva.co.mz\/justicaclimatica\/wp-json\/wp\/v2\/types\/page"}],"author":[{"embeddable":true,"href":"https:\/\/alternactiva.co.mz\/justicaclimatica\/wp-json\/wp\/v2\/users\/1"}],"replies":[{"embeddable":true,"href":"https:\/\/alternactiva.co.mz\/justicaclimatica\/wp-json\/wp\/v2\/comments?post=534"}],"version-history":[{"count":46,"href":"https:\/\/alternactiva.co.mz\/justicaclimatica\/wp-json\/wp\/v2\/pages\/534\/revisions"}],"predecessor-version":[{"id":912,"href":"https:\/\/alternactiva.co.mz\/justicaclimatica\/wp-json\/wp\/v2\/pages\/534\/revisions\/912"}],"wp:attachment":[{"href":"https:\/\/alternactiva.co.mz\/justicaclimatica\/wp-json\/wp\/v2\/media?parent=534"}],"curies":[{"name":"wp","href":"https:\/\/api.w.org\/{rel}","templated":true}]}}